{"id":1562,"date":"2024-02-28T16:55:21","date_gmt":"2024-02-28T15:55:21","guid":{"rendered":"https:\/\/www.portdelachaine.geek-tonic.dev\/camping-rosa-granitkueste\/"},"modified":"2024-04-25T15:23:45","modified_gmt":"2024-04-25T13:23:45","slug":"camping-rosa-granitkueste","status":"publish","type":"page","link":"https:\/\/portdelachaine.geek-tonic.dev\/de\/camping-rosa-granitkueste\/","title":{"rendered":"Rosa Granitk\u00fcste"},"content":{"rendered":"<section id=\"ls-section-block_6c371d382d2b1d38292a5d1bba33572c\" class=\"ls-section  page-one has-background has-color-4-background-color has-m-t m-t-0 has-m-b m-b-0 has-p-t p-t-14 has-p-b p-b-14\" >\r\n        <div class=\"container container--wide\">\r\n        \n\n<div class=\"wp-block-columns is-layout-flex wp-container-core-columns-is-layout-1 wp-block-columns-is-layout-flex\">\n<div class=\"wp-block-column animated fadeInLeft delay-100ms slow is-layout-flow wp-block-column-is-layout-flow\" style=\"flex-basis:45%\">\n<figure class=\"wp-block-image size-full\"><a href=\"https:\/\/www.portdelachaine.geek-tonic.dev\/wp-content\/uploads\/sites\/14\/2024\/02\/cote-granit-rose-camping-paimpol.webp\"><img decoding=\"async\" width=\"1200\" height=\"800\" src=\"https:\/\/www.portdelachaine.geek-tonic.dev\/wp-content\/uploads\/sites\/14\/2024\/02\/cote-granit-rose-camping-paimpol.webp\" alt=\"cote granit rose camping paimpol\" class=\"wp-image-939\" srcset=\"https:\/\/portdelachaine.geek-tonic.dev\/wp-content\/uploads\/sites\/14\/2024\/02\/cote-granit-rose-camping-paimpol.webp 1200w, https:\/\/portdelachaine.geek-tonic.dev\/wp-content\/uploads\/sites\/14\/2024\/02\/cote-granit-rose-camping-paimpol-300x200.webp 300w, https:\/\/portdelachaine.geek-tonic.dev\/wp-content\/uploads\/sites\/14\/2024\/02\/cote-granit-rose-camping-paimpol-1024x683.webp 1024w, https:\/\/portdelachaine.geek-tonic.dev\/wp-content\/uploads\/sites\/14\/2024\/02\/cote-granit-rose-camping-paimpol-768x512.webp 768w\" sizes=\"(max-width: 1200px) 100vw, 1200px\" \/><\/a><\/figure>\n<\/div>\n\n\n\n<div class=\"wp-block-column is-vertically-aligned-center animated fadeInRight slow is-layout-flow wp-block-column-is-layout-flow\" style=\"flex-basis:55%\">\n<h1 class=\"ls__heading wp-block-heading\">Entdecken Sie die C\u00f4te de Granit Rose<\/h1>\n\n\n\n<h2 class=\"ls__heading wp-block-heading\">Tourismus<\/h2>\n\n\n\n<p class=\"ls-paragraph\"><a href=\"https:\/\/www.cotesdarmor.com\/sites-incontournables\/ploumanach-et-la-cote-de-granit-rose\/\" target=\"_blank\" rel=\"noreferrer noopener\">Die C\u00f4te de Granit Rose<\/a> in der Bretagne ist ein au\u00dfergew\u00f6hnliches Urlaubsziel. Diese Region ist f\u00fcr ihre einzigartigen Felsformationen bekannt und bietet Besuchern ein atemberaubendes Erlebnis. Die K\u00fcstenwanderwege f\u00fchren Sie durch spektakul\u00e4re Felslandschaften, w\u00e4hrend die feinen Sandstr\u00e4nde zum Entspannen in der Sonne einladen.  <\/p>\n\n\n\n<p class=\"ls-paragraph\">Die malerischen D\u00f6rfer bieten einen Einblick in die authentische bretonische Kultur, mit k\u00f6stlicher K\u00fcche und handwerklichen Gesch\u00e4ften. F\u00fcr <strong>Wassersportler<\/strong> bietet die Rosa Granitk\u00fcste Aktivit\u00e4ten wie Segeln und Tauchen. Ob Sie nun ein Naturliebhaber, ein Outdoor-Abenteurer oder ein Kulturliebhaber sind, diese Region hat allen Besuchern etwas Au\u00dfergew\u00f6hnliches zu bieten.<\/p>\n<\/div>\n<\/div>\n\n\r\n    <\/div>\r\n<\/section><section id=\"ls-section-block_1e65e95961e2f9acf6648afc0a8750e7\" class=\"ls-section  home-gallery has-background has-color-4-background-color has-m-t m-t-0 has-p-t p-t-0\" >\r\n        <div class=\"container container--full\">\r\n        \n\n<figure class=\"wp-block-gallery has-nested-images columns-1 is-cropped galerie-slider-container wp-block-gallery-1 is-layout-flex wp-block-gallery-is-layout-flex\">\n<figure class=\"wp-block-image size-full\"><a href=\"https:\/\/www.portdelachaine.geek-tonic.dev\/wp-content\/uploads\/sites\/14\/2024\/02\/cote-granit-rose-tourisme-camping-paimpol.webp\"><img decoding=\"async\" width=\"1200\" height=\"800\" src=\"https:\/\/www.portdelachaine.geek-tonic.dev\/wp-content\/uploads\/sites\/14\/2024\/02\/cote-granit-rose-tourisme-camping-paimpol.webp\" alt=\"cote granit rose tourismus camping paimpol\" class=\"wp-image-998\" srcset=\"https:\/\/portdelachaine.geek-tonic.dev\/wp-content\/uploads\/sites\/14\/2024\/02\/cote-granit-rose-tourisme-camping-paimpol.webp 1200w, https:\/\/portdelachaine.geek-tonic.dev\/wp-content\/uploads\/sites\/14\/2024\/02\/cote-granit-rose-tourisme-camping-paimpol-300x200.webp 300w, https:\/\/portdelachaine.geek-tonic.dev\/wp-content\/uploads\/sites\/14\/2024\/02\/cote-granit-rose-tourisme-camping-paimpol-1024x683.webp 1024w, https:\/\/portdelachaine.geek-tonic.dev\/wp-content\/uploads\/sites\/14\/2024\/02\/cote-granit-rose-tourisme-camping-paimpol-768x512.webp 768w\" sizes=\"(max-width: 1200px) 100vw, 1200px\" \/><\/a><\/figure>\n\n\n\n<figure class=\"wp-block-image size-full\"><a href=\"https:\/\/www.portdelachaine.geek-tonic.dev\/wp-content\/uploads\/sites\/14\/2024\/02\/kayak-tourisme-treguier-camping-paimpol.webp\"><img decoding=\"async\" width=\"1200\" height=\"800\" src=\"https:\/\/www.portdelachaine.geek-tonic.dev\/wp-content\/uploads\/sites\/14\/2024\/02\/kayak-tourisme-treguier-camping-paimpol.webp\" alt=\"kayak tourismus treguier camping paimpol\" class=\"wp-image-968\" srcset=\"https:\/\/portdelachaine.geek-tonic.dev\/wp-content\/uploads\/sites\/14\/2024\/02\/kayak-tourisme-treguier-camping-paimpol.webp 1200w, https:\/\/portdelachaine.geek-tonic.dev\/wp-content\/uploads\/sites\/14\/2024\/02\/kayak-tourisme-treguier-camping-paimpol-300x200.webp 300w, https:\/\/portdelachaine.geek-tonic.dev\/wp-content\/uploads\/sites\/14\/2024\/02\/kayak-tourisme-treguier-camping-paimpol-1024x683.webp 1024w, https:\/\/portdelachaine.geek-tonic.dev\/wp-content\/uploads\/sites\/14\/2024\/02\/kayak-tourisme-treguier-camping-paimpol-768x512.webp 768w\" sizes=\"(max-width: 1200px) 100vw, 1200px\" \/><\/a><\/figure>\n\n\n\n<figure class=\"wp-block-image size-full\"><a href=\"https:\/\/www.portdelachaine.geek-tonic.dev\/wp-content\/uploads\/sites\/14\/2024\/02\/voile-tourisme-pleubian-camping-paimpol.webp\"><img decoding=\"async\" width=\"1200\" height=\"800\" src=\"https:\/\/www.portdelachaine.geek-tonic.dev\/wp-content\/uploads\/sites\/14\/2024\/02\/voile-tourisme-pleubian-camping-paimpol.webp\" alt=\"segeln tourismus pleubian camping paimpol\" class=\"wp-image-941\" srcset=\"https:\/\/portdelachaine.geek-tonic.dev\/wp-content\/uploads\/sites\/14\/2024\/02\/voile-tourisme-pleubian-camping-paimpol.webp 1200w, https:\/\/portdelachaine.geek-tonic.dev\/wp-content\/uploads\/sites\/14\/2024\/02\/voile-tourisme-pleubian-camping-paimpol-300x200.webp 300w, https:\/\/portdelachaine.geek-tonic.dev\/wp-content\/uploads\/sites\/14\/2024\/02\/voile-tourisme-pleubian-camping-paimpol-1024x683.webp 1024w, https:\/\/portdelachaine.geek-tonic.dev\/wp-content\/uploads\/sites\/14\/2024\/02\/voile-tourisme-pleubian-camping-paimpol-768x512.webp 768w\" sizes=\"(max-width: 1200px) 100vw, 1200px\" \/><\/a><\/figure>\n<\/figure>\n\n\r\n    <\/div>\r\n<\/section><section id=\"ls-section-block_f331398e49a554381e346ea6e31e0650\" class=\"ls-section  page-one aventure\" >\r\n        <div class=\"container container--wide\">\r\n        \n\n<div class=\"wp-block-columns is-layout-flex wp-container-core-columns-is-layout-2 wp-block-columns-is-layout-flex\">\n<div class=\"wp-block-column first animated fadeInLeft delay-100ms slow is-layout-flow wp-block-column-is-layout-flow\" style=\"flex-basis:45%\">\n<figure class=\"wp-block-image size-full\"><a href=\"https:\/\/www.portdelachaine.geek-tonic.dev\/wp-content\/uploads\/sites\/14\/2024\/02\/tourisme-cote-granit-rose-camping-paimpol.webp\"><img decoding=\"async\" width=\"1200\" height=\"800\" src=\"https:\/\/www.portdelachaine.geek-tonic.dev\/wp-content\/uploads\/sites\/14\/2024\/02\/tourisme-cote-granit-rose-camping-paimpol.webp\" alt=\"Tourismus rosa Granitk&#xFC;ste Campingplatz Paimpol\" class=\"wp-image-1000\" srcset=\"https:\/\/portdelachaine.geek-tonic.dev\/wp-content\/uploads\/sites\/14\/2024\/02\/tourisme-cote-granit-rose-camping-paimpol.webp 1200w, https:\/\/portdelachaine.geek-tonic.dev\/wp-content\/uploads\/sites\/14\/2024\/02\/tourisme-cote-granit-rose-camping-paimpol-300x200.webp 300w, https:\/\/portdelachaine.geek-tonic.dev\/wp-content\/uploads\/sites\/14\/2024\/02\/tourisme-cote-granit-rose-camping-paimpol-1024x683.webp 1024w, https:\/\/portdelachaine.geek-tonic.dev\/wp-content\/uploads\/sites\/14\/2024\/02\/tourisme-cote-granit-rose-camping-paimpol-768x512.webp 768w\" sizes=\"(max-width: 1200px) 100vw, 1200px\" \/><\/a><\/figure>\n<\/div>\n\n\n\n<div class=\"wp-block-column is-vertically-aligned-center second animated fadeInRight slow is-layout-flow wp-block-column-is-layout-flow\" style=\"flex-basis:55%\">\n<h2 class=\"ls__heading wp-block-heading has-text-align-left\">Sehensw\u00fcrdigkeiten und Aktivit\u00e4ten<\/h2>\n\n\n\n<p class=\"ls-paragraph\">Die Rosa Granitk\u00fcste in der Bretagne ist ein au\u00dfergew\u00f6hnliches Reiseziel, wo sich nat\u00fcrliche Sch\u00f6nheit mit kulturellem Reichtum vermischt. Die einzigartigen <strong>rosafarbenen Felsformationen<\/strong> sind ein Anblick, den Sie sich nicht entgehen lassen sollten. Hier k\u00f6nnen Sie die unglaublichen Felsformationen erkunden und dabei atemberaubende Ausblicke genie\u00dfen. Der Leuchtturm von Ploumanac&#8217;h mit seiner malerischen Lage auf einer Klippe bietet einen spektakul\u00e4ren Blick auf die K\u00fcste.<\/p>\n\n\n\n<div class=\"ls-lire-plus\">\n    <input id=\"ls-lire-plus-block_f256589c42a36e5bf8a942861b818c4569e890b8edf3e\" type=\"checkbox\" class=\"ls-lire-plus__toggle\"  \/>\n    <label for=\"ls-lire-plus-block_f256589c42a36e5bf8a942861b818c4569e890b8edf3e\" class=\"ls-lire-plus__toggle-label\">\n        <span>Lire plus<\/span>\n        <span>Lire moins<\/span>\n    <\/label>\n    <div class=\"ls-lire-plus__content\">\n        \n\n<p class=\"ls-paragraph\">F\u00fcr Outdoor-Fans bietet die Rosa Granitk\u00fcste eine Vielzahl von Aktivit\u00e4ten, von Wanderungen bis hin zu Wassersport. Sie k\u00f6nnen die Gegend zu Fu\u00df oder mit dem Fahrrad erkunden und dabei einsame Buchten und <strong>malerische Str\u00e4nde<\/strong> entdecken. Kajakausfl\u00fcge erm\u00f6glichen es Ihnen, sich auf das Wasser zu begeben und die K\u00fcste aus einem anderen Blickwinkel zu entdecken. Die feinen Sandstr\u00e4nde laden zum Entspannen, Schwimmen und Sandburgen bauen ein.<\/p>\n\n\n\n<p class=\"ls-paragraph\">Besuchen Sie auf jeden Fall die charmanten K\u00fcstend\u00f6rfer, wo Sie die bretonische K\u00fcche probieren, das lokale Kunsthandwerk entdecken und die maritime Kultur der Region kennen lernen k\u00f6nnen.<\/p>\n\n\n\n<p class=\"ls-paragraph\">Die Rosa Granitk\u00fcste ist ein Muss f\u00fcr alle, die nat\u00fcrliche Sch\u00f6nheit, Outdoor-Abenteuer und kulturelle Entdeckungen kombinieren m\u00f6chten. Planen Sie Ihre Reise, um das Beste aus dieser beeindruckenden Region zu machen. Erforschen Sie die rosafarbenen Felsen, entdecken Sie die <strong>K\u00fcstenpfade<\/strong>, genie\u00dfen Sie frische Meeresfr\u00fcchte und tauchen Sie ein in den Charme der Bretagne.<\/p>\n\n        <div class=\"ls-lire-plus__gradient\" style=\"background: linear-gradient(to bottom,rgba(255,255,255,0) 0%,rgba(255,255,255,1) 100%);\"><\/div>\n    <\/div>\n<\/div><\/div>\n<\/div>\n\n\r\n    <\/div>\r\n<\/section><section id=\"ls-section-block_bbf58d945fd27b26b124baa9c7f84560\" class=\"ls-section  page-maillage experience has-m-t m-t-0 has-p-t p-t-10\" >\r\n        <div class=\"container container--wide\">\r\n        \n\n<div id=\"ls-heading ls-titre-div-block_279ca64608f69b9996c1b44cb14736a8\" class=\"ls-titre-div aligncenter h2-like\" >\n    <strong>Entdecken Sie die<\/strong> Umgebung<\/div>\n\n\n<div id=\"ls-maillage-block_c1d1b2f46e6cce81241b3973d0cdeaa8\" class=\"ls-maillage cta-style-normal\" data-rows=\"3\">\n    <div class=\"wp-block-columns\"><div class=\"wp-block-column\"><div id=\"destinations\" class=\"ls-cta\">\n\n<a href=\"https:\/\/portdelachaine.geek-tonic.dev\/de\/saint-brieuc-campingplatz\/\" target=\"\" rel=\"noopener\" class=\"ls-cta__link\">\n\n\t<div class=\"ls-cta__image\"><img decoding=\"async\" src=\"https:\/\/portdelachaine.geek-tonic.dev\/wp-content\/uploads\/sites\/14\/2024\/02\/baie-saint-brieuc-camping-paimpol.webp\" alt=\"bay saint brieuc camping paimpol\"><\/div>\n\t<div class=\"ls-cta__title\">\n\t\tSaint Brieuc\t<\/div>\n\n\t\t\n<\/a><\/div><\/div><div class=\"wp-block-column\"><div id=\"destinations\" class=\"ls-cta\">\n\n<a href=\"https:\/\/portdelachaine.geek-tonic.dev\/de\/tourismus-pleubian\/\" target=\"\" rel=\"noopener\" class=\"ls-cta__link\">\n\n\t<div class=\"ls-cta__image\"><img decoding=\"async\" src=\"https:\/\/portdelachaine.geek-tonic.dev\/wp-content\/uploads\/sites\/14\/2024\/02\/sillon-de-talbert-pleubian-camping-paimpol.webp\" alt=\"sillon de talbert pleubian camping paimpol\"><\/div>\n\t<div class=\"ls-cta__title\">\n\t\tPleubian\t<\/div>\n\n\t\t\n<\/a><\/div><\/div><div class=\"wp-block-column\"><div id=\"destinations\" class=\"ls-cta\">\n\n<a href=\"https:\/\/portdelachaine.geek-tonic.dev\/de\/campingplatz-paimpol\/\" target=\"\" rel=\"noopener\" class=\"ls-cta__link\">\n\n\t<div class=\"ls-cta__image\"><img decoding=\"async\" src=\"https:\/\/portdelachaine.geek-tonic.dev\/wp-content\/uploads\/sites\/14\/2024\/02\/bateau-tourisme-camping-paimpol-1.webp\" alt=\"Boot Tourismus Campingplatz Paimpol\"><\/div>\n\t<div class=\"ls-cta__title\">\n\t\tPaimpol\t<\/div>\n\n\t\t\n<\/a><\/div><\/div><\/div><\/div>\n\r\n    <\/div>\r\n<\/section>","protected":false},"excerpt":{"rendered":"","protected":false},"author":1,"featured_media":1563,"parent":0,"menu_order":0,"comment_status":"closed","ping_status":"closed","template":"","meta":{"_acf_changed":false,"footnotes":""},"sujet":[],"class_list":["post-1562","page","type-page","status-publish","has-post-thumbnail","hentry"],"acf":[],"yoast_head":"<!-- This site is optimized with the Yoast SEO plugin v23.9 - https:\/\/yoast.com\/wordpress\/plugins\/seo\/ -->\n<title>Erkunden Sie die rosa Granitk\u00fcste w\u00e4hrend Ihres Campingurlaubs<\/title>\n<meta name=\"description\" content=\"Entdecken Sie die spektakul\u00e4re Felslandschaft und die feinen Sandstr\u00e4nde der ber\u00fchmten Rosa Granitk\u00fcste w\u00e4hrend Ihres Campingurlaubs.\" \/>\n<meta name=\"robots\" content=\"noindex, follow, max-snippet:-1, max-image-preview:large, max-video-preview:-1\" \/>\n<meta property=\"og:locale\" content=\"de_DE\" \/>\n<meta property=\"og:type\" content=\"article\" \/>\n<meta property=\"og:title\" content=\"Erkunden Sie die rosa Granitk\u00fcste w\u00e4hrend Ihres Campingurlaubs\" \/>\n<meta property=\"og:description\" content=\"Entdecken Sie die spektakul\u00e4re Felslandschaft und die feinen Sandstr\u00e4nde der ber\u00fchmten Rosa Granitk\u00fcste w\u00e4hrend Ihres Campingurlaubs.\" \/>\n<meta property=\"og:url\" content=\"https:\/\/portdelachaine.geek-tonic.dev\/de\/camping-rosa-granitkueste\/\" \/>\n<meta property=\"og:site_name\" content=\"Camping Le Port de la Cha\u00eene\" \/>\n<meta property=\"article:modified_time\" content=\"2024-04-25T13:23:45+00:00\" \/>\n<meta property=\"og:image\" content=\"https:\/\/portdelachaine.geek-tonic.dev\/wp-content\/uploads\/sites\/14\/2024\/02\/decouvrir-cote-granit-rose-camping-paimpol.webp\" \/>\n\t<meta property=\"og:image:width\" content=\"2000\" \/>\n\t<meta property=\"og:image:height\" content=\"1000\" \/>\n\t<meta property=\"og:image:type\" content=\"image\/webp\" \/>\n<meta name=\"twitter:card\" content=\"summary_large_image\" \/>\n<meta name=\"twitter:label1\" content=\"Gesch\u00e4tzte Lesezeit\" \/>\n\t<meta name=\"twitter:data1\" content=\"2\u00a0Minuten\" \/>\n<script type=\"application\/ld+json\" class=\"yoast-schema-graph\">{\"@context\":\"https:\/\/schema.org\",\"@graph\":[{\"@type\":\"WebPage\",\"@id\":\"https:\/\/portdelachaine.geek-tonic.dev\/de\/camping-rosa-granitkueste\/\",\"url\":\"https:\/\/portdelachaine.geek-tonic.dev\/de\/camping-rosa-granitkueste\/\",\"name\":\"Erkunden Sie die rosa Granitk\u00fcste w\u00e4hrend Ihres Campingurlaubs\",\"isPartOf\":{\"@id\":\"https:\/\/portdelachaine.geek-tonic.dev\/de\/#website\"},\"primaryImageOfPage\":{\"@id\":\"https:\/\/portdelachaine.geek-tonic.dev\/de\/camping-rosa-granitkueste\/#primaryimage\"},\"image\":{\"@id\":\"https:\/\/portdelachaine.geek-tonic.dev\/de\/camping-rosa-granitkueste\/#primaryimage\"},\"thumbnailUrl\":\"https:\/\/portdelachaine.geek-tonic.dev\/wp-content\/uploads\/sites\/14\/2024\/02\/decouvrir-cote-granit-rose-camping-paimpol.webp\",\"datePublished\":\"2024-02-28T15:55:21+00:00\",\"dateModified\":\"2024-04-25T13:23:45+00:00\",\"description\":\"Entdecken Sie die spektakul\u00e4re Felslandschaft und die feinen Sandstr\u00e4nde der ber\u00fchmten Rosa Granitk\u00fcste w\u00e4hrend Ihres Campingurlaubs.\",\"breadcrumb\":{\"@id\":\"https:\/\/portdelachaine.geek-tonic.dev\/de\/camping-rosa-granitkueste\/#breadcrumb\"},\"inLanguage\":\"de\",\"potentialAction\":[{\"@type\":\"ReadAction\",\"target\":[\"https:\/\/portdelachaine.geek-tonic.dev\/de\/camping-rosa-granitkueste\/\"]}]},{\"@type\":\"ImageObject\",\"inLanguage\":\"de\",\"@id\":\"https:\/\/portdelachaine.geek-tonic.dev\/de\/camping-rosa-granitkueste\/#primaryimage\",\"url\":\"https:\/\/portdelachaine.geek-tonic.dev\/wp-content\/uploads\/sites\/14\/2024\/02\/decouvrir-cote-granit-rose-camping-paimpol.webp\",\"contentUrl\":\"https:\/\/portdelachaine.geek-tonic.dev\/wp-content\/uploads\/sites\/14\/2024\/02\/decouvrir-cote-granit-rose-camping-paimpol.webp\",\"width\":2000,\"height\":1000,\"caption\":\"decouvrir cote granit rose camping paimpol\"},{\"@type\":\"BreadcrumbList\",\"@id\":\"https:\/\/portdelachaine.geek-tonic.dev\/de\/camping-rosa-granitkueste\/#breadcrumb\",\"itemListElement\":[{\"@type\":\"ListItem\",\"position\":1,\"name\":\"Camping dans les C\u00f4tes-d'Armor\",\"item\":\"https:\/\/portdelachaine.geek-tonic.dev\/de\/\"},{\"@type\":\"ListItem\",\"position\":2,\"name\":\"Was man an der Rosa Granitk\u00fcste sehen und tun kann\"}]},{\"@type\":\"WebSite\",\"@id\":\"https:\/\/portdelachaine.geek-tonic.dev\/de\/#website\",\"url\":\"https:\/\/portdelachaine.geek-tonic.dev\/de\/\",\"name\":\"Camping Le Port de la Cha\u00eene\",\"description\":\"\",\"publisher\":{\"@id\":\"https:\/\/portdelachaine.geek-tonic.dev\/de\/#organization\"},\"potentialAction\":[{\"@type\":\"SearchAction\",\"target\":{\"@type\":\"EntryPoint\",\"urlTemplate\":\"https:\/\/portdelachaine.geek-tonic.dev\/de\/?s={search_term_string}\"},\"query-input\":{\"@type\":\"PropertyValueSpecification\",\"valueRequired\":true,\"valueName\":\"search_term_string\"}}],\"inLanguage\":\"de\"},{\"@type\":\"Organization\",\"@id\":\"https:\/\/portdelachaine.geek-tonic.dev\/de\/#organization\",\"name\":\"Camping Le Port de la Cha\u00eene\",\"url\":\"https:\/\/portdelachaine.geek-tonic.dev\/de\/\",\"logo\":{\"@type\":\"ImageObject\",\"inLanguage\":\"de\",\"@id\":\"https:\/\/portdelachaine.geek-tonic.dev\/de\/#\/schema\/logo\/image\/\",\"url\":\"https:\/\/portdelachaine.geek-tonic.dev\/wp-content\/uploads\/sites\/14\/2024\/02\/cropped-logo-Flower-camping-Le-Port-de-la-Chaine.png\",\"contentUrl\":\"https:\/\/portdelachaine.geek-tonic.dev\/wp-content\/uploads\/sites\/14\/2024\/02\/cropped-logo-Flower-camping-Le-Port-de-la-Chaine.png\",\"width\":500,\"height\":660,\"caption\":\"Camping Le Port de la Cha\u00eene\"},\"image\":{\"@id\":\"https:\/\/portdelachaine.geek-tonic.dev\/de\/#\/schema\/logo\/image\/\"}}]}<\/script>\n<!-- \/ Yoast SEO plugin. -->","yoast_head_json":{"title":"Erkunden Sie die rosa Granitk\u00fcste w\u00e4hrend Ihres Campingurlaubs","description":"Entdecken Sie die spektakul\u00e4re Felslandschaft und die feinen Sandstr\u00e4nde der ber\u00fchmten Rosa Granitk\u00fcste w\u00e4hrend Ihres Campingurlaubs.","robots":{"index":"noindex","follow":"follow","max-snippet":"max-snippet:-1","max-image-preview":"max-image-preview:large","max-video-preview":"max-video-preview:-1"},"og_locale":"de_DE","og_type":"article","og_title":"Erkunden Sie die rosa Granitk\u00fcste w\u00e4hrend Ihres Campingurlaubs","og_description":"Entdecken Sie die spektakul\u00e4re Felslandschaft und die feinen Sandstr\u00e4nde der ber\u00fchmten Rosa Granitk\u00fcste w\u00e4hrend Ihres Campingurlaubs.","og_url":"https:\/\/portdelachaine.geek-tonic.dev\/de\/camping-rosa-granitkueste\/","og_site_name":"Camping Le Port de la Cha\u00eene","article_modified_time":"2024-04-25T13:23:45+00:00","og_image":[{"width":2000,"height":1000,"url":"https:\/\/portdelachaine.geek-tonic.dev\/wp-content\/uploads\/sites\/14\/2024\/02\/decouvrir-cote-granit-rose-camping-paimpol.webp","type":"image\/webp"}],"twitter_card":"summary_large_image","twitter_misc":{"Gesch\u00e4tzte Lesezeit":"2\u00a0Minuten"},"schema":{"@context":"https:\/\/schema.org","@graph":[{"@type":"WebPage","@id":"https:\/\/portdelachaine.geek-tonic.dev\/de\/camping-rosa-granitkueste\/","url":"https:\/\/portdelachaine.geek-tonic.dev\/de\/camping-rosa-granitkueste\/","name":"Erkunden Sie die rosa Granitk\u00fcste w\u00e4hrend Ihres Campingurlaubs","isPartOf":{"@id":"https:\/\/portdelachaine.geek-tonic.dev\/de\/#website"},"primaryImageOfPage":{"@id":"https:\/\/portdelachaine.geek-tonic.dev\/de\/camping-rosa-granitkueste\/#primaryimage"},"image":{"@id":"https:\/\/portdelachaine.geek-tonic.dev\/de\/camping-rosa-granitkueste\/#primaryimage"},"thumbnailUrl":"https:\/\/portdelachaine.geek-tonic.dev\/wp-content\/uploads\/sites\/14\/2024\/02\/decouvrir-cote-granit-rose-camping-paimpol.webp","datePublished":"2024-02-28T15:55:21+00:00","dateModified":"2024-04-25T13:23:45+00:00","description":"Entdecken Sie die spektakul\u00e4re Felslandschaft und die feinen Sandstr\u00e4nde der ber\u00fchmten Rosa Granitk\u00fcste w\u00e4hrend Ihres Campingurlaubs.","breadcrumb":{"@id":"https:\/\/portdelachaine.geek-tonic.dev\/de\/camping-rosa-granitkueste\/#breadcrumb"},"inLanguage":"de","potentialAction":[{"@type":"ReadAction","target":["https:\/\/portdelachaine.geek-tonic.dev\/de\/camping-rosa-granitkueste\/"]}]},{"@type":"ImageObject","inLanguage":"de","@id":"https:\/\/portdelachaine.geek-tonic.dev\/de\/camping-rosa-granitkueste\/#primaryimage","url":"https:\/\/portdelachaine.geek-tonic.dev\/wp-content\/uploads\/sites\/14\/2024\/02\/decouvrir-cote-granit-rose-camping-paimpol.webp","contentUrl":"https:\/\/portdelachaine.geek-tonic.dev\/wp-content\/uploads\/sites\/14\/2024\/02\/decouvrir-cote-granit-rose-camping-paimpol.webp","width":2000,"height":1000,"caption":"decouvrir cote granit rose camping paimpol"},{"@type":"BreadcrumbList","@id":"https:\/\/portdelachaine.geek-tonic.dev\/de\/camping-rosa-granitkueste\/#breadcrumb","itemListElement":[{"@type":"ListItem","position":1,"name":"Camping dans les C\u00f4tes-d'Armor","item":"https:\/\/portdelachaine.geek-tonic.dev\/de\/"},{"@type":"ListItem","position":2,"name":"Was man an der Rosa Granitk\u00fcste sehen und tun kann"}]},{"@type":"WebSite","@id":"https:\/\/portdelachaine.geek-tonic.dev\/de\/#website","url":"https:\/\/portdelachaine.geek-tonic.dev\/de\/","name":"Camping Le Port de la Cha\u00eene","description":"","publisher":{"@id":"https:\/\/portdelachaine.geek-tonic.dev\/de\/#organization"},"potentialAction":[{"@type":"SearchAction","target":{"@type":"EntryPoint","urlTemplate":"https:\/\/portdelachaine.geek-tonic.dev\/de\/?s={search_term_string}"},"query-input":{"@type":"PropertyValueSpecification","valueRequired":true,"valueName":"search_term_string"}}],"inLanguage":"de"},{"@type":"Organization","@id":"https:\/\/portdelachaine.geek-tonic.dev\/de\/#organization","name":"Camping Le Port de la Cha\u00eene","url":"https:\/\/portdelachaine.geek-tonic.dev\/de\/","logo":{"@type":"ImageObject","inLanguage":"de","@id":"https:\/\/portdelachaine.geek-tonic.dev\/de\/#\/schema\/logo\/image\/","url":"https:\/\/portdelachaine.geek-tonic.dev\/wp-content\/uploads\/sites\/14\/2024\/02\/cropped-logo-Flower-camping-Le-Port-de-la-Chaine.png","contentUrl":"https:\/\/portdelachaine.geek-tonic.dev\/wp-content\/uploads\/sites\/14\/2024\/02\/cropped-logo-Flower-camping-Le-Port-de-la-Chaine.png","width":500,"height":660,"caption":"Camping Le Port de la Cha\u00eene"},"image":{"@id":"https:\/\/portdelachaine.geek-tonic.dev\/de\/#\/schema\/logo\/image\/"}}]}},"_links":{"self":[{"href":"https:\/\/portdelachaine.geek-tonic.dev\/de\/wp-json\/wp\/v2\/pages\/1562","targetHints":{"allow":["GET"]}}],"collection":[{"href":"https:\/\/portdelachaine.geek-tonic.dev\/de\/wp-json\/wp\/v2\/pages"}],"about":[{"href":"https:\/\/portdelachaine.geek-tonic.dev\/de\/wp-json\/wp\/v2\/types\/page"}],"author":[{"embeddable":true,"href":"https:\/\/portdelachaine.geek-tonic.dev\/de\/wp-json\/wp\/v2\/users\/1"}],"replies":[{"embeddable":true,"href":"https:\/\/portdelachaine.geek-tonic.dev\/de\/wp-json\/wp\/v2\/comments?post=1562"}],"version-history":[{"count":1,"href":"https:\/\/portdelachaine.geek-tonic.dev\/de\/wp-json\/wp\/v2\/pages\/1562\/revisions"}],"predecessor-version":[{"id":1566,"href":"https:\/\/portdelachaine.geek-tonic.dev\/de\/wp-json\/wp\/v2\/pages\/1562\/revisions\/1566"}],"wp:featuredmedia":[{"embeddable":true,"href":"https:\/\/portdelachaine.geek-tonic.dev\/de\/wp-json\/wp\/v2\/media\/1563"}],"wp:attachment":[{"href":"https:\/\/portdelachaine.geek-tonic.dev\/de\/wp-json\/wp\/v2\/media?parent=1562"}],"wp:term":[{"taxonomy":"sujet","embeddable":true,"href":"https:\/\/portdelachaine.geek-tonic.dev\/de\/wp-json\/wp\/v2\/sujet?post=1562"}],"curies":[{"name":"wp","href":"https:\/\/api.w.org\/{rel}","templated":true}]}}