{"id":1551,"date":"2024-01-03T15:34:55","date_gmt":"2024-01-03T14:34:55","guid":{"rendered":"https:\/\/www.portdelachaine.geek-tonic.dev\/gruppencamping-pleubian\/"},"modified":"2024-04-25T15:46:15","modified_gmt":"2024-04-25T13:46:15","slug":"gruppencamping-pleubian","status":"publish","type":"page","link":"https:\/\/portdelachaine.geek-tonic.dev\/de\/gruppencamping-pleubian\/","title":{"rendered":"Gruppen und Betriebsr\u00e4te"},"content":{"rendered":"<section id=\"ls-section-block_e4cf916dab20c33823f3d257a479121b\" class=\"ls-section  page-one has-background has-color-4-background-color has-m-t m-t-0 has-m-b m-b-0 has-p-t p-t-14 has-p-b p-b-14\" >\r\n        <div class=\"container container--wide\">\r\n        \n\n<div class=\"wp-block-columns is-layout-flex wp-container-core-columns-is-layout-1 wp-block-columns-is-layout-flex\">\n<div class=\"wp-block-column animated fadeInLeft delay-100ms slow is-layout-flow wp-block-column-is-layout-flow\" style=\"flex-basis:45%\">\n<figure class=\"wp-block-image size-full\"><a href=\"https:\/\/www.portdelachaine.geek-tonic.dev\/wp-content\/uploads\/sites\/14\/2024\/02\/location-linge-camping-paimpol.webp\"><img decoding=\"async\" width=\"1200\" height=\"765\" src=\"https:\/\/www.portdelachaine.geek-tonic.dev\/wp-content\/uploads\/sites\/14\/2024\/02\/location-linge-camping-paimpol.webp\" alt=\"vermietung von w&#xE4;sche camping paimpol\" class=\"wp-image-762\" srcset=\"https:\/\/portdelachaine.geek-tonic.dev\/wp-content\/uploads\/sites\/14\/2024\/02\/location-linge-camping-paimpol.webp 1200w, https:\/\/portdelachaine.geek-tonic.dev\/wp-content\/uploads\/sites\/14\/2024\/02\/location-linge-camping-paimpol-300x191.webp 300w, https:\/\/portdelachaine.geek-tonic.dev\/wp-content\/uploads\/sites\/14\/2024\/02\/location-linge-camping-paimpol-1024x653.webp 1024w, https:\/\/portdelachaine.geek-tonic.dev\/wp-content\/uploads\/sites\/14\/2024\/02\/location-linge-camping-paimpol-768x490.webp 768w\" sizes=\"(max-width: 1200px) 100vw, 1200px\" \/><\/a><\/figure>\n<\/div>\n\n\n\n<div class=\"wp-block-column animated fadeInRight slow is-layout-flow wp-block-column-is-layout-flow\" style=\"flex-basis:55%\">\n<h1 class=\"ls__heading wp-block-heading\">Gruppen-Campingplatz in der N\u00e4he von Paimpol<\/h1>\n\n\n\n<h2 class=\"ls__heading wp-block-heading\">Unsere Gruppenangebote in den C\u00f4tes-d&#8217;Armor<\/h2>\n\n\n\n<p class=\"ls-paragraph\">W\u00e4hlen Sie unseren <a href=\"https:\/\/www.portdelachaine.geek-tonic.dev\/de\/\">Campingplatz Port de la Cha\u00eene in der Region C\u00f4tes-d&#8217;Armor<\/a> f\u00fcr Ihren Gruppenurlaub und buchen Sie die Unterk\u00fcnfte Ihrer Wahl aus unseren Mobilheimen und <a href=\"https:\/\/www.portdelachaine.geek-tonic.dev\/de\/stellplatze-fur-zelte-auf-dem-campingplatz-paimpol\/\">Mietstellpl\u00e4tzen<\/a>. Ob Sie ein<strong> Familientreffen<\/strong>, ein <strong>Treffen<\/strong> <strong>mit<\/strong> <strong>Freunden<\/strong> oder ein<strong> Sportereignis<\/strong> planen, unser Team wird Sie herzlich in einer entspannenden Umgebung begr\u00fc\u00dfen.<\/p>\n\n\n\n<p class=\"ls-paragraph\">Unser Campingplatz verf\u00fcgt \u00fcber eine gro\u00dfe Anzahl an <a href=\"https:\/\/www.portdelachaine.geek-tonic.dev\/de\/mobilheimvermietung-pleubian\/\">Mietunterk\u00fcnften<\/a>, ideal f\u00fcr gr\u00f6\u00dfere Gruppen, die <strong>in der Nebensaison ab 2 N\u00e4chten<\/strong> bleiben. F\u00fcr <strong>Motorradfahrer<\/strong> und <strong>Bootsbesitzer<\/strong> ist unser Campingplatz mit doppelten Schranken und einer Identifikation vollst\u00e4ndig gesichert.<\/p>\n\n\n\n<p class=\"ls-paragraph\">Profitieren Sie von unseren<strong> Mietleistungen<\/strong>, einschlie\u00dflich Bettw\u00e4sche, Handt\u00fccher und Reinigungsmittel. Sie k\u00f6nnen auch ein Babyset, einen Grill oder Fahrr\u00e4der f\u00fcr einen entspannten Urlaub mieten. Unser<strong> Restaurant und die Snackbar <\/strong>bieten Ihnen die<strong> passenden Angebote <\/strong>und einen gro\u00dfen Innen- und Au\u00dfenbereich, um Ihre G\u00e4ste zu empfangen.  <\/p>\n\n\n\n<p class=\"ls-paragraph\"><strong>Kontaktieren Sie unser Team, um Ihren Gruppenaufenthalt in Pleubian in der Bretagne zu organisieren.<\/strong><\/p>\n<\/div>\n<\/div>\n\n\r\n    <\/div>\r\n<\/section><section id=\"ls-section-block_1a4c85c6bdeac043582fc747fe87170e\" class=\"ls-section  home-gallery has-background has-color-4-background-color has-m-t m-t-0 has-p-t p-t-0\" >\r\n        <div class=\"container container--full\">\r\n        \n\n<figure class=\"wp-block-gallery has-nested-images columns-1 is-cropped galerie-slider-container wp-block-gallery-1 is-layout-flex wp-block-gallery-is-layout-flex\">\n<figure class=\"wp-block-image size-full\"><a href=\"https:\/\/www.portdelachaine.geek-tonic.dev\/wp-content\/uploads\/sites\/14\/2024\/02\/location-velo-camping-paimpol.webp\"><img decoding=\"async\" width=\"1200\" height=\"800\" src=\"https:\/\/www.portdelachaine.geek-tonic.dev\/wp-content\/uploads\/sites\/14\/2024\/02\/location-velo-camping-paimpol.webp\" alt=\"vermietung von fahrr&#xE4;dern auf dem campingplatz paimpol\" class=\"wp-image-767\" srcset=\"https:\/\/portdelachaine.geek-tonic.dev\/wp-content\/uploads\/sites\/14\/2024\/02\/location-velo-camping-paimpol.webp 1200w, https:\/\/portdelachaine.geek-tonic.dev\/wp-content\/uploads\/sites\/14\/2024\/02\/location-velo-camping-paimpol-300x200.webp 300w, https:\/\/portdelachaine.geek-tonic.dev\/wp-content\/uploads\/sites\/14\/2024\/02\/location-velo-camping-paimpol-1024x683.webp 1024w, https:\/\/portdelachaine.geek-tonic.dev\/wp-content\/uploads\/sites\/14\/2024\/02\/location-velo-camping-paimpol-768x512.webp 768w\" sizes=\"(max-width: 1200px) 100vw, 1200px\" \/><\/a><\/figure>\n\n\n\n<figure class=\"wp-block-image size-full\"><a href=\"https:\/\/www.portdelachaine.geek-tonic.dev\/wp-content\/uploads\/sites\/14\/2024\/02\/piscine-famille-camping-paimpol.webp\"><img decoding=\"async\" width=\"2000\" height=\"1276\" src=\"https:\/\/www.portdelachaine.geek-tonic.dev\/wp-content\/uploads\/sites\/14\/2024\/02\/piscine-famille-camping-paimpol.webp\" alt=\"Schwimmbad Familie Campingplatz Paimpol\" class=\"wp-image-817\" srcset=\"https:\/\/portdelachaine.geek-tonic.dev\/wp-content\/uploads\/sites\/14\/2024\/02\/piscine-famille-camping-paimpol.webp 2000w, https:\/\/portdelachaine.geek-tonic.dev\/wp-content\/uploads\/sites\/14\/2024\/02\/piscine-famille-camping-paimpol-300x191.webp 300w, https:\/\/portdelachaine.geek-tonic.dev\/wp-content\/uploads\/sites\/14\/2024\/02\/piscine-famille-camping-paimpol-1024x653.webp 1024w, https:\/\/portdelachaine.geek-tonic.dev\/wp-content\/uploads\/sites\/14\/2024\/02\/piscine-famille-camping-paimpol-768x490.webp 768w, https:\/\/portdelachaine.geek-tonic.dev\/wp-content\/uploads\/sites\/14\/2024\/02\/piscine-famille-camping-paimpol-1536x980.webp 1536w\" sizes=\"(max-width: 2000px) 100vw, 2000px\" \/><\/a><\/figure>\n\n\n\n<figure class=\"wp-block-image size-full\"><a href=\"https:\/\/www.portdelachaine.geek-tonic.dev\/wp-content\/uploads\/sites\/14\/2024\/02\/team-building-camping-services-paimpol.webp\"><img decoding=\"async\" width=\"1200\" height=\"800\" src=\"https:\/\/www.portdelachaine.geek-tonic.dev\/wp-content\/uploads\/sites\/14\/2024\/02\/team-building-camping-services-paimpol.webp\" alt=\"team building camping services paimpol\" class=\"wp-image-832\" srcset=\"https:\/\/portdelachaine.geek-tonic.dev\/wp-content\/uploads\/sites\/14\/2024\/02\/team-building-camping-services-paimpol.webp 1200w, https:\/\/portdelachaine.geek-tonic.dev\/wp-content\/uploads\/sites\/14\/2024\/02\/team-building-camping-services-paimpol-300x200.webp 300w, https:\/\/portdelachaine.geek-tonic.dev\/wp-content\/uploads\/sites\/14\/2024\/02\/team-building-camping-services-paimpol-1024x683.webp 1024w, https:\/\/portdelachaine.geek-tonic.dev\/wp-content\/uploads\/sites\/14\/2024\/02\/team-building-camping-services-paimpol-768x512.webp 768w\" sizes=\"(max-width: 1200px) 100vw, 1200px\" \/><\/a><\/figure>\n<\/figure>\n\n\r\n    <\/div>\r\n<\/section><section id=\"ls-section-block_07bbeae526e406dfe0f90ba7f2a10f33\" class=\"ls-section  page-one aventure\" >\r\n        <div class=\"container container--wide\">\r\n        \n\n<div class=\"wp-block-columns is-layout-flex wp-container-core-columns-is-layout-2 wp-block-columns-is-layout-flex\">\n<div class=\"wp-block-column is-vertically-aligned-center first animated fadeInLeft delay-100ms slow is-layout-flow wp-block-column-is-layout-flow\" style=\"flex-basis:45%\">\n<figure class=\"wp-block-image size-full\"><a href=\"https:\/\/www.portdelachaine.geek-tonic.dev\/wp-content\/uploads\/sites\/14\/2024\/02\/restaurant-camping-paimpol.webp\"><img decoding=\"async\" width=\"1200\" height=\"765\" src=\"https:\/\/www.portdelachaine.geek-tonic.dev\/wp-content\/uploads\/sites\/14\/2024\/02\/restaurant-camping-paimpol.webp\" alt=\"restaurant camping paimpol\" class=\"wp-image-774\" srcset=\"https:\/\/portdelachaine.geek-tonic.dev\/wp-content\/uploads\/sites\/14\/2024\/02\/restaurant-camping-paimpol.webp 1200w, https:\/\/portdelachaine.geek-tonic.dev\/wp-content\/uploads\/sites\/14\/2024\/02\/restaurant-camping-paimpol-300x191.webp 300w, https:\/\/portdelachaine.geek-tonic.dev\/wp-content\/uploads\/sites\/14\/2024\/02\/restaurant-camping-paimpol-1024x653.webp 1024w, https:\/\/portdelachaine.geek-tonic.dev\/wp-content\/uploads\/sites\/14\/2024\/02\/restaurant-camping-paimpol-768x490.webp 768w\" sizes=\"(max-width: 1200px) 100vw, 1200px\" \/><\/a><\/figure>\n<\/div>\n\n\n\n<div class=\"wp-block-column second animated fadeInRight slow is-layout-flow wp-block-column-is-layout-flow\" style=\"flex-basis:55%\">\n<h2 class=\"ls__heading wp-block-heading has-text-align-left\">Unsere CSR-Pakete<\/h2>\n\n\n\n<p class=\"ls-paragraph\">Verw\u00f6hnen Sie Ihre Mitarbeiter mit einem der beliebtesten Reiseziele der Bretagne und einem Qualit\u00e4tscampingplatz, der nur wenige Schritte vom Strand entfernt ist. W\u00e4hlen Sie den idealen Campingplatz f\u00fcr Gruppen, um Ihre Mitarbeiter zufrieden zu stellen.  <\/p>\n\n\n\n<p class=\"ls-paragraph\">W\u00e4hrend ihres Urlaubs in der Bretagne werden Ihre Mitarbeiter die zahlreichen Vorteile unserer ideal gelegenen Einrichtung zu sch\u00e4tzen wissen:  <\/p>\n\n\n\n<ul class=\"ls-list wp-block-list\">\n<li>Strand mit direktem Zugang<\/li>\n\n\n\n<li>au\u00dfergew\u00f6hnliche Lage in der N\u00e4he des Hafens von Paimpol und der Str\u00e4nde von Perros-Guirec<\/li>\n\n\n\n<li>Snackbar, Bar, Brotverkauf, Wasserpark mit Au\u00dfenpool mit Rutschen und Innenpool, beide beheizt, Kinderspielpl\u00e4tze, Sommeranimation,<\/li>\n\n\n\n<li>In der N\u00e4he gibt es viele Aktivit\u00e4ten und Sehensw\u00fcrdigkeiten: Schwimmen, Surfen, Segeln, Kajak, Tauchen, Paddeln, Angeln, Baumklettern, Fallschirmspringen, Wandern, Radfahren, Kreuzfahrt zum Archipel der \u00cele de Br\u00e9hat, Hafen von Paimpol, Str\u00e4nde von Perros-Guirec, Klippen von Plouha.<\/li>\n<\/ul>\n\n\n\n<div class=\"ls-lire-plus\">\n    <input id=\"ls-lire-plus-block_714564a0521787baccf9e49388fa9b9569e622d8d72fb\" type=\"checkbox\" class=\"ls-lire-plus__toggle\"  \/>\n    <label for=\"ls-lire-plus-block_714564a0521787baccf9e49388fa9b9569e622d8d72fb\" class=\"ls-lire-plus__toggle-label\">\n        <span>Lire plus<\/span>\n        <span>Lire moins<\/span>\n    <\/label>\n    <div class=\"ls-lire-plus__content\">\n        \n\n<p class=\"ls-paragraph\">Unser Campingplatz ist f\u00fcr Gruppen gedacht und passt sich perfekt an Ihre Bed\u00fcrfnisse und Ihre Struktur an. Profitieren Sie von unseren <a href=\"https:\/\/www.portdelachaine.geek-tonic.dev\/de\/campingplatz-mit-sonderangeboten-pleubian\/\">g\u00fcnstigen Preisen<\/a>.  <\/p>\n\n\n\n<p class=\"ls-paragraph\">Kontaktieren Sie unser Team, um alle Informationen \u00fcber unseren Campingplatz und die Bedingungen f\u00fcr unsere<strong>ESC- und Gruppenangebote <\/strong>(Dauer und Zeitr\u00e4ume, Preise, R\u00fcck\u00fcbertragung) zu erhalten. M\u00f6chten Sie einen oder mehrere bestimmte Pl\u00e4tze mieten? Unser Team wird alles tun, um Ihre Anfrage zu beantworten.<\/p>\n\n\n\n<p class=\"ls-paragraph\"><strong>Kontaktieren Sie unser Team per Telefon oder E-Mail f\u00fcr eine zuk\u00fcnftige Zusammenarbeit in der Bretagne.<\/strong><\/p>\n\n        <div class=\"ls-lire-plus__gradient\" style=\"background: linear-gradient(to bottom,rgba(255,255,255,0) 0%,rgba(255,255,255,1) 100%);\"><\/div>\n    <\/div>\n<\/div><\/div>\n<\/div>\n\n\r\n    <\/div>\r\n<\/section><section id=\"ls-section-block_db1deb3f061c93a5c1744e8544ec95a8\" class=\"ls-section  page-maillage experience has-p-t p-t-0\" >\r\n        <div class=\"container container--wide\">\r\n        \n\n<div id=\"ls-heading ls-titre-div-block_f32023c3cbad07a07080e39f57027720\" class=\"ls-titre-div aligncenter h2-like\" >\n    <strong>Entdecken <\/strong> Sie unsere Dienstleistungen, unsere Unterk\u00fcnfte und unseren Swimmingpool<\/div>\n\n\n<div id=\"ls-maillage-block_5b152c5c8f0f06b4f9a52d5d8948d805\" class=\"ls-maillage cta-style-normal\" data-rows=\"3\">\n    <div class=\"wp-block-columns\"><div class=\"wp-block-column\"><div id=\"destinations\" class=\"ls-cta\">\n\n<a href=\"https:\/\/portdelachaine.geek-tonic.dev\/de\/mobilheimvermietung-pleubian\/\" target=\"\" rel=\"noopener\" class=\"ls-cta__link\">\n\n\t<div class=\"ls-cta__image\"><img decoding=\"async\" src=\"https:\/\/portdelachaine.geek-tonic.dev\/wp-content\/uploads\/sites\/14\/2024\/02\/location-hebergement-camping-paimpol.webp\" alt=\"location hebergement camping paimpol\"><\/div>\n\t<div class=\"ls-cta__title\">\n\t\tUnsere Unterk\u00fcnfte\t<\/div>\n\n\t\t\n<\/a><\/div><\/div><div class=\"wp-block-column\"><div id=\"destinations\" class=\"ls-cta\">\n\n<a href=\"https:\/\/portdelachaine.geek-tonic.dev\/de\/camping-beheiztem-schwimmbad-pleubian\/\" target=\"\" rel=\"noopener\" class=\"ls-cta__link\">\n\n\t<div class=\"ls-cta__image\"><img decoding=\"async\" src=\"https:\/\/portdelachaine.geek-tonic.dev\/wp-content\/uploads\/sites\/14\/2024\/02\/piscine-camping-paimpol.webp\" alt=\"Schwimmbad Campingplatz Paimpol\"><\/div>\n\t<div class=\"ls-cta__title\">\n\t\tUnser Pool\t<\/div>\n\n\t\t\n<\/a><\/div><\/div><div class=\"wp-block-column\"><div id=\"destinations\" class=\"ls-cta\">\n\n<a href=\"https:\/\/portdelachaine.geek-tonic.dev\/de\/familien-campingplatz-pleubian\/\" target=\"\" rel=\"noopener\" class=\"ls-cta__link\">\n\n\t<div class=\"ls-cta__image\"><img decoding=\"async\" src=\"https:\/\/portdelachaine.geek-tonic.dev\/wp-content\/uploads\/sites\/14\/2024\/02\/petit-dejeuner-services-camping-paimpol.webp\" alt=\"Fr\u00fchst\u00fccksservice auf dem Campingplatz Paimpol\"><\/div>\n\t<div class=\"ls-cta__title\">\n\t\tDienstleistungen\t<\/div>\n\n\t\t\n<\/a><\/div><\/div><\/div><\/div>\n\r\n    <\/div>\r\n<\/section>","protected":false},"excerpt":{"rendered":"","protected":false},"author":1,"featured_media":1553,"parent":0,"menu_order":0,"comment_status":"closed","ping_status":"closed","template":"","meta":{"_acf_changed":false,"footnotes":""},"sujet":[],"class_list":["post-1551","page","type-page","status-publish","has-post-thumbnail","hentry"],"acf":[],"yoast_head":"<!-- This site is optimized with the Yoast SEO plugin v23.9 - https:\/\/yoast.com\/wordpress\/plugins\/seo\/ -->\n<title>Gruppencamping in den C\u00f4tes-d&#039;Armor: Familien, Unternehmen<\/title>\n<meta name=\"description\" content=\"Ihr Campingplatz Flower in der N\u00e4he von Paimpol empf\u00e4ngt Gruppen und Betriebsr\u00e4te: Entscheiden Sie sich f\u00fcr einen Campingplatz f\u00fcr Ihre Veranstaltungen im Departement C\u00f4tes-d&#039;Armor!\" \/>\n<meta name=\"robots\" content=\"noindex, follow, max-snippet:-1, max-image-preview:large, max-video-preview:-1\" \/>\n<meta property=\"og:locale\" content=\"de_DE\" \/>\n<meta property=\"og:type\" content=\"article\" \/>\n<meta property=\"og:title\" content=\"Gruppencamping in den C\u00f4tes-d&#039;Armor: Familien, Unternehmen\" \/>\n<meta property=\"og:description\" content=\"Ihr Campingplatz Flower in der N\u00e4he von Paimpol empf\u00e4ngt Gruppen und Betriebsr\u00e4te: Entscheiden Sie sich f\u00fcr einen Campingplatz f\u00fcr Ihre Veranstaltungen im Departement C\u00f4tes-d&#039;Armor!\" \/>\n<meta property=\"og:url\" content=\"https:\/\/portdelachaine.geek-tonic.dev\/de\/gruppencamping-pleubian\/\" \/>\n<meta property=\"og:site_name\" content=\"Camping Le Port de la Cha\u00eene\" \/>\n<meta property=\"article:modified_time\" content=\"2024-04-25T13:46:15+00:00\" \/>\n<meta property=\"og:image\" content=\"https:\/\/portdelachaine.geek-tonic.dev\/wp-content\/uploads\/sites\/14\/2024\/02\/groupe-seminaire-camping-paimpol.webp\" \/>\n\t<meta property=\"og:image:width\" content=\"2000\" \/>\n\t<meta property=\"og:image:height\" content=\"1000\" \/>\n\t<meta property=\"og:image:type\" content=\"image\/webp\" \/>\n<meta name=\"twitter:card\" content=\"summary_large_image\" \/>\n<meta name=\"twitter:label1\" content=\"Gesch\u00e4tzte Lesezeit\" \/>\n\t<meta name=\"twitter:data1\" content=\"2\u00a0Minuten\" \/>\n<script type=\"application\/ld+json\" class=\"yoast-schema-graph\">{\"@context\":\"https:\/\/schema.org\",\"@graph\":[{\"@type\":\"WebPage\",\"@id\":\"https:\/\/portdelachaine.geek-tonic.dev\/de\/gruppencamping-pleubian\/\",\"url\":\"https:\/\/portdelachaine.geek-tonic.dev\/de\/gruppencamping-pleubian\/\",\"name\":\"Gruppencamping in den C\u00f4tes-d'Armor: Familien, Unternehmen\",\"isPartOf\":{\"@id\":\"https:\/\/portdelachaine.geek-tonic.dev\/de\/#website\"},\"primaryImageOfPage\":{\"@id\":\"https:\/\/portdelachaine.geek-tonic.dev\/de\/gruppencamping-pleubian\/#primaryimage\"},\"image\":{\"@id\":\"https:\/\/portdelachaine.geek-tonic.dev\/de\/gruppencamping-pleubian\/#primaryimage\"},\"thumbnailUrl\":\"https:\/\/portdelachaine.geek-tonic.dev\/wp-content\/uploads\/sites\/14\/2024\/02\/groupe-seminaire-camping-paimpol.webp\",\"datePublished\":\"2024-01-03T14:34:55+00:00\",\"dateModified\":\"2024-04-25T13:46:15+00:00\",\"description\":\"Ihr Campingplatz Flower in der N\u00e4he von Paimpol empf\u00e4ngt Gruppen und Betriebsr\u00e4te: Entscheiden Sie sich f\u00fcr einen Campingplatz f\u00fcr Ihre Veranstaltungen im Departement C\u00f4tes-d'Armor!\",\"breadcrumb\":{\"@id\":\"https:\/\/portdelachaine.geek-tonic.dev\/de\/gruppencamping-pleubian\/#breadcrumb\"},\"inLanguage\":\"de\",\"potentialAction\":[{\"@type\":\"ReadAction\",\"target\":[\"https:\/\/portdelachaine.geek-tonic.dev\/de\/gruppencamping-pleubian\/\"]}]},{\"@type\":\"ImageObject\",\"inLanguage\":\"de\",\"@id\":\"https:\/\/portdelachaine.geek-tonic.dev\/de\/gruppencamping-pleubian\/#primaryimage\",\"url\":\"https:\/\/portdelachaine.geek-tonic.dev\/wp-content\/uploads\/sites\/14\/2024\/02\/groupe-seminaire-camping-paimpol.webp\",\"contentUrl\":\"https:\/\/portdelachaine.geek-tonic.dev\/wp-content\/uploads\/sites\/14\/2024\/02\/groupe-seminaire-camping-paimpol.webp\",\"width\":2000,\"height\":1000,\"caption\":\"seminargruppe camping paimpol\"},{\"@type\":\"BreadcrumbList\",\"@id\":\"https:\/\/portdelachaine.geek-tonic.dev\/de\/gruppencamping-pleubian\/#breadcrumb\",\"itemListElement\":[{\"@type\":\"ListItem\",\"position\":1,\"name\":\"Camping dans les C\u00f4tes-d'Armor\",\"item\":\"https:\/\/portdelachaine.geek-tonic.dev\/de\/\"},{\"@type\":\"ListItem\",\"position\":2,\"name\":\"Campingplatz f\u00fcr Ihre Veranstaltungen im Departement C\u00f4tes-d'Armor\"}]},{\"@type\":\"WebSite\",\"@id\":\"https:\/\/portdelachaine.geek-tonic.dev\/de\/#website\",\"url\":\"https:\/\/portdelachaine.geek-tonic.dev\/de\/\",\"name\":\"Camping Le Port de la Cha\u00eene\",\"description\":\"\",\"publisher\":{\"@id\":\"https:\/\/portdelachaine.geek-tonic.dev\/de\/#organization\"},\"potentialAction\":[{\"@type\":\"SearchAction\",\"target\":{\"@type\":\"EntryPoint\",\"urlTemplate\":\"https:\/\/portdelachaine.geek-tonic.dev\/de\/?s={search_term_string}\"},\"query-input\":{\"@type\":\"PropertyValueSpecification\",\"valueRequired\":true,\"valueName\":\"search_term_string\"}}],\"inLanguage\":\"de\"},{\"@type\":\"Organization\",\"@id\":\"https:\/\/portdelachaine.geek-tonic.dev\/de\/#organization\",\"name\":\"Camping Le Port de la Cha\u00eene\",\"url\":\"https:\/\/portdelachaine.geek-tonic.dev\/de\/\",\"logo\":{\"@type\":\"ImageObject\",\"inLanguage\":\"de\",\"@id\":\"https:\/\/portdelachaine.geek-tonic.dev\/de\/#\/schema\/logo\/image\/\",\"url\":\"https:\/\/portdelachaine.geek-tonic.dev\/wp-content\/uploads\/sites\/14\/2024\/02\/cropped-logo-Flower-camping-Le-Port-de-la-Chaine.png\",\"contentUrl\":\"https:\/\/portdelachaine.geek-tonic.dev\/wp-content\/uploads\/sites\/14\/2024\/02\/cropped-logo-Flower-camping-Le-Port-de-la-Chaine.png\",\"width\":500,\"height\":660,\"caption\":\"Camping Le Port de la Cha\u00eene\"},\"image\":{\"@id\":\"https:\/\/portdelachaine.geek-tonic.dev\/de\/#\/schema\/logo\/image\/\"}}]}<\/script>\n<!-- \/ Yoast SEO plugin. -->","yoast_head_json":{"title":"Gruppencamping in den C\u00f4tes-d'Armor: Familien, Unternehmen","description":"Ihr Campingplatz Flower in der N\u00e4he von Paimpol empf\u00e4ngt Gruppen und Betriebsr\u00e4te: Entscheiden Sie sich f\u00fcr einen Campingplatz f\u00fcr Ihre Veranstaltungen im Departement C\u00f4tes-d'Armor!","robots":{"index":"noindex","follow":"follow","max-snippet":"max-snippet:-1","max-image-preview":"max-image-preview:large","max-video-preview":"max-video-preview:-1"},"og_locale":"de_DE","og_type":"article","og_title":"Gruppencamping in den C\u00f4tes-d'Armor: Familien, Unternehmen","og_description":"Ihr Campingplatz Flower in der N\u00e4he von Paimpol empf\u00e4ngt Gruppen und Betriebsr\u00e4te: Entscheiden Sie sich f\u00fcr einen Campingplatz f\u00fcr Ihre Veranstaltungen im Departement C\u00f4tes-d'Armor!","og_url":"https:\/\/portdelachaine.geek-tonic.dev\/de\/gruppencamping-pleubian\/","og_site_name":"Camping Le Port de la Cha\u00eene","article_modified_time":"2024-04-25T13:46:15+00:00","og_image":[{"width":2000,"height":1000,"url":"https:\/\/portdelachaine.geek-tonic.dev\/wp-content\/uploads\/sites\/14\/2024\/02\/groupe-seminaire-camping-paimpol.webp","type":"image\/webp"}],"twitter_card":"summary_large_image","twitter_misc":{"Gesch\u00e4tzte Lesezeit":"2\u00a0Minuten"},"schema":{"@context":"https:\/\/schema.org","@graph":[{"@type":"WebPage","@id":"https:\/\/portdelachaine.geek-tonic.dev\/de\/gruppencamping-pleubian\/","url":"https:\/\/portdelachaine.geek-tonic.dev\/de\/gruppencamping-pleubian\/","name":"Gruppencamping in den C\u00f4tes-d'Armor: Familien, Unternehmen","isPartOf":{"@id":"https:\/\/portdelachaine.geek-tonic.dev\/de\/#website"},"primaryImageOfPage":{"@id":"https:\/\/portdelachaine.geek-tonic.dev\/de\/gruppencamping-pleubian\/#primaryimage"},"image":{"@id":"https:\/\/portdelachaine.geek-tonic.dev\/de\/gruppencamping-pleubian\/#primaryimage"},"thumbnailUrl":"https:\/\/portdelachaine.geek-tonic.dev\/wp-content\/uploads\/sites\/14\/2024\/02\/groupe-seminaire-camping-paimpol.webp","datePublished":"2024-01-03T14:34:55+00:00","dateModified":"2024-04-25T13:46:15+00:00","description":"Ihr Campingplatz Flower in der N\u00e4he von Paimpol empf\u00e4ngt Gruppen und Betriebsr\u00e4te: Entscheiden Sie sich f\u00fcr einen Campingplatz f\u00fcr Ihre Veranstaltungen im Departement C\u00f4tes-d'Armor!","breadcrumb":{"@id":"https:\/\/portdelachaine.geek-tonic.dev\/de\/gruppencamping-pleubian\/#breadcrumb"},"inLanguage":"de","potentialAction":[{"@type":"ReadAction","target":["https:\/\/portdelachaine.geek-tonic.dev\/de\/gruppencamping-pleubian\/"]}]},{"@type":"ImageObject","inLanguage":"de","@id":"https:\/\/portdelachaine.geek-tonic.dev\/de\/gruppencamping-pleubian\/#primaryimage","url":"https:\/\/portdelachaine.geek-tonic.dev\/wp-content\/uploads\/sites\/14\/2024\/02\/groupe-seminaire-camping-paimpol.webp","contentUrl":"https:\/\/portdelachaine.geek-tonic.dev\/wp-content\/uploads\/sites\/14\/2024\/02\/groupe-seminaire-camping-paimpol.webp","width":2000,"height":1000,"caption":"seminargruppe camping paimpol"},{"@type":"BreadcrumbList","@id":"https:\/\/portdelachaine.geek-tonic.dev\/de\/gruppencamping-pleubian\/#breadcrumb","itemListElement":[{"@type":"ListItem","position":1,"name":"Camping dans les C\u00f4tes-d'Armor","item":"https:\/\/portdelachaine.geek-tonic.dev\/de\/"},{"@type":"ListItem","position":2,"name":"Campingplatz f\u00fcr Ihre Veranstaltungen im Departement C\u00f4tes-d'Armor"}]},{"@type":"WebSite","@id":"https:\/\/portdelachaine.geek-tonic.dev\/de\/#website","url":"https:\/\/portdelachaine.geek-tonic.dev\/de\/","name":"Camping Le Port de la Cha\u00eene","description":"","publisher":{"@id":"https:\/\/portdelachaine.geek-tonic.dev\/de\/#organization"},"potentialAction":[{"@type":"SearchAction","target":{"@type":"EntryPoint","urlTemplate":"https:\/\/portdelachaine.geek-tonic.dev\/de\/?s={search_term_string}"},"query-input":{"@type":"PropertyValueSpecification","valueRequired":true,"valueName":"search_term_string"}}],"inLanguage":"de"},{"@type":"Organization","@id":"https:\/\/portdelachaine.geek-tonic.dev\/de\/#organization","name":"Camping Le Port de la Cha\u00eene","url":"https:\/\/portdelachaine.geek-tonic.dev\/de\/","logo":{"@type":"ImageObject","inLanguage":"de","@id":"https:\/\/portdelachaine.geek-tonic.dev\/de\/#\/schema\/logo\/image\/","url":"https:\/\/portdelachaine.geek-tonic.dev\/wp-content\/uploads\/sites\/14\/2024\/02\/cropped-logo-Flower-camping-Le-Port-de-la-Chaine.png","contentUrl":"https:\/\/portdelachaine.geek-tonic.dev\/wp-content\/uploads\/sites\/14\/2024\/02\/cropped-logo-Flower-camping-Le-Port-de-la-Chaine.png","width":500,"height":660,"caption":"Camping Le Port de la Cha\u00eene"},"image":{"@id":"https:\/\/portdelachaine.geek-tonic.dev\/de\/#\/schema\/logo\/image\/"}}]}},"_links":{"self":[{"href":"https:\/\/portdelachaine.geek-tonic.dev\/de\/wp-json\/wp\/v2\/pages\/1551","targetHints":{"allow":["GET"]}}],"collection":[{"href":"https:\/\/portdelachaine.geek-tonic.dev\/de\/wp-json\/wp\/v2\/pages"}],"about":[{"href":"https:\/\/portdelachaine.geek-tonic.dev\/de\/wp-json\/wp\/v2\/types\/page"}],"author":[{"embeddable":true,"href":"https:\/\/portdelachaine.geek-tonic.dev\/de\/wp-json\/wp\/v2\/users\/1"}],"replies":[{"embeddable":true,"href":"https:\/\/portdelachaine.geek-tonic.dev\/de\/wp-json\/wp\/v2\/comments?post=1551"}],"version-history":[{"count":3,"href":"https:\/\/portdelachaine.geek-tonic.dev\/de\/wp-json\/wp\/v2\/pages\/1551\/revisions"}],"predecessor-version":[{"id":1700,"href":"https:\/\/portdelachaine.geek-tonic.dev\/de\/wp-json\/wp\/v2\/pages\/1551\/revisions\/1700"}],"wp:featuredmedia":[{"embeddable":true,"href":"https:\/\/portdelachaine.geek-tonic.dev\/de\/wp-json\/wp\/v2\/media\/1553"}],"wp:attachment":[{"href":"https:\/\/portdelachaine.geek-tonic.dev\/de\/wp-json\/wp\/v2\/media?parent=1551"}],"wp:term":[{"taxonomy":"sujet","embeddable":true,"href":"https:\/\/portdelachaine.geek-tonic.dev\/de\/wp-json\/wp\/v2\/sujet?post=1551"}],"curies":[{"name":"wp","href":"https:\/\/api.w.org\/{rel}","templated":true}]}}