{"id":1538,"date":"2024-02-28T16:54:33","date_gmt":"2024-02-28T15:54:33","guid":{"rendered":"https:\/\/www.portdelachaine.geek-tonic.dev\/campingplatz-lannion\/"},"modified":"2024-04-25T15:41:43","modified_gmt":"2024-04-25T13:41:43","slug":"campingplatz-lannion","status":"publish","type":"page","link":"https:\/\/portdelachaine.geek-tonic.dev\/de\/campingplatz-lannion\/","title":{"rendered":"Lannion"},"content":{"rendered":"<section id=\"ls-section-block_f860f69fe5085d23afa408b249959f63\" class=\"ls-section  page-one has-background has-color-4-background-color has-m-t m-t-0 has-m-b m-b-0 has-p-t p-t-14 has-p-b p-b-14\" >\r\n        <div class=\"container container--wide\">\r\n        \n\n<div class=\"wp-block-columns is-layout-flex wp-container-core-columns-is-layout-1 wp-block-columns-is-layout-flex\">\n<div class=\"wp-block-column animated fadeInLeft delay-100ms slow is-layout-flow wp-block-column-is-layout-flow\" style=\"flex-basis:45%\">\n<figure class=\"wp-block-image size-full\"><a href=\"https:\/\/www.portdelachaine.geek-tonic.dev\/wp-content\/uploads\/sites\/14\/2024\/02\/archipel-brehat-camping-paampol.webp\"><img decoding=\"async\" width=\"1200\" height=\"800\" src=\"https:\/\/www.portdelachaine.geek-tonic.dev\/wp-content\/uploads\/sites\/14\/2024\/02\/archipel-brehat-camping-paampol.webp\" alt=\"Archipel Brehat Camping Paampol\" class=\"wp-image-982\" srcset=\"https:\/\/portdelachaine.geek-tonic.dev\/wp-content\/uploads\/sites\/14\/2024\/02\/archipel-brehat-camping-paampol.webp 1200w, https:\/\/portdelachaine.geek-tonic.dev\/wp-content\/uploads\/sites\/14\/2024\/02\/archipel-brehat-camping-paampol-300x200.webp 300w, https:\/\/portdelachaine.geek-tonic.dev\/wp-content\/uploads\/sites\/14\/2024\/02\/archipel-brehat-camping-paampol-1024x683.webp 1024w, https:\/\/portdelachaine.geek-tonic.dev\/wp-content\/uploads\/sites\/14\/2024\/02\/archipel-brehat-camping-paampol-768x512.webp 768w\" sizes=\"(max-width: 1200px) 100vw, 1200px\" \/><\/a><\/figure>\n<\/div>\n\n\n\n<div class=\"wp-block-column is-vertically-aligned-center animated fadeInRight slow is-layout-flow wp-block-column-is-layout-flow\" style=\"flex-basis:55%\">\n<h1 class=\"ls__heading wp-block-heading\">Entdecken Sie Lannion<\/h1>\n\n\n\n<h2 class=\"ls__heading wp-block-heading\">Tourismus in Lannion<\/h2>\n\n\n\n<p class=\"ls-paragraph\"><a href=\"https:\/\/www.lannion.bzh\/\">Lannion<\/a> liegt in der Bretagne und ist ein beliebtes Reiseziel. Diese <strong>charmante Stadt<\/strong> bietet eine harmonische Mischung aus historischem Erbe, unber\u00fchrter Natur und vielf\u00e4ltigen Aktivit\u00e4ten. Erkunden Sie das Stadtzentrum mit seinen gepflasterten Stra\u00dfen, Fachwerkh\u00e4usern und historischen Denkm\u00e4lern, darunter die wundersch\u00f6ne Kirche von Br\u00e9l\u00e9venez.  <\/p>\n\n\n\n<p class=\"ls-paragraph\">Genie\u00dfen Sie die herrlichen Wanderwege entlang der Rosa Granitk\u00fcste und bewundern Sie die spektakul\u00e4ren Felsformationen. Lannion ist auch ein idealer Ausgangspunkt f\u00fcr <strong>Ausfl\u00fcge zum Archipel von Br\u00e9hat <\/strong>und anderen Inseln in der Umgebung. Wassersportler kommen beim Segeln, Kajakfahren und Tauchen auf dem Meer auf ihre Kosten. Mit seinem kulturellen und nat\u00fcrlichen Reichtum wird Lannion alle Besucher begeistern.<\/p>\n<\/div>\n<\/div>\n\n\r\n    <\/div>\r\n<\/section><section id=\"ls-section-block_d2d8e6d1db682f997cc4f05e2d81ae58\" class=\"ls-section  home-gallery has-background has-color-4-background-color has-m-t m-t-0 has-p-t p-t-0\" >\r\n        <div class=\"container container--full\">\r\n        \n\n<figure class=\"wp-block-gallery has-nested-images columns-1 is-cropped galerie-slider-container wp-block-gallery-1 is-layout-flex wp-block-gallery-is-layout-flex\">\n<figure class=\"wp-block-image size-full\"><a href=\"https:\/\/www.portdelachaine.geek-tonic.dev\/wp-content\/uploads\/sites\/14\/2024\/02\/ile-brehat-camping-paimpol.webp\"><img decoding=\"async\" width=\"1200\" height=\"800\" src=\"https:\/\/www.portdelachaine.geek-tonic.dev\/wp-content\/uploads\/sites\/14\/2024\/02\/ile-brehat-camping-paimpol.webp\" alt=\"ile brehat camping paimpol\" class=\"wp-image-987\" srcset=\"https:\/\/portdelachaine.geek-tonic.dev\/wp-content\/uploads\/sites\/14\/2024\/02\/ile-brehat-camping-paimpol.webp 1200w, https:\/\/portdelachaine.geek-tonic.dev\/wp-content\/uploads\/sites\/14\/2024\/02\/ile-brehat-camping-paimpol-300x200.webp 300w, https:\/\/portdelachaine.geek-tonic.dev\/wp-content\/uploads\/sites\/14\/2024\/02\/ile-brehat-camping-paimpol-1024x683.webp 1024w, https:\/\/portdelachaine.geek-tonic.dev\/wp-content\/uploads\/sites\/14\/2024\/02\/ile-brehat-camping-paimpol-768x512.webp 768w\" sizes=\"(max-width: 1200px) 100vw, 1200px\" \/><\/a><\/figure>\n\n\n\n<figure class=\"wp-block-image size-full\"><a href=\"https:\/\/www.portdelachaine.geek-tonic.dev\/wp-content\/uploads\/sites\/14\/2024\/02\/visite-lannion-camping-paimpol.webp\"><img decoding=\"async\" width=\"1200\" height=\"800\" src=\"https:\/\/www.portdelachaine.geek-tonic.dev\/wp-content\/uploads\/sites\/14\/2024\/02\/visite-lannion-camping-paimpol.webp\" alt=\"besuch lannion camping paimpol\" class=\"wp-image-989\" srcset=\"https:\/\/portdelachaine.geek-tonic.dev\/wp-content\/uploads\/sites\/14\/2024\/02\/visite-lannion-camping-paimpol.webp 1200w, https:\/\/portdelachaine.geek-tonic.dev\/wp-content\/uploads\/sites\/14\/2024\/02\/visite-lannion-camping-paimpol-300x200.webp 300w, https:\/\/portdelachaine.geek-tonic.dev\/wp-content\/uploads\/sites\/14\/2024\/02\/visite-lannion-camping-paimpol-1024x683.webp 1024w, https:\/\/portdelachaine.geek-tonic.dev\/wp-content\/uploads\/sites\/14\/2024\/02\/visite-lannion-camping-paimpol-768x512.webp 768w\" sizes=\"(max-width: 1200px) 100vw, 1200px\" \/><\/a><\/figure>\n\n\n\n<figure class=\"wp-block-image size-full\"><a href=\"https:\/\/www.portdelachaine.geek-tonic.dev\/wp-content\/uploads\/sites\/14\/2024\/02\/cote-granit-rose-camping-paimpol.webp\"><img decoding=\"async\" width=\"1200\" height=\"800\" src=\"https:\/\/www.portdelachaine.geek-tonic.dev\/wp-content\/uploads\/sites\/14\/2024\/02\/cote-granit-rose-camping-paimpol.webp\" alt=\"cote granit rose camping paimpol\" class=\"wp-image-939\" srcset=\"https:\/\/portdelachaine.geek-tonic.dev\/wp-content\/uploads\/sites\/14\/2024\/02\/cote-granit-rose-camping-paimpol.webp 1200w, https:\/\/portdelachaine.geek-tonic.dev\/wp-content\/uploads\/sites\/14\/2024\/02\/cote-granit-rose-camping-paimpol-300x200.webp 300w, https:\/\/portdelachaine.geek-tonic.dev\/wp-content\/uploads\/sites\/14\/2024\/02\/cote-granit-rose-camping-paimpol-1024x683.webp 1024w, https:\/\/portdelachaine.geek-tonic.dev\/wp-content\/uploads\/sites\/14\/2024\/02\/cote-granit-rose-camping-paimpol-768x512.webp 768w\" sizes=\"(max-width: 1200px) 100vw, 1200px\" \/><\/a><\/figure>\n<\/figure>\n\n\r\n    <\/div>\r\n<\/section><section id=\"ls-section-block_c3a72b1dbaeaaf8065ae3722659acb49\" class=\"ls-section  page-one aventure\" >\r\n        <div class=\"container container--wide\">\r\n        \n\n<div class=\"wp-block-columns is-layout-flex wp-container-core-columns-is-layout-2 wp-block-columns-is-layout-flex\">\n<div class=\"wp-block-column is-vertically-aligned-center first animated fadeInLeft delay-100ms slow is-layout-flow wp-block-column-is-layout-flow\" style=\"flex-basis:45%\">\n<figure class=\"wp-block-image size-full\"><a href=\"https:\/\/www.portdelachaine.geek-tonic.dev\/wp-content\/uploads\/sites\/14\/2024\/02\/cote-lannion-camping-paimpol.webp\"><img decoding=\"async\" width=\"1200\" height=\"800\" src=\"https:\/\/www.portdelachaine.geek-tonic.dev\/wp-content\/uploads\/sites\/14\/2024\/02\/cote-lannion-camping-paimpol.webp\" alt=\"cote lannion camping paimpol\" class=\"wp-image-984\" srcset=\"https:\/\/portdelachaine.geek-tonic.dev\/wp-content\/uploads\/sites\/14\/2024\/02\/cote-lannion-camping-paimpol.webp 1200w, https:\/\/portdelachaine.geek-tonic.dev\/wp-content\/uploads\/sites\/14\/2024\/02\/cote-lannion-camping-paimpol-300x200.webp 300w, https:\/\/portdelachaine.geek-tonic.dev\/wp-content\/uploads\/sites\/14\/2024\/02\/cote-lannion-camping-paimpol-1024x683.webp 1024w, https:\/\/portdelachaine.geek-tonic.dev\/wp-content\/uploads\/sites\/14\/2024\/02\/cote-lannion-camping-paimpol-768x512.webp 768w\" sizes=\"(max-width: 1200px) 100vw, 1200px\" \/><\/a><\/figure>\n<\/div>\n\n\n\n<div class=\"wp-block-column is-vertically-aligned-center second animated fadeInRight slow is-layout-flow wp-block-column-is-layout-flow\" style=\"flex-basis:55%\">\n<h2 class=\"ls__heading wp-block-heading has-text-align-left\">Was man in Lannion sehen und tun kann<\/h2>\n\n\n\n<p class=\"ls-paragraph\">Lannion liegt in der Bretagne und ist ein Ort, der reich an touristischer Vielfalt ist. Erkunden Sie das malerische Stadtzentrum, wo die gepflasterten Stra\u00dfen Sie an Fachwerkh\u00e4usern und <strong>historischen Denkm\u00e4lern<\/strong> vorbeif\u00fchren, wie z.B. die Kirche von Brel\u00e9venez, ein architektonisches Juwel.<\/p>\n\n\n\n<p class=\"ls-paragraph\">Naturliebhaber werden von der N\u00e4he der Rosa Granitk\u00fcste begeistert sein, die f\u00fcr ihre spektakul\u00e4ren Felsformationen bekannt ist. Die Wanderwege bieten atemberaubende Ausblicke und die Gelegenheit, sich in der nat\u00fcrlichen Sch\u00f6nheit zu verlieren. F\u00fcr ein maritimes Erlebnis machen Sie einen Ausflug zum <a href=\"https:\/\/www.guingamp-paimpol.com\/bienvenue-chez-nous\/les-sites-incontournables\/archipel-de-brehat\" target=\"_blank\" rel=\"noreferrer noopener\">Archipel von Br\u00e9hat<\/a> oder erkunden Sie andere Inseln in der Umgebung.<\/p>\n\n\n\n<p class=\"ls-paragraph\"><strong> Wassersportarten<\/strong> sind ebenfalls beliebt, darunter Segeln, Kajakfahren und Tauchen. Die \u00f6rtlichen Str\u00e4nde sind ideal zum Entspannen und Schwimmen. Dar\u00fcber hinaus bietet Lannion eine lebhafte Kulturszene mit Festivals, bunten M\u00e4rkten und einer k\u00f6stlichen bretonischen K\u00fcche, die frische Meeresfr\u00fcchte, Cr\u00eapes und regionalen Cidre hervorhebt.<\/p>\n\n\n\n<p class=\"ls-paragraph\">Ob Sie sich f\u00fcr Geschichte, Natur oder Gastronomie begeistern, Lannion bietet allen Besuchern ein unvergessliches Erlebnis. Verpassen Sie es nicht, Ihren Aufenthalt zu planen, um diese Wunder zu erkunden und <strong>unvergessliche Momente in der Bretagne<\/strong> zu erleben. Nutzen Sie diese Gelegenheit, um die Meeresaktivit\u00e4ten, die malerischen Wanderungen und die lokalen K\u00f6stlichkeiten der Region zu entdecken.<\/p>\n<\/div>\n<\/div>\n\n\r\n    <\/div>\r\n<\/section><section id=\"ls-section-block_f8c9aeb91e8b3508cd1d6eae1f529a37\" class=\"ls-section  page-maillage experience has-m-t m-t-0 has-p-t p-t-10\" >\r\n        <div class=\"container container--wide\">\r\n        \n\n<div id=\"ls-heading ls-titre-div-block_272d240364950c84007db3932942b098\" class=\"ls-titre-div aligncenter h2-like\" >\n    <strong>Entdecken Sie die<\/strong> Umgebung<\/div>\n\n\n<div id=\"ls-maillage-block_233c34d3f3b68dc483f817ad0fa05c4e\" class=\"ls-maillage cta-style-normal\" data-rows=\"3\">\n    <div class=\"wp-block-columns\"><div class=\"wp-block-column\"><div id=\"destinations\" class=\"ls-cta\">\n\n<a href=\"https:\/\/portdelachaine.geek-tonic.dev\/de\/saint-brieuc-campingplatz\/\" target=\"\" rel=\"noopener\" class=\"ls-cta__link\">\n\n\t<div class=\"ls-cta__image\"><img decoding=\"async\" src=\"https:\/\/portdelachaine.geek-tonic.dev\/wp-content\/uploads\/sites\/14\/2024\/02\/baie-saint-brieuc-camping-paimpol.webp\" alt=\"bay saint brieuc camping paimpol\"><\/div>\n\t<div class=\"ls-cta__title\">\n\t\tSaint Brieuc\t<\/div>\n\n\t\t\n<\/a><\/div><\/div><div class=\"wp-block-column\"><div id=\"destinations\" class=\"ls-cta\">\n\n<a href=\"https:\/\/portdelachaine.geek-tonic.dev\/de\/tourismus-pleubian\/\" target=\"\" rel=\"noopener\" class=\"ls-cta__link\">\n\n\t<div class=\"ls-cta__image\"><img decoding=\"async\" src=\"https:\/\/portdelachaine.geek-tonic.dev\/wp-content\/uploads\/sites\/14\/2024\/02\/sillon-de-talbert-pleubian-camping-paimpol.webp\" alt=\"sillon de talbert pleubian camping paimpol\"><\/div>\n\t<div class=\"ls-cta__title\">\n\t\tPleubian\t<\/div>\n\n\t\t\n<\/a><\/div><\/div><div class=\"wp-block-column\"><div id=\"destinations\" class=\"ls-cta\">\n\n<a href=\"https:\/\/portdelachaine.geek-tonic.dev\/de\/camping-rosa-granitkueste\/\" target=\"\" rel=\"noopener\" class=\"ls-cta__link\">\n\n\t<div class=\"ls-cta__image\"><img decoding=\"async\" src=\"https:\/\/portdelachaine.geek-tonic.dev\/wp-content\/uploads\/sites\/14\/2024\/02\/cote-granit-rose-tourisme-camping-paimpol.webp\" alt=\"cote granit rose tourismus camping paimpol\"><\/div>\n\t<div class=\"ls-cta__title\">\n\t\tRosa Granitk\u00fcste\t<\/div>\n\n\t\t\n<\/a><\/div><\/div><\/div><\/div>\n\r\n    <\/div>\r\n<\/section>","protected":false},"excerpt":{"rendered":"","protected":false},"author":1,"featured_media":1543,"parent":0,"menu_order":0,"comment_status":"closed","ping_status":"closed","template":"","meta":{"_acf_changed":false,"footnotes":""},"sujet":[],"class_list":["post-1538","page","type-page","status-publish","has-post-thumbnail","hentry"],"acf":[],"yoast_head":"<!-- This site is optimized with the Yoast SEO plugin v23.9 - https:\/\/yoast.com\/wordpress\/plugins\/seo\/ -->\n<title>Entdecken Sie das Kulturerbe von Lannion, 26 km vom Campingplatz entfernt.<\/title>\n<meta name=\"description\" content=\"Entdecken Sie das reiche historische Erbe von Lannion w\u00e4hrend Ihres Campingurlaubs und verlieren Sie sich in dem Labyrinth der gepflasterten Stra\u00dfen!\" \/>\n<meta name=\"robots\" content=\"noindex, follow, max-snippet:-1, max-image-preview:large, max-video-preview:-1\" \/>\n<meta property=\"og:locale\" content=\"de_DE\" \/>\n<meta property=\"og:type\" content=\"article\" \/>\n<meta property=\"og:title\" content=\"Entdecken Sie das Kulturerbe von Lannion, 26 km vom Campingplatz entfernt.\" \/>\n<meta property=\"og:description\" content=\"Entdecken Sie das reiche historische Erbe von Lannion w\u00e4hrend Ihres Campingurlaubs und verlieren Sie sich in dem Labyrinth der gepflasterten Stra\u00dfen!\" \/>\n<meta property=\"og:url\" content=\"https:\/\/portdelachaine.geek-tonic.dev\/de\/campingplatz-lannion\/\" \/>\n<meta property=\"og:site_name\" content=\"Camping Le Port de la Cha\u00eene\" \/>\n<meta property=\"article:modified_time\" content=\"2024-04-25T13:41:43+00:00\" \/>\n<meta property=\"og:image\" content=\"https:\/\/portdelachaine.geek-tonic.dev\/wp-content\/uploads\/sites\/14\/2024\/02\/tourisme-lannion-camping-paimpol.webp\" \/>\n\t<meta property=\"og:image:width\" content=\"2000\" \/>\n\t<meta property=\"og:image:height\" content=\"1000\" \/>\n\t<meta property=\"og:image:type\" content=\"image\/webp\" \/>\n<meta name=\"twitter:card\" content=\"summary_large_image\" \/>\n<meta name=\"twitter:label1\" content=\"Gesch\u00e4tzte Lesezeit\" \/>\n\t<meta name=\"twitter:data1\" content=\"2\u00a0Minuten\" \/>\n<script type=\"application\/ld+json\" class=\"yoast-schema-graph\">{\"@context\":\"https:\/\/schema.org\",\"@graph\":[{\"@type\":\"WebPage\",\"@id\":\"https:\/\/portdelachaine.geek-tonic.dev\/de\/campingplatz-lannion\/\",\"url\":\"https:\/\/portdelachaine.geek-tonic.dev\/de\/campingplatz-lannion\/\",\"name\":\"Entdecken Sie das Kulturerbe von Lannion, 26 km vom Campingplatz entfernt.\",\"isPartOf\":{\"@id\":\"https:\/\/portdelachaine.geek-tonic.dev\/de\/#website\"},\"primaryImageOfPage\":{\"@id\":\"https:\/\/portdelachaine.geek-tonic.dev\/de\/campingplatz-lannion\/#primaryimage\"},\"image\":{\"@id\":\"https:\/\/portdelachaine.geek-tonic.dev\/de\/campingplatz-lannion\/#primaryimage\"},\"thumbnailUrl\":\"https:\/\/portdelachaine.geek-tonic.dev\/wp-content\/uploads\/sites\/14\/2024\/02\/tourisme-lannion-camping-paimpol.webp\",\"datePublished\":\"2024-02-28T15:54:33+00:00\",\"dateModified\":\"2024-04-25T13:41:43+00:00\",\"description\":\"Entdecken Sie das reiche historische Erbe von Lannion w\u00e4hrend Ihres Campingurlaubs und verlieren Sie sich in dem Labyrinth der gepflasterten Stra\u00dfen!\",\"breadcrumb\":{\"@id\":\"https:\/\/portdelachaine.geek-tonic.dev\/de\/campingplatz-lannion\/#breadcrumb\"},\"inLanguage\":\"de\",\"potentialAction\":[{\"@type\":\"ReadAction\",\"target\":[\"https:\/\/portdelachaine.geek-tonic.dev\/de\/campingplatz-lannion\/\"]}]},{\"@type\":\"ImageObject\",\"inLanguage\":\"de\",\"@id\":\"https:\/\/portdelachaine.geek-tonic.dev\/de\/campingplatz-lannion\/#primaryimage\",\"url\":\"https:\/\/portdelachaine.geek-tonic.dev\/wp-content\/uploads\/sites\/14\/2024\/02\/tourisme-lannion-camping-paimpol.webp\",\"contentUrl\":\"https:\/\/portdelachaine.geek-tonic.dev\/wp-content\/uploads\/sites\/14\/2024\/02\/tourisme-lannion-camping-paimpol.webp\",\"width\":2000,\"height\":1000,\"caption\":\"Tourismus lannion camping paimpol\"},{\"@type\":\"BreadcrumbList\",\"@id\":\"https:\/\/portdelachaine.geek-tonic.dev\/de\/campingplatz-lannion\/#breadcrumb\",\"itemListElement\":[{\"@type\":\"ListItem\",\"position\":1,\"name\":\"Camping dans les C\u00f4tes-d'Armor\",\"item\":\"https:\/\/portdelachaine.geek-tonic.dev\/de\/\"},{\"@type\":\"ListItem\",\"position\":2,\"name\":\"Was man in Lannion sehen und tun kann\"}]},{\"@type\":\"WebSite\",\"@id\":\"https:\/\/portdelachaine.geek-tonic.dev\/de\/#website\",\"url\":\"https:\/\/portdelachaine.geek-tonic.dev\/de\/\",\"name\":\"Camping Le Port de la Cha\u00eene\",\"description\":\"\",\"publisher\":{\"@id\":\"https:\/\/portdelachaine.geek-tonic.dev\/de\/#organization\"},\"potentialAction\":[{\"@type\":\"SearchAction\",\"target\":{\"@type\":\"EntryPoint\",\"urlTemplate\":\"https:\/\/portdelachaine.geek-tonic.dev\/de\/?s={search_term_string}\"},\"query-input\":{\"@type\":\"PropertyValueSpecification\",\"valueRequired\":true,\"valueName\":\"search_term_string\"}}],\"inLanguage\":\"de\"},{\"@type\":\"Organization\",\"@id\":\"https:\/\/portdelachaine.geek-tonic.dev\/de\/#organization\",\"name\":\"Camping Le Port de la Cha\u00eene\",\"url\":\"https:\/\/portdelachaine.geek-tonic.dev\/de\/\",\"logo\":{\"@type\":\"ImageObject\",\"inLanguage\":\"de\",\"@id\":\"https:\/\/portdelachaine.geek-tonic.dev\/de\/#\/schema\/logo\/image\/\",\"url\":\"https:\/\/portdelachaine.geek-tonic.dev\/wp-content\/uploads\/sites\/14\/2024\/02\/cropped-logo-Flower-camping-Le-Port-de-la-Chaine.png\",\"contentUrl\":\"https:\/\/portdelachaine.geek-tonic.dev\/wp-content\/uploads\/sites\/14\/2024\/02\/cropped-logo-Flower-camping-Le-Port-de-la-Chaine.png\",\"width\":500,\"height\":660,\"caption\":\"Camping Le Port de la Cha\u00eene\"},\"image\":{\"@id\":\"https:\/\/portdelachaine.geek-tonic.dev\/de\/#\/schema\/logo\/image\/\"}}]}<\/script>\n<!-- \/ Yoast SEO plugin. -->","yoast_head_json":{"title":"Entdecken Sie das Kulturerbe von Lannion, 26 km vom Campingplatz entfernt.","description":"Entdecken Sie das reiche historische Erbe von Lannion w\u00e4hrend Ihres Campingurlaubs und verlieren Sie sich in dem Labyrinth der gepflasterten Stra\u00dfen!","robots":{"index":"noindex","follow":"follow","max-snippet":"max-snippet:-1","max-image-preview":"max-image-preview:large","max-video-preview":"max-video-preview:-1"},"og_locale":"de_DE","og_type":"article","og_title":"Entdecken Sie das Kulturerbe von Lannion, 26 km vom Campingplatz entfernt.","og_description":"Entdecken Sie das reiche historische Erbe von Lannion w\u00e4hrend Ihres Campingurlaubs und verlieren Sie sich in dem Labyrinth der gepflasterten Stra\u00dfen!","og_url":"https:\/\/portdelachaine.geek-tonic.dev\/de\/campingplatz-lannion\/","og_site_name":"Camping Le Port de la Cha\u00eene","article_modified_time":"2024-04-25T13:41:43+00:00","og_image":[{"width":2000,"height":1000,"url":"https:\/\/portdelachaine.geek-tonic.dev\/wp-content\/uploads\/sites\/14\/2024\/02\/tourisme-lannion-camping-paimpol.webp","type":"image\/webp"}],"twitter_card":"summary_large_image","twitter_misc":{"Gesch\u00e4tzte Lesezeit":"2\u00a0Minuten"},"schema":{"@context":"https:\/\/schema.org","@graph":[{"@type":"WebPage","@id":"https:\/\/portdelachaine.geek-tonic.dev\/de\/campingplatz-lannion\/","url":"https:\/\/portdelachaine.geek-tonic.dev\/de\/campingplatz-lannion\/","name":"Entdecken Sie das Kulturerbe von Lannion, 26 km vom Campingplatz entfernt.","isPartOf":{"@id":"https:\/\/portdelachaine.geek-tonic.dev\/de\/#website"},"primaryImageOfPage":{"@id":"https:\/\/portdelachaine.geek-tonic.dev\/de\/campingplatz-lannion\/#primaryimage"},"image":{"@id":"https:\/\/portdelachaine.geek-tonic.dev\/de\/campingplatz-lannion\/#primaryimage"},"thumbnailUrl":"https:\/\/portdelachaine.geek-tonic.dev\/wp-content\/uploads\/sites\/14\/2024\/02\/tourisme-lannion-camping-paimpol.webp","datePublished":"2024-02-28T15:54:33+00:00","dateModified":"2024-04-25T13:41:43+00:00","description":"Entdecken Sie das reiche historische Erbe von Lannion w\u00e4hrend Ihres Campingurlaubs und verlieren Sie sich in dem Labyrinth der gepflasterten Stra\u00dfen!","breadcrumb":{"@id":"https:\/\/portdelachaine.geek-tonic.dev\/de\/campingplatz-lannion\/#breadcrumb"},"inLanguage":"de","potentialAction":[{"@type":"ReadAction","target":["https:\/\/portdelachaine.geek-tonic.dev\/de\/campingplatz-lannion\/"]}]},{"@type":"ImageObject","inLanguage":"de","@id":"https:\/\/portdelachaine.geek-tonic.dev\/de\/campingplatz-lannion\/#primaryimage","url":"https:\/\/portdelachaine.geek-tonic.dev\/wp-content\/uploads\/sites\/14\/2024\/02\/tourisme-lannion-camping-paimpol.webp","contentUrl":"https:\/\/portdelachaine.geek-tonic.dev\/wp-content\/uploads\/sites\/14\/2024\/02\/tourisme-lannion-camping-paimpol.webp","width":2000,"height":1000,"caption":"Tourismus lannion camping paimpol"},{"@type":"BreadcrumbList","@id":"https:\/\/portdelachaine.geek-tonic.dev\/de\/campingplatz-lannion\/#breadcrumb","itemListElement":[{"@type":"ListItem","position":1,"name":"Camping dans les C\u00f4tes-d'Armor","item":"https:\/\/portdelachaine.geek-tonic.dev\/de\/"},{"@type":"ListItem","position":2,"name":"Was man in Lannion sehen und tun kann"}]},{"@type":"WebSite","@id":"https:\/\/portdelachaine.geek-tonic.dev\/de\/#website","url":"https:\/\/portdelachaine.geek-tonic.dev\/de\/","name":"Camping Le Port de la Cha\u00eene","description":"","publisher":{"@id":"https:\/\/portdelachaine.geek-tonic.dev\/de\/#organization"},"potentialAction":[{"@type":"SearchAction","target":{"@type":"EntryPoint","urlTemplate":"https:\/\/portdelachaine.geek-tonic.dev\/de\/?s={search_term_string}"},"query-input":{"@type":"PropertyValueSpecification","valueRequired":true,"valueName":"search_term_string"}}],"inLanguage":"de"},{"@type":"Organization","@id":"https:\/\/portdelachaine.geek-tonic.dev\/de\/#organization","name":"Camping Le Port de la Cha\u00eene","url":"https:\/\/portdelachaine.geek-tonic.dev\/de\/","logo":{"@type":"ImageObject","inLanguage":"de","@id":"https:\/\/portdelachaine.geek-tonic.dev\/de\/#\/schema\/logo\/image\/","url":"https:\/\/portdelachaine.geek-tonic.dev\/wp-content\/uploads\/sites\/14\/2024\/02\/cropped-logo-Flower-camping-Le-Port-de-la-Chaine.png","contentUrl":"https:\/\/portdelachaine.geek-tonic.dev\/wp-content\/uploads\/sites\/14\/2024\/02\/cropped-logo-Flower-camping-Le-Port-de-la-Chaine.png","width":500,"height":660,"caption":"Camping Le Port de la Cha\u00eene"},"image":{"@id":"https:\/\/portdelachaine.geek-tonic.dev\/de\/#\/schema\/logo\/image\/"}}]}},"_links":{"self":[{"href":"https:\/\/portdelachaine.geek-tonic.dev\/de\/wp-json\/wp\/v2\/pages\/1538","targetHints":{"allow":["GET"]}}],"collection":[{"href":"https:\/\/portdelachaine.geek-tonic.dev\/de\/wp-json\/wp\/v2\/pages"}],"about":[{"href":"https:\/\/portdelachaine.geek-tonic.dev\/de\/wp-json\/wp\/v2\/types\/page"}],"author":[{"embeddable":true,"href":"https:\/\/portdelachaine.geek-tonic.dev\/de\/wp-json\/wp\/v2\/users\/1"}],"replies":[{"embeddable":true,"href":"https:\/\/portdelachaine.geek-tonic.dev\/de\/wp-json\/wp\/v2\/comments?post=1538"}],"version-history":[{"count":3,"href":"https:\/\/portdelachaine.geek-tonic.dev\/de\/wp-json\/wp\/v2\/pages\/1538\/revisions"}],"predecessor-version":[{"id":1680,"href":"https:\/\/portdelachaine.geek-tonic.dev\/de\/wp-json\/wp\/v2\/pages\/1538\/revisions\/1680"}],"wp:featuredmedia":[{"embeddable":true,"href":"https:\/\/portdelachaine.geek-tonic.dev\/de\/wp-json\/wp\/v2\/media\/1543"}],"wp:attachment":[{"href":"https:\/\/portdelachaine.geek-tonic.dev\/de\/wp-json\/wp\/v2\/media?parent=1538"}],"wp:term":[{"taxonomy":"sujet","embeddable":true,"href":"https:\/\/portdelachaine.geek-tonic.dev\/de\/wp-json\/wp\/v2\/sujet?post=1538"}],"curies":[{"name":"wp","href":"https:\/\/api.w.org\/{rel}","templated":true}]}}