{"id":1525,"date":"2024-01-03T15:33:45","date_gmt":"2024-01-03T14:33:45","guid":{"rendered":"https:\/\/www.portdelachaine.geek-tonic.dev\/das-restaurant-pleubian\/"},"modified":"2024-04-25T15:17:37","modified_gmt":"2024-04-25T13:17:37","slug":"das-restaurant-pleubian","status":"publish","type":"page","link":"https:\/\/portdelachaine.geek-tonic.dev\/de\/das-restaurant-pleubian\/","title":{"rendered":"Das Restaurant"},"content":{"rendered":"<section id=\"ls-section-block_80dbfa5990747906e947a546cad064c5\" class=\"ls-section  page-one has-background has-color-4-background-color has-m-t m-t-0 has-m-b m-b-0 has-p-t p-t-14 has-p-b p-b-14\" >\r\n        <div class=\"container container--wide\">\r\n        \n\n<div class=\"wp-block-columns is-layout-flex wp-container-core-columns-is-layout-1 wp-block-columns-is-layout-flex\">\n<div class=\"wp-block-column animated fadeInLeft delay-100ms slow is-layout-flow wp-block-column-is-layout-flow\" style=\"flex-basis:45%\">\n<figure class=\"wp-block-image size-full\"><a href=\"https:\/\/www.portdelachaine.geek-tonic.dev\/wp-content\/uploads\/sites\/14\/2024\/02\/restaurant-camping-paimpol.webp\"><img decoding=\"async\" width=\"1200\" height=\"765\" src=\"https:\/\/www.portdelachaine.geek-tonic.dev\/wp-content\/uploads\/sites\/14\/2024\/02\/restaurant-camping-paimpol.webp\" alt=\"restaurant camping paimpol\" class=\"wp-image-774\" srcset=\"https:\/\/portdelachaine.geek-tonic.dev\/wp-content\/uploads\/sites\/14\/2024\/02\/restaurant-camping-paimpol.webp 1200w, https:\/\/portdelachaine.geek-tonic.dev\/wp-content\/uploads\/sites\/14\/2024\/02\/restaurant-camping-paimpol-300x191.webp 300w, https:\/\/portdelachaine.geek-tonic.dev\/wp-content\/uploads\/sites\/14\/2024\/02\/restaurant-camping-paimpol-1024x653.webp 1024w, https:\/\/portdelachaine.geek-tonic.dev\/wp-content\/uploads\/sites\/14\/2024\/02\/restaurant-camping-paimpol-768x490.webp 768w\" sizes=\"(max-width: 1200px) 100vw, 1200px\" \/><\/a><\/figure>\n<\/div>\n\n\n\n<div class=\"wp-block-column is-vertically-aligned-center animated fadeInRight slow is-layout-flow wp-block-column-is-layout-flow\" style=\"flex-basis:55%\">\n<h1 class=\"ls__heading wp-block-heading\">Restaurant in C\u00f4tes-d&#8217;Armor<\/h1>\n\n\n\n<h2 class=\"ls__heading wp-block-heading\">Restaurant in der N\u00e4he von Paimpol<\/h2>\n\n\n\n<p class=\"ls-paragraph\">Genie\u00dfen Sie das Angebot unseres<strong> Restaurants in Pleubian<\/strong>, das sich in der N\u00e4he des <a href=\"https:\/\/www.portdelachaine.geek-tonic.dev\/de\/camping-beheiztem-schwimmbad-pleubian\/\">Freibads unseres Campingplatzes<\/a> befindet. Die einladende Terrasse bietet Ihnen Mahlzeiten im Freien und als Bonus einen Sonnenuntergang w\u00e4hrend des Desserts oder des Kaffees. In der N\u00e4he gibt es eine Tischtennisplatte und Spielpl\u00e4tze f\u00fcr Ihre Kinder. Im Sommer gibt es abends Animationen, die Sie w\u00e4hrend Ihres Campingurlaubs in den C\u00f4tes d&#8217;Armor unterhalten.<\/p>\n\n\n\n<p class=\"ls-paragraph\">W\u00e4hrend Ihres gesamten Urlaubs auf unserem Campingplatz steht Ihnen das Team des Restaurants, der Snackbar und der Bar zur Verf\u00fcgung, um Ihnen angenehme Momente zu bereiten. Genie\u00dfen Sie einen <strong>gem\u00fctlichen Moment<\/strong> mit Ihren Lieben im Snack-Restaurant.  <\/p>\n<\/div>\n<\/div>\n\n\r\n    <\/div>\r\n<\/section><section id=\"ls-section-block_55b4843a08d46d7acb0e63ee0e48266a\" class=\"ls-section  home-gallery has-background has-color-4-background-color has-m-t m-t-0 has-p-t p-t-0\" >\r\n        <div class=\"container container--full\">\r\n        \n\n<figure class=\"wp-block-gallery has-nested-images columns-1 is-cropped galerie-slider-container wp-block-gallery-1 is-layout-flex wp-block-gallery-is-layout-flex\">\n<figure class=\"wp-block-image size-full\"><a href=\"https:\/\/www.portdelachaine.geek-tonic.dev\/wp-content\/uploads\/sites\/14\/2024\/01\/parc-aquatique-du-camping-odalys-port-de-la-chaine.webp\"><img decoding=\"async\" width=\"1200\" height=\"765\" src=\"https:\/\/www.portdelachaine.geek-tonic.dev\/wp-content\/uploads\/sites\/14\/2024\/01\/parc-aquatique-du-camping-odalys-port-de-la-chaine.webp\" alt=\"Wasserpark des Campingplatzes odalys port de la chaine\" class=\"wp-image-540\" srcset=\"https:\/\/portdelachaine.geek-tonic.dev\/wp-content\/uploads\/sites\/14\/2024\/01\/parc-aquatique-du-camping-odalys-port-de-la-chaine.webp 1200w, https:\/\/portdelachaine.geek-tonic.dev\/wp-content\/uploads\/sites\/14\/2024\/01\/parc-aquatique-du-camping-odalys-port-de-la-chaine-300x191.webp 300w, https:\/\/portdelachaine.geek-tonic.dev\/wp-content\/uploads\/sites\/14\/2024\/01\/parc-aquatique-du-camping-odalys-port-de-la-chaine-1024x653.webp 1024w, https:\/\/portdelachaine.geek-tonic.dev\/wp-content\/uploads\/sites\/14\/2024\/01\/parc-aquatique-du-camping-odalys-port-de-la-chaine-768x490.webp 768w\" sizes=\"(max-width: 1200px) 100vw, 1200px\" \/><\/a><\/figure>\n\n\n\n<figure class=\"wp-block-image size-full\"><a href=\"https:\/\/www.portdelachaine.geek-tonic.dev\/wp-content\/uploads\/sites\/14\/2024\/02\/hebergement-camping-paimpol.webp\"><img decoding=\"async\" width=\"1200\" height=\"765\" src=\"https:\/\/www.portdelachaine.geek-tonic.dev\/wp-content\/uploads\/sites\/14\/2024\/02\/hebergement-camping-paimpol.webp\" alt=\"unterkunft auf dem campingplatz paimpol\" class=\"wp-image-789\" srcset=\"https:\/\/portdelachaine.geek-tonic.dev\/wp-content\/uploads\/sites\/14\/2024\/02\/hebergement-camping-paimpol.webp 1200w, https:\/\/portdelachaine.geek-tonic.dev\/wp-content\/uploads\/sites\/14\/2024\/02\/hebergement-camping-paimpol-300x191.webp 300w, https:\/\/portdelachaine.geek-tonic.dev\/wp-content\/uploads\/sites\/14\/2024\/02\/hebergement-camping-paimpol-1024x653.webp 1024w, https:\/\/portdelachaine.geek-tonic.dev\/wp-content\/uploads\/sites\/14\/2024\/02\/hebergement-camping-paimpol-768x490.webp 768w\" sizes=\"(max-width: 1200px) 100vw, 1200px\" \/><\/a><\/figure>\n\n\n\n<figure class=\"wp-block-image size-full\"><a href=\"https:\/\/www.portdelachaine.geek-tonic.dev\/wp-content\/uploads\/sites\/14\/2024\/02\/restauration-plage-camping-paimpol.webp\"><img decoding=\"async\" width=\"1200\" height=\"800\" src=\"https:\/\/www.portdelachaine.geek-tonic.dev\/wp-content\/uploads\/sites\/14\/2024\/02\/restauration-plage-camping-paimpol.webp\" alt=\"Restauration Strand Camping Paimpol\" class=\"wp-image-795\" srcset=\"https:\/\/portdelachaine.geek-tonic.dev\/wp-content\/uploads\/sites\/14\/2024\/02\/restauration-plage-camping-paimpol.webp 1200w, https:\/\/portdelachaine.geek-tonic.dev\/wp-content\/uploads\/sites\/14\/2024\/02\/restauration-plage-camping-paimpol-300x200.webp 300w, https:\/\/portdelachaine.geek-tonic.dev\/wp-content\/uploads\/sites\/14\/2024\/02\/restauration-plage-camping-paimpol-1024x683.webp 1024w, https:\/\/portdelachaine.geek-tonic.dev\/wp-content\/uploads\/sites\/14\/2024\/02\/restauration-plage-camping-paimpol-768x512.webp 768w\" sizes=\"(max-width: 1200px) 100vw, 1200px\" \/><\/a><\/figure>\n<\/figure>\n\n\r\n    <\/div>\r\n<\/section><section id=\"ls-section-block_c7c83e93d88fda7392a9f7dc2b1827bc\" class=\"ls-section  page-one aventure\" >\r\n        <div class=\"container container--wide\">\r\n        \n\n<div class=\"wp-block-columns is-layout-flex wp-container-core-columns-is-layout-2 wp-block-columns-is-layout-flex\">\n<div class=\"wp-block-column first animated fadeInLeft delay-100ms slow is-layout-flow wp-block-column-is-layout-flow\" style=\"flex-basis:45%\">\n<figure class=\"wp-block-image size-full\"><a href=\"https:\/\/www.portdelachaine.geek-tonic.dev\/wp-content\/uploads\/sites\/14\/2024\/02\/pizza-restaurant-camping-paimpol.webp\"><img decoding=\"async\" width=\"1200\" height=\"800\" src=\"https:\/\/www.portdelachaine.geek-tonic.dev\/wp-content\/uploads\/sites\/14\/2024\/02\/pizza-restaurant-camping-paimpol.webp\" alt=\"pizza restaurant camping paimpol\" class=\"wp-image-787\" srcset=\"https:\/\/portdelachaine.geek-tonic.dev\/wp-content\/uploads\/sites\/14\/2024\/02\/pizza-restaurant-camping-paimpol.webp 1200w, https:\/\/portdelachaine.geek-tonic.dev\/wp-content\/uploads\/sites\/14\/2024\/02\/pizza-restaurant-camping-paimpol-300x200.webp 300w, https:\/\/portdelachaine.geek-tonic.dev\/wp-content\/uploads\/sites\/14\/2024\/02\/pizza-restaurant-camping-paimpol-1024x683.webp 1024w, https:\/\/portdelachaine.geek-tonic.dev\/wp-content\/uploads\/sites\/14\/2024\/02\/pizza-restaurant-camping-paimpol-768x512.webp 768w\" sizes=\"(max-width: 1200px) 100vw, 1200px\" \/><\/a><\/figure>\n<\/div>\n\n\n\n<div class=\"wp-block-column is-vertically-aligned-center second animated fadeInRight slow is-layout-flow wp-block-column-is-layout-flow\" style=\"flex-basis:55%\">\n<h2 class=\"ls__heading wp-block-heading has-text-align-left\">Die Speisekarte unseres Restaurants<\/h2>\n\n\n\n<p class=\"ls-paragraph\">In unserem Restaurant mit Snackbar k\u00f6nnen Sie w\u00e4hrend Ihres Aufenthalts in einer Mietunterkunft oder auf einem Campingplatz in Pleubian schlemmen. Das Team des Restaurants wird Ihre s\u00fc\u00dfen, salzigen, leichten oder leckeren W\u00fcnsche nach den Aktivit\u00e4ten auf dem Campingplatz oder nach einem Tag am Strand oder nach Besichtigungen erf\u00fcllen.  <\/p>\n\n\n\n<p class=\"ls-paragraph\">Unsere<strong> schmackhaften Pizzas und Salate <\/strong>werden Ihren Gaumen erfreuen. Die Feinschmecker unter Ihnen werden unsere reichhaltige Speisekarte zu sch\u00e4tzen wissen. Sto\u00dfen Sie mit Familie oder Freunden mit unseren hei\u00dfen oder kalten Getr\u00e4nken an. W\u00e4hlen Sie die Option zum Mitnehmen f\u00fcr ein gem\u00fctliches Essen in Ihrer <a href=\"https:\/\/www.portdelachaine.geek-tonic.dev\/de\/mobilheimvermietung-pleubian\/\">Unterkunft<\/a> oder auf Ihrem <a href=\"https:\/\/www.portdelachaine.geek-tonic.dev\/de\/stellplatze-fur-zelte-auf-dem-campingplatz-paimpol\/\">Stellplatz<\/a>.  <\/p>\n<\/div>\n<\/div>\n\n\r\n    <\/div>\r\n<\/section><section id=\"ls-section-block_53b5b9b79922776e830c2c16aaa9d6f9\" class=\"ls-section  page-maillage experience has-p-t p-t-0\" >\r\n        <div class=\"container container--wide\">\r\n        \n\n<div id=\"ls-heading ls-titre-div-block_b37fbc621d1b29a8d3d93f5cb81d2e67\" class=\"ls-titre-div aligncenter h2-like\" >\n    <strong>Entdecken <\/strong> Sie unseren Service, unsere Verpflichtungen und unsere Leistungen f\u00fcr Gruppen<\/div>\n\n\n<div id=\"ls-maillage-block_7d524225bd5c182b2f53f13c80fa08ea\" class=\"ls-maillage cta-style-normal\" data-rows=\"3\">\n    <div class=\"wp-block-columns\"><div class=\"wp-block-column\"><div id=\"destinations\" class=\"ls-cta\">\n\n<a href=\"https:\/\/portdelachaine.geek-tonic.dev\/de\/flower-campingplatz-pleubian\/\" target=\"\" rel=\"noopener\" class=\"ls-cta__link\">\n\n\t<div class=\"ls-cta__image\"><img decoding=\"async\" src=\"https:\/\/portdelachaine.geek-tonic.dev\/wp-content\/uploads\/sites\/14\/2024\/01\/camping-port-de-la-chaine-flower-hebergements-a-paimpol.webp\" alt=\"vermietung von unterk\u00fcnften paimpol\"><\/div>\n\t<div class=\"ls-cta__title\">\n\t\tUnsere Verpflichtungen\t<\/div>\n\n\t\t\n<\/a><\/div><\/div><div class=\"wp-block-column\"><div id=\"destinations\" class=\"ls-cta\">\n\n<a href=\"https:\/\/portdelachaine.geek-tonic.dev\/de\/familien-campingplatz-pleubian\/\" target=\"\" rel=\"noopener\" class=\"ls-cta__link\">\n\n\t<div class=\"ls-cta__image\"><img decoding=\"async\" src=\"https:\/\/portdelachaine.geek-tonic.dev\/wp-content\/uploads\/sites\/14\/2024\/02\/petit-dejeuner-services-camping-paimpol.webp\" alt=\"Fr\u00fchst\u00fccksservice auf dem Campingplatz Paimpol\"><\/div>\n\t<div class=\"ls-cta__title\">\n\t\tDienstleistungen\t<\/div>\n\n\t\t\n<\/a><\/div><\/div><div class=\"wp-block-column\"><div id=\"destinations\" class=\"ls-cta\">\n\n<a href=\"https:\/\/portdelachaine.geek-tonic.dev\/de\/gruppencamping-pleubian\/\" target=\"\" rel=\"noopener\" class=\"ls-cta__link\">\n\n\t<div class=\"ls-cta__image\"><img decoding=\"async\" src=\"https:\/\/portdelachaine.geek-tonic.dev\/wp-content\/uploads\/sites\/14\/2024\/02\/team-building-camping-services-paimpol.webp\" alt=\"team building camping services paimpol\"><\/div>\n\t<div class=\"ls-cta__title\">\n\t\tGruppen und Betriebsr\u00e4te\t<\/div>\n\n\t\t\n<\/a><\/div><\/div><\/div><\/div>\n\r\n    <\/div>\r\n<\/section>","protected":false},"excerpt":{"rendered":"","protected":false},"author":1,"featured_media":1527,"parent":0,"menu_order":0,"comment_status":"closed","ping_status":"closed","template":"","meta":{"_acf_changed":false,"footnotes":""},"sujet":[],"class_list":["post-1525","page","type-page","status-publish","has-post-thumbnail","hentry"],"acf":[],"yoast_head":"<!-- This site is optimized with the Yoast SEO plugin v23.9 - https:\/\/yoast.com\/wordpress\/plugins\/seo\/ -->\n<title>Restaurant in der N\u00e4he von Paimpol: lokale K\u00fcche in den C\u00f4tes-d&#039;Armor<\/title>\n<meta name=\"description\" content=\"Schlemmen Sie und probieren Sie die bretonischen Aromen im Restaurant in der N\u00e4he von Paimpol im Departement C\u00f4tes-d&#039;Armor.\" \/>\n<meta name=\"robots\" content=\"noindex, follow, max-snippet:-1, max-image-preview:large, max-video-preview:-1\" \/>\n<meta property=\"og:locale\" content=\"de_DE\" \/>\n<meta property=\"og:type\" content=\"article\" \/>\n<meta property=\"og:title\" content=\"Restaurant in der N\u00e4he von Paimpol: lokale K\u00fcche in den C\u00f4tes-d&#039;Armor\" \/>\n<meta property=\"og:description\" content=\"Schlemmen Sie und probieren Sie die bretonischen Aromen im Restaurant in der N\u00e4he von Paimpol im Departement C\u00f4tes-d&#039;Armor.\" \/>\n<meta property=\"og:url\" content=\"https:\/\/portdelachaine.geek-tonic.dev\/de\/das-restaurant-pleubian\/\" \/>\n<meta property=\"og:site_name\" content=\"Camping Le Port de la Cha\u00eene\" \/>\n<meta property=\"article:modified_time\" content=\"2024-04-25T13:17:37+00:00\" \/>\n<meta property=\"og:image\" content=\"https:\/\/portdelachaine.geek-tonic.dev\/wp-content\/uploads\/sites\/14\/2024\/02\/restaurant-camping-paimpol-1.webp\" \/>\n\t<meta property=\"og:image:width\" content=\"2000\" \/>\n\t<meta property=\"og:image:height\" content=\"1000\" \/>\n\t<meta property=\"og:image:type\" content=\"image\/webp\" \/>\n<meta name=\"twitter:card\" content=\"summary_large_image\" \/>\n<meta name=\"twitter:label1\" content=\"Gesch\u00e4tzte Lesezeit\" \/>\n\t<meta name=\"twitter:data1\" content=\"1\u00a0Minute\" \/>\n<script type=\"application\/ld+json\" class=\"yoast-schema-graph\">{\"@context\":\"https:\/\/schema.org\",\"@graph\":[{\"@type\":\"WebPage\",\"@id\":\"https:\/\/portdelachaine.geek-tonic.dev\/de\/das-restaurant-pleubian\/\",\"url\":\"https:\/\/portdelachaine.geek-tonic.dev\/de\/das-restaurant-pleubian\/\",\"name\":\"Restaurant in der N\u00e4he von Paimpol: lokale K\u00fcche in den C\u00f4tes-d'Armor\",\"isPartOf\":{\"@id\":\"https:\/\/portdelachaine.geek-tonic.dev\/de\/#website\"},\"primaryImageOfPage\":{\"@id\":\"https:\/\/portdelachaine.geek-tonic.dev\/de\/das-restaurant-pleubian\/#primaryimage\"},\"image\":{\"@id\":\"https:\/\/portdelachaine.geek-tonic.dev\/de\/das-restaurant-pleubian\/#primaryimage\"},\"thumbnailUrl\":\"https:\/\/portdelachaine.geek-tonic.dev\/wp-content\/uploads\/sites\/14\/2024\/02\/restaurant-camping-paimpol-1.webp\",\"datePublished\":\"2024-01-03T14:33:45+00:00\",\"dateModified\":\"2024-04-25T13:17:37+00:00\",\"description\":\"Schlemmen Sie und probieren Sie die bretonischen Aromen im Restaurant in der N\u00e4he von Paimpol im Departement C\u00f4tes-d'Armor.\",\"breadcrumb\":{\"@id\":\"https:\/\/portdelachaine.geek-tonic.dev\/de\/das-restaurant-pleubian\/#breadcrumb\"},\"inLanguage\":\"de\",\"potentialAction\":[{\"@type\":\"ReadAction\",\"target\":[\"https:\/\/portdelachaine.geek-tonic.dev\/de\/das-restaurant-pleubian\/\"]}]},{\"@type\":\"ImageObject\",\"inLanguage\":\"de\",\"@id\":\"https:\/\/portdelachaine.geek-tonic.dev\/de\/das-restaurant-pleubian\/#primaryimage\",\"url\":\"https:\/\/portdelachaine.geek-tonic.dev\/wp-content\/uploads\/sites\/14\/2024\/02\/restaurant-camping-paimpol-1.webp\",\"contentUrl\":\"https:\/\/portdelachaine.geek-tonic.dev\/wp-content\/uploads\/sites\/14\/2024\/02\/restaurant-camping-paimpol-1.webp\",\"width\":2000,\"height\":1000,\"caption\":\"restaurant camping paimpol\"},{\"@type\":\"BreadcrumbList\",\"@id\":\"https:\/\/portdelachaine.geek-tonic.dev\/de\/das-restaurant-pleubian\/#breadcrumb\",\"itemListElement\":[{\"@type\":\"ListItem\",\"position\":1,\"name\":\"Camping dans les C\u00f4tes-d'Armor\",\"item\":\"https:\/\/portdelachaine.geek-tonic.dev\/de\/\"},{\"@type\":\"ListItem\",\"position\":2,\"name\":\"Gastronomie in der N\u00e4he von Paimpol\"}]},{\"@type\":\"WebSite\",\"@id\":\"https:\/\/portdelachaine.geek-tonic.dev\/de\/#website\",\"url\":\"https:\/\/portdelachaine.geek-tonic.dev\/de\/\",\"name\":\"Camping Le Port de la Cha\u00eene\",\"description\":\"\",\"publisher\":{\"@id\":\"https:\/\/portdelachaine.geek-tonic.dev\/de\/#organization\"},\"potentialAction\":[{\"@type\":\"SearchAction\",\"target\":{\"@type\":\"EntryPoint\",\"urlTemplate\":\"https:\/\/portdelachaine.geek-tonic.dev\/de\/?s={search_term_string}\"},\"query-input\":{\"@type\":\"PropertyValueSpecification\",\"valueRequired\":true,\"valueName\":\"search_term_string\"}}],\"inLanguage\":\"de\"},{\"@type\":\"Organization\",\"@id\":\"https:\/\/portdelachaine.geek-tonic.dev\/de\/#organization\",\"name\":\"Camping Le Port de la Cha\u00eene\",\"url\":\"https:\/\/portdelachaine.geek-tonic.dev\/de\/\",\"logo\":{\"@type\":\"ImageObject\",\"inLanguage\":\"de\",\"@id\":\"https:\/\/portdelachaine.geek-tonic.dev\/de\/#\/schema\/logo\/image\/\",\"url\":\"https:\/\/portdelachaine.geek-tonic.dev\/wp-content\/uploads\/sites\/14\/2024\/02\/cropped-logo-Flower-camping-Le-Port-de-la-Chaine.png\",\"contentUrl\":\"https:\/\/portdelachaine.geek-tonic.dev\/wp-content\/uploads\/sites\/14\/2024\/02\/cropped-logo-Flower-camping-Le-Port-de-la-Chaine.png\",\"width\":500,\"height\":660,\"caption\":\"Camping Le Port de la Cha\u00eene\"},\"image\":{\"@id\":\"https:\/\/portdelachaine.geek-tonic.dev\/de\/#\/schema\/logo\/image\/\"}}]}<\/script>\n<!-- \/ Yoast SEO plugin. -->","yoast_head_json":{"title":"Restaurant in der N\u00e4he von Paimpol: lokale K\u00fcche in den C\u00f4tes-d'Armor","description":"Schlemmen Sie und probieren Sie die bretonischen Aromen im Restaurant in der N\u00e4he von Paimpol im Departement C\u00f4tes-d'Armor.","robots":{"index":"noindex","follow":"follow","max-snippet":"max-snippet:-1","max-image-preview":"max-image-preview:large","max-video-preview":"max-video-preview:-1"},"og_locale":"de_DE","og_type":"article","og_title":"Restaurant in der N\u00e4he von Paimpol: lokale K\u00fcche in den C\u00f4tes-d'Armor","og_description":"Schlemmen Sie und probieren Sie die bretonischen Aromen im Restaurant in der N\u00e4he von Paimpol im Departement C\u00f4tes-d'Armor.","og_url":"https:\/\/portdelachaine.geek-tonic.dev\/de\/das-restaurant-pleubian\/","og_site_name":"Camping Le Port de la Cha\u00eene","article_modified_time":"2024-04-25T13:17:37+00:00","og_image":[{"width":2000,"height":1000,"url":"https:\/\/portdelachaine.geek-tonic.dev\/wp-content\/uploads\/sites\/14\/2024\/02\/restaurant-camping-paimpol-1.webp","type":"image\/webp"}],"twitter_card":"summary_large_image","twitter_misc":{"Gesch\u00e4tzte Lesezeit":"1\u00a0Minute"},"schema":{"@context":"https:\/\/schema.org","@graph":[{"@type":"WebPage","@id":"https:\/\/portdelachaine.geek-tonic.dev\/de\/das-restaurant-pleubian\/","url":"https:\/\/portdelachaine.geek-tonic.dev\/de\/das-restaurant-pleubian\/","name":"Restaurant in der N\u00e4he von Paimpol: lokale K\u00fcche in den C\u00f4tes-d'Armor","isPartOf":{"@id":"https:\/\/portdelachaine.geek-tonic.dev\/de\/#website"},"primaryImageOfPage":{"@id":"https:\/\/portdelachaine.geek-tonic.dev\/de\/das-restaurant-pleubian\/#primaryimage"},"image":{"@id":"https:\/\/portdelachaine.geek-tonic.dev\/de\/das-restaurant-pleubian\/#primaryimage"},"thumbnailUrl":"https:\/\/portdelachaine.geek-tonic.dev\/wp-content\/uploads\/sites\/14\/2024\/02\/restaurant-camping-paimpol-1.webp","datePublished":"2024-01-03T14:33:45+00:00","dateModified":"2024-04-25T13:17:37+00:00","description":"Schlemmen Sie und probieren Sie die bretonischen Aromen im Restaurant in der N\u00e4he von Paimpol im Departement C\u00f4tes-d'Armor.","breadcrumb":{"@id":"https:\/\/portdelachaine.geek-tonic.dev\/de\/das-restaurant-pleubian\/#breadcrumb"},"inLanguage":"de","potentialAction":[{"@type":"ReadAction","target":["https:\/\/portdelachaine.geek-tonic.dev\/de\/das-restaurant-pleubian\/"]}]},{"@type":"ImageObject","inLanguage":"de","@id":"https:\/\/portdelachaine.geek-tonic.dev\/de\/das-restaurant-pleubian\/#primaryimage","url":"https:\/\/portdelachaine.geek-tonic.dev\/wp-content\/uploads\/sites\/14\/2024\/02\/restaurant-camping-paimpol-1.webp","contentUrl":"https:\/\/portdelachaine.geek-tonic.dev\/wp-content\/uploads\/sites\/14\/2024\/02\/restaurant-camping-paimpol-1.webp","width":2000,"height":1000,"caption":"restaurant camping paimpol"},{"@type":"BreadcrumbList","@id":"https:\/\/portdelachaine.geek-tonic.dev\/de\/das-restaurant-pleubian\/#breadcrumb","itemListElement":[{"@type":"ListItem","position":1,"name":"Camping dans les C\u00f4tes-d'Armor","item":"https:\/\/portdelachaine.geek-tonic.dev\/de\/"},{"@type":"ListItem","position":2,"name":"Gastronomie in der N\u00e4he von Paimpol"}]},{"@type":"WebSite","@id":"https:\/\/portdelachaine.geek-tonic.dev\/de\/#website","url":"https:\/\/portdelachaine.geek-tonic.dev\/de\/","name":"Camping Le Port de la Cha\u00eene","description":"","publisher":{"@id":"https:\/\/portdelachaine.geek-tonic.dev\/de\/#organization"},"potentialAction":[{"@type":"SearchAction","target":{"@type":"EntryPoint","urlTemplate":"https:\/\/portdelachaine.geek-tonic.dev\/de\/?s={search_term_string}"},"query-input":{"@type":"PropertyValueSpecification","valueRequired":true,"valueName":"search_term_string"}}],"inLanguage":"de"},{"@type":"Organization","@id":"https:\/\/portdelachaine.geek-tonic.dev\/de\/#organization","name":"Camping Le Port de la Cha\u00eene","url":"https:\/\/portdelachaine.geek-tonic.dev\/de\/","logo":{"@type":"ImageObject","inLanguage":"de","@id":"https:\/\/portdelachaine.geek-tonic.dev\/de\/#\/schema\/logo\/image\/","url":"https:\/\/portdelachaine.geek-tonic.dev\/wp-content\/uploads\/sites\/14\/2024\/02\/cropped-logo-Flower-camping-Le-Port-de-la-Chaine.png","contentUrl":"https:\/\/portdelachaine.geek-tonic.dev\/wp-content\/uploads\/sites\/14\/2024\/02\/cropped-logo-Flower-camping-Le-Port-de-la-Chaine.png","width":500,"height":660,"caption":"Camping Le Port de la Cha\u00eene"},"image":{"@id":"https:\/\/portdelachaine.geek-tonic.dev\/de\/#\/schema\/logo\/image\/"}}]}},"_links":{"self":[{"href":"https:\/\/portdelachaine.geek-tonic.dev\/de\/wp-json\/wp\/v2\/pages\/1525","targetHints":{"allow":["GET"]}}],"collection":[{"href":"https:\/\/portdelachaine.geek-tonic.dev\/de\/wp-json\/wp\/v2\/pages"}],"about":[{"href":"https:\/\/portdelachaine.geek-tonic.dev\/de\/wp-json\/wp\/v2\/types\/page"}],"author":[{"embeddable":true,"href":"https:\/\/portdelachaine.geek-tonic.dev\/de\/wp-json\/wp\/v2\/users\/1"}],"replies":[{"embeddable":true,"href":"https:\/\/portdelachaine.geek-tonic.dev\/de\/wp-json\/wp\/v2\/comments?post=1525"}],"version-history":[{"count":1,"href":"https:\/\/portdelachaine.geek-tonic.dev\/de\/wp-json\/wp\/v2\/pages\/1525\/revisions"}],"predecessor-version":[{"id":1528,"href":"https:\/\/portdelachaine.geek-tonic.dev\/de\/wp-json\/wp\/v2\/pages\/1525\/revisions\/1528"}],"wp:featuredmedia":[{"embeddable":true,"href":"https:\/\/portdelachaine.geek-tonic.dev\/de\/wp-json\/wp\/v2\/media\/1527"}],"wp:attachment":[{"href":"https:\/\/portdelachaine.geek-tonic.dev\/de\/wp-json\/wp\/v2\/media?parent=1525"}],"wp:term":[{"taxonomy":"sujet","embeddable":true,"href":"https:\/\/portdelachaine.geek-tonic.dev\/de\/wp-json\/wp\/v2\/sujet?post=1525"}],"curies":[{"name":"wp","href":"https:\/\/api.w.org\/{rel}","templated":true}]}}