{"id":1439,"date":"2024-01-03T15:34:30","date_gmt":"2024-01-03T14:34:30","guid":{"rendered":"https:\/\/www.portdelachaine.geek-tonic.dev\/flower-campingplatz-pleubian\/"},"modified":"2024-04-25T15:08:32","modified_gmt":"2024-04-25T13:08:32","slug":"flower-campingplatz-pleubian","status":"publish","type":"page","link":"https:\/\/portdelachaine.geek-tonic.dev\/de\/flower-campingplatz-pleubian\/","title":{"rendered":"Unsere Verpflichtungen"},"content":{"rendered":"<section id=\"ls-section-block_64773911ee9fd56d7e004632ca5857e1\" class=\"ls-section  page-one has-background has-color-4-background-color has-m-t m-t-0 has-m-b m-b-0 has-p-t p-t-14 has-p-b p-b-14\" >\r\n        <div class=\"container container--wide\">\r\n        \n\n<div class=\"wp-block-columns is-layout-flex wp-container-core-columns-is-layout-1 wp-block-columns-is-layout-flex\">\n<div class=\"wp-block-column animated fadeInLeft delay-100ms slow is-layout-flow wp-block-column-is-layout-flow\" style=\"flex-basis:45%\">\n<figure class=\"wp-block-image size-full\"><a href=\"https:\/\/www.portdelachaine.geek-tonic.dev\/wp-content\/uploads\/sites\/14\/2024\/02\/aire-de-jeux-enfants-camping-paimpol.webp\"><img decoding=\"async\" width=\"1200\" height=\"765\" src=\"https:\/\/www.portdelachaine.geek-tonic.dev\/wp-content\/uploads\/sites\/14\/2024\/02\/aire-de-jeux-enfants-camping-paimpol.webp\" alt=\"kinderspielplatz camping paimpol\" class=\"wp-image-800\" srcset=\"https:\/\/portdelachaine.geek-tonic.dev\/wp-content\/uploads\/sites\/14\/2024\/02\/aire-de-jeux-enfants-camping-paimpol.webp 1200w, https:\/\/portdelachaine.geek-tonic.dev\/wp-content\/uploads\/sites\/14\/2024\/02\/aire-de-jeux-enfants-camping-paimpol-300x191.webp 300w, https:\/\/portdelachaine.geek-tonic.dev\/wp-content\/uploads\/sites\/14\/2024\/02\/aire-de-jeux-enfants-camping-paimpol-1024x653.webp 1024w, https:\/\/portdelachaine.geek-tonic.dev\/wp-content\/uploads\/sites\/14\/2024\/02\/aire-de-jeux-enfants-camping-paimpol-768x490.webp 768w\" sizes=\"(max-width: 1200px) 100vw, 1200px\" \/><\/a><\/figure>\n<\/div>\n\n\n\n<div class=\"wp-block-column is-vertically-aligned-center animated fadeInRight slow is-layout-flow wp-block-column-is-layout-flow\" style=\"flex-basis:55%\">\n<h1 class=\"ls__heading wp-block-heading\">\u00d6kologisch engagierter in der N\u00e4he von Paimpol<\/h1>\n\n\n\n<h2 class=\"ls__heading wp-block-heading\">Flower Campings in der N\u00e4he von Paimpol<\/h2>\n\n\n\n<p class=\"ls-paragraph\">Unser <strong>Campingplatz geh\u00f6rt zum Flower Campings Netzwerk<\/strong>, dem Marktf\u00fchrer unter den unabh\u00e4ngigen Franchise-Campingpl\u00e4tzen in Frankreich. Flower Campings bietet mehr als 120 Reiseziele im ganzen Land an, wobei der Schwerpunkt auf <strong>\u00fcberschaubaren Camping<\/strong>aufenthalten liegt. Besonders in der Bretagne gibt es eine starke Pr\u00e4senz von Flower Campings, so dass Sie eine Vielzahl von Optionen f\u00fcr einen unvergesslichen Urlaub in dieser malerischen Region haben.<\/p>\n\n\n\n<div class=\"ls-lire-plus\">\n    <input id=\"ls-lire-plus-block_85371b076477158e35b054c41c255e0569e622dfdfb43\" type=\"checkbox\" class=\"ls-lire-plus__toggle\"  \/>\n    <label for=\"ls-lire-plus-block_85371b076477158e35b054c41c255e0569e622dfdfb43\" class=\"ls-lire-plus__toggle-label\">\n        <span>Lire plus<\/span>\n        <span>Lire moins<\/span>\n    <\/label>\n    <div class=\"ls-lire-plus__content\">\n        \n\n<p class=\"ls-paragraph\">Wir teilen mit Flower Camping<strong> gemeinsame Werte<\/strong>:<strong> der Mensch steht im Mittelpunkt unserer Aufmerksamkeit<\/strong>. Durch die zahlreichen Voraussetzungen von Flower Campings verpflichten wir uns t\u00e4glich, Folgendes zu garantieren:<\/p>\n\n\n\n<ul class=\"ls-list wp-block-list\">\n<li>einen<strong> pers\u00f6nlichen Empfang <\/strong>und ein offenes <strong>Ohr<\/strong> von allen unseren Mitarbeitern,<\/li>\n\n\n\n<li>ein hohes Anspruchsniveau an die <strong>Qualit\u00e4t unserer Dienstleistungen<\/strong> und Infrastrukturen durch<strong> <\/strong>das<strong> Qualit\u00e4tssiegel Qualit\u00e9 Tourisme<\/strong>,<\/li>\n\n\n\n<li><strong> Aufwertung des Terroirs <\/strong>und des Reiseziels,<\/li>\n\n\n\n<li>ein <strong>Animationsprogramm <\/strong>f\u00fcr alle im Sommer,<\/li>\n\n\n\n<li>Vorteile f\u00fcr unsere treuesten Urlauber durch das <strong>My Flower-Treueprogramm<\/strong><\/li>\n<\/ul>\n\n        <div class=\"ls-lire-plus__gradient\" style=\"background: linear-gradient(to bottom,rgba(255,235,204,0) 0%,rgba(255,235,204,1) 100%);\"><\/div>\n    <\/div>\n<\/div><\/div>\n<\/div>\n\n\r\n    <\/div>\r\n<\/section><section id=\"ls-section-block_d1f4956e05dc8b23246e5428263760fe\" class=\"ls-section  home-gallery has-background has-color-4-background-color has-m-t m-t-0 has-m-b m-b-0 has-p-t p-t-0\" >\r\n        <div class=\"container container--full\">\r\n        \n\n<figure class=\"wp-block-gallery has-nested-images columns-1 is-cropped galerie-slider-container wp-block-gallery-1 is-layout-flex wp-block-gallery-is-layout-flex\">\n<figure class=\"wp-block-image size-full\"><a href=\"https:\/\/www.portdelachaine.geek-tonic.dev\/wp-content\/uploads\/sites\/14\/2024\/02\/mobil-home-pmr-camping-paimpol.webp\"><img decoding=\"async\" width=\"1200\" height=\"800\" src=\"https:\/\/www.portdelachaine.geek-tonic.dev\/wp-content\/uploads\/sites\/14\/2024\/02\/mobil-home-pmr-camping-paimpol.webp\" alt=\"mobilheim pmr camping paimpol\" class=\"wp-image-807\" srcset=\"https:\/\/portdelachaine.geek-tonic.dev\/wp-content\/uploads\/sites\/14\/2024\/02\/mobil-home-pmr-camping-paimpol.webp 1200w, https:\/\/portdelachaine.geek-tonic.dev\/wp-content\/uploads\/sites\/14\/2024\/02\/mobil-home-pmr-camping-paimpol-300x200.webp 300w, https:\/\/portdelachaine.geek-tonic.dev\/wp-content\/uploads\/sites\/14\/2024\/02\/mobil-home-pmr-camping-paimpol-1024x683.webp 1024w, https:\/\/portdelachaine.geek-tonic.dev\/wp-content\/uploads\/sites\/14\/2024\/02\/mobil-home-pmr-camping-paimpol-768x512.webp 768w\" sizes=\"(max-width: 1200px) 100vw, 1200px\" \/><\/a><\/figure>\n\n\n\n<figure class=\"wp-block-image size-full\"><a href=\"https:\/\/www.portdelachaine.geek-tonic.dev\/wp-content\/uploads\/sites\/14\/2024\/02\/engagement-famille-camping-paimpol.webp\"><img decoding=\"async\" width=\"1200\" height=\"740\" src=\"https:\/\/www.portdelachaine.geek-tonic.dev\/wp-content\/uploads\/sites\/14\/2024\/02\/engagement-famille-camping-paimpol.webp\" alt=\"Engagement Familie Camping Paimpol\" class=\"wp-image-823\" srcset=\"https:\/\/portdelachaine.geek-tonic.dev\/wp-content\/uploads\/sites\/14\/2024\/02\/engagement-famille-camping-paimpol.webp 1200w, https:\/\/portdelachaine.geek-tonic.dev\/wp-content\/uploads\/sites\/14\/2024\/02\/engagement-famille-camping-paimpol-300x185.webp 300w, https:\/\/portdelachaine.geek-tonic.dev\/wp-content\/uploads\/sites\/14\/2024\/02\/engagement-famille-camping-paimpol-1024x631.webp 1024w, https:\/\/portdelachaine.geek-tonic.dev\/wp-content\/uploads\/sites\/14\/2024\/02\/engagement-famille-camping-paimpol-768x474.webp 768w\" sizes=\"(max-width: 1200px) 100vw, 1200px\" \/><\/a><\/figure>\n\n\n\n<figure class=\"wp-block-image size-full\"><a href=\"https:\/\/www.portdelachaine.geek-tonic.dev\/wp-content\/uploads\/sites\/14\/2024\/02\/piscine-famille-camping-paimpol.webp\"><img decoding=\"async\" width=\"2000\" height=\"1276\" src=\"https:\/\/www.portdelachaine.geek-tonic.dev\/wp-content\/uploads\/sites\/14\/2024\/02\/piscine-famille-camping-paimpol.webp\" alt=\"Schwimmbad Familie Campingplatz Paimpol\" class=\"wp-image-817\" srcset=\"https:\/\/portdelachaine.geek-tonic.dev\/wp-content\/uploads\/sites\/14\/2024\/02\/piscine-famille-camping-paimpol.webp 2000w, https:\/\/portdelachaine.geek-tonic.dev\/wp-content\/uploads\/sites\/14\/2024\/02\/piscine-famille-camping-paimpol-300x191.webp 300w, https:\/\/portdelachaine.geek-tonic.dev\/wp-content\/uploads\/sites\/14\/2024\/02\/piscine-famille-camping-paimpol-1024x653.webp 1024w, https:\/\/portdelachaine.geek-tonic.dev\/wp-content\/uploads\/sites\/14\/2024\/02\/piscine-famille-camping-paimpol-768x490.webp 768w, https:\/\/portdelachaine.geek-tonic.dev\/wp-content\/uploads\/sites\/14\/2024\/02\/piscine-famille-camping-paimpol-1536x980.webp 1536w\" sizes=\"(max-width: 2000px) 100vw, 2000px\" \/><\/a><\/figure>\n<\/figure>\n\n\r\n    <\/div>\r\n<\/section><section id=\"ls-section-block_64cdb7eefac105ff343e4538889bc4d0\" class=\"ls-section  page-one aventure has-m-t m-t-0\" >\r\n        <div class=\"container container--wide\">\r\n        \n\n<div class=\"wp-block-columns is-layout-flex wp-container-core-columns-is-layout-2 wp-block-columns-is-layout-flex\">\n<div class=\"wp-block-column is-vertically-aligned-center first animated fadeInLeft delay-100ms slow is-layout-flow wp-block-column-is-layout-flow\" style=\"flex-basis:45%\">\n<figure class=\"wp-block-image size-full\"><a href=\"https:\/\/www.portdelachaine.geek-tonic.dev\/wp-content\/uploads\/sites\/14\/2024\/01\/camping-port-de-la-chaine-flower-hebergements-a-paimpol.webp\"><img decoding=\"async\" width=\"1200\" height=\"765\" src=\"https:\/\/www.portdelachaine.geek-tonic.dev\/wp-content\/uploads\/sites\/14\/2024\/01\/camping-port-de-la-chaine-flower-hebergements-a-paimpol.webp\" alt=\"mobilheim pmr bretagne\" class=\"wp-image-336\" srcset=\"https:\/\/portdelachaine.geek-tonic.dev\/wp-content\/uploads\/sites\/14\/2024\/01\/camping-port-de-la-chaine-flower-hebergements-a-paimpol.webp 1200w, https:\/\/portdelachaine.geek-tonic.dev\/wp-content\/uploads\/sites\/14\/2024\/01\/camping-port-de-la-chaine-flower-hebergements-a-paimpol-300x191.webp 300w, https:\/\/portdelachaine.geek-tonic.dev\/wp-content\/uploads\/sites\/14\/2024\/01\/camping-port-de-la-chaine-flower-hebergements-a-paimpol-1024x653.webp 1024w, https:\/\/portdelachaine.geek-tonic.dev\/wp-content\/uploads\/sites\/14\/2024\/01\/camping-port-de-la-chaine-flower-hebergements-a-paimpol-768x490.webp 768w\" sizes=\"(max-width: 1200px) 100vw, 1200px\" \/><\/a><\/figure>\n<\/div>\n\n\n\n<div class=\"wp-block-column is-vertically-aligned-center second animated fadeInRight slow is-layout-flow wp-block-column-is-layout-flow\" style=\"flex-basis:55%\">\n<h2 class=\"ls__heading wp-block-heading has-text-align-left\">Unsere \u00f6kologischen Verpflichtungen auf dem Campingplatz<\/h2>\n\n\n\n<p class=\"ls-paragraph\">Unser <a href=\"https:\/\/www.portdelachaine.geek-tonic.dev\/de\/\">Campingplatz in Pleubian Le Port de la Cha\u00eene<\/a> in der Bretagne setzt sich f\u00fcr \u00d6kologie und nachhaltige Entwicklung ein. Wir bieten Ihnen einen <strong>umweltbewussten Urlaub<\/strong> mit energiesparenden Einrichtungen, umweltfreundlichen Unterk\u00fcnften und einem Schwerpunkt auf M\u00fclltrennung. Wir empfehlen Ihnen, die Gegend mit dem Fahrrad zu erkunden, das Sie mieten k\u00f6nnen, um Ihre Umweltbelastung zu minimieren.<\/p>\n\n\n\n<p class=\"ls-paragraph\">Wir haben unsere Kommunikation \u00fcber <a href=\"https:\/\/www.flowercampings.com\/page\/application-mobile\" target=\"_blank\" rel=\"noreferrer noopener\">unser papierloses Begr\u00fc\u00dfungsheft<\/a> entmaterialisiert und Praktiken eingef\u00fchrt, die unseren CO2-Fu\u00dfabdruck reduzieren, w\u00e4hrend wir Ihnen alle notwendigen Informationen auf umweltfreundliche Weise anbieten. Begleiten Sie uns auf einem Urlaub, bei dem Vergn\u00fcgen mit Umweltbewusstsein einhergeht und der zur Erhaltung unseres Planeten beitr\u00e4gt.<\/p>\n\n\n\n<h2 class=\"ls__heading wp-block-heading\">Unsere Mobilheime PMR<\/h2>\n\n\n\n<p class=\"ls-paragraph\">Auf unserem <a href=\"https:\/\/www.portdelachaine.geek-tonic.dev\/de\/\">Campingplatz Flower in den C\u00f4tes-d&#8217;Armor<\/a> finden Sie Mobilheime, die speziell f\u00fcr<strong> 4 bis 6 Personen mit eingeschr\u00e4nkter Mobilit\u00e4t<\/strong> eingerichtet sind.  <\/p>\n\n\n\n<p class=\"ls-paragraph\">Wir sind bestrebt, Ihren Urlaub zug\u00e4nglich und komfortabel zu gestalten und Ihnen ein unvergessliches Erlebnis an der wundersch\u00f6nen bretonischen K\u00fcste zu bieten.<\/p>\n<\/div>\n<\/div>\n\n\r\n    <\/div>\r\n<\/section><section id=\"ls-section-block_f7c6455a9c3a2222d09d9a190bd0c4cf\" class=\"ls-section  page-maillage experience has-p-t p-t-0\" >\r\n        <div class=\"container container--wide\">\r\n        \n\n<div id=\"ls-heading ls-titre-div-block_3e6ce2b12be8405e385f77f949563600\" class=\"ls-titre-div aligncenter h2-like\" >\n    <strong>Entdecken <\/strong> Sie unser Restaurant, unseren Service und unsere Leistungen f\u00fcr Gruppen<\/div>\n\n\n<div id=\"ls-maillage-block_985743340975c2a34f3ed013c328e53e\" class=\"ls-maillage cta-style-normal\" data-rows=\"3\">\n    <div class=\"wp-block-columns\"><div class=\"wp-block-column\"><div id=\"destinations\" class=\"ls-cta\">\n\n<a href=\"https:\/\/portdelachaine.geek-tonic.dev\/de\/familien-campingplatz-pleubian\/\" target=\"\" rel=\"noopener\" class=\"ls-cta__link\">\n\n\t<div class=\"ls-cta__image\"><img decoding=\"async\" src=\"https:\/\/portdelachaine.geek-tonic.dev\/wp-content\/uploads\/sites\/14\/2024\/02\/petit-dejeuner-services-camping-paimpol.webp\" alt=\"Fr\u00fchst\u00fccksservice auf dem Campingplatz Paimpol\"><\/div>\n\t<div class=\"ls-cta__title\">\n\t\tDienstleistungen\t<\/div>\n\n\t\t\n<\/a><\/div><\/div><div class=\"wp-block-column\"><div id=\"destinations\" class=\"ls-cta\">\n\n<a href=\"https:\/\/portdelachaine.geek-tonic.dev\/de\/das-restaurant-pleubian\/\" target=\"\" rel=\"noopener\" class=\"ls-cta__link\">\n\n\t<div class=\"ls-cta__image\"><img decoding=\"async\" src=\"https:\/\/portdelachaine.geek-tonic.dev\/wp-content\/uploads\/sites\/14\/2024\/02\/restaurant-camping-paimpol.webp\" alt=\"restaurant camping paimpol\"><\/div>\n\t<div class=\"ls-cta__title\">\n\t\tDas Restaurant\t<\/div>\n\n\t\t\n<\/a><\/div><\/div><div class=\"wp-block-column\"><div id=\"destinations\" class=\"ls-cta\">\n\n<a href=\"https:\/\/portdelachaine.geek-tonic.dev\/de\/gruppencamping-pleubian\/\" target=\"\" rel=\"noopener\" class=\"ls-cta__link\">\n\n\t<div class=\"ls-cta__image\"><img decoding=\"async\" src=\"https:\/\/portdelachaine.geek-tonic.dev\/wp-content\/uploads\/sites\/14\/2024\/02\/team-building-camping-services-paimpol.webp\" alt=\"team building camping services paimpol\"><\/div>\n\t<div class=\"ls-cta__title\">\n\t\tGruppen und Betriebsr\u00e4te\t<\/div>\n\n\t\t\n<\/a><\/div><\/div><\/div><\/div>\n\r\n    <\/div>\r\n<\/section>","protected":false},"excerpt":{"rendered":"","protected":false},"author":1,"featured_media":1442,"parent":0,"menu_order":0,"comment_status":"closed","ping_status":"closed","template":"","meta":{"_acf_changed":false,"footnotes":""},"sujet":[],"class_list":["post-1439","page","type-page","status-publish","has-post-thumbnail","hentry"],"acf":[],"yoast_head":"<!-- This site is optimized with the Yoast SEO plugin v23.9 - https:\/\/yoast.com\/wordpress\/plugins\/seo\/ -->\n<title>\u00d6kologisch engagierter Flower-Campingplatz in der N\u00e4he von Paimpol<\/title>\n<meta name=\"description\" content=\"Entdecken Sie die \u00f6kologischen Verpflichtungen des Campingplatzes Flower in der N\u00e4he von Paimpol, f\u00fcr einen verantwortungsbewussten Aufenthalt im Departement C\u00f4tes-d&#039;Armor.\" \/>\n<meta name=\"robots\" content=\"noindex, follow, max-snippet:-1, max-image-preview:large, max-video-preview:-1\" \/>\n<meta property=\"og:locale\" content=\"de_DE\" \/>\n<meta property=\"og:type\" content=\"article\" \/>\n<meta property=\"og:title\" content=\"\u00d6kologisch engagierter Flower-Campingplatz in der N\u00e4he von Paimpol\" \/>\n<meta property=\"og:description\" content=\"Entdecken Sie die \u00f6kologischen Verpflichtungen des Campingplatzes Flower in der N\u00e4he von Paimpol, f\u00fcr einen verantwortungsbewussten Aufenthalt im Departement C\u00f4tes-d&#039;Armor.\" \/>\n<meta property=\"og:url\" content=\"https:\/\/portdelachaine.geek-tonic.dev\/de\/flower-campingplatz-pleubian\/\" \/>\n<meta property=\"og:site_name\" content=\"Camping Le Port de la Cha\u00eene\" \/>\n<meta property=\"article:modified_time\" content=\"2024-04-25T13:08:32+00:00\" \/>\n<meta property=\"og:image\" content=\"https:\/\/portdelachaine.geek-tonic.dev\/wp-content\/uploads\/sites\/14\/2024\/02\/engagements-camping-paimpol.webp\" \/>\n\t<meta property=\"og:image:width\" content=\"2000\" \/>\n\t<meta property=\"og:image:height\" content=\"1276\" \/>\n\t<meta property=\"og:image:type\" content=\"image\/webp\" \/>\n<meta name=\"twitter:card\" content=\"summary_large_image\" \/>\n<meta name=\"twitter:label1\" content=\"Gesch\u00e4tzte Lesezeit\" \/>\n\t<meta name=\"twitter:data1\" content=\"2\u00a0Minuten\" \/>\n<script type=\"application\/ld+json\" class=\"yoast-schema-graph\">{\"@context\":\"https:\/\/schema.org\",\"@graph\":[{\"@type\":\"WebPage\",\"@id\":\"https:\/\/portdelachaine.geek-tonic.dev\/de\/flower-campingplatz-pleubian\/\",\"url\":\"https:\/\/portdelachaine.geek-tonic.dev\/de\/flower-campingplatz-pleubian\/\",\"name\":\"\u00d6kologisch engagierter Flower-Campingplatz in der N\u00e4he von Paimpol\",\"isPartOf\":{\"@id\":\"https:\/\/portdelachaine.geek-tonic.dev\/de\/#website\"},\"primaryImageOfPage\":{\"@id\":\"https:\/\/portdelachaine.geek-tonic.dev\/de\/flower-campingplatz-pleubian\/#primaryimage\"},\"image\":{\"@id\":\"https:\/\/portdelachaine.geek-tonic.dev\/de\/flower-campingplatz-pleubian\/#primaryimage\"},\"thumbnailUrl\":\"https:\/\/portdelachaine.geek-tonic.dev\/wp-content\/uploads\/sites\/14\/2024\/02\/engagements-camping-paimpol.webp\",\"datePublished\":\"2024-01-03T14:34:30+00:00\",\"dateModified\":\"2024-04-25T13:08:32+00:00\",\"description\":\"Entdecken Sie die \u00f6kologischen Verpflichtungen des Campingplatzes Flower in der N\u00e4he von Paimpol, f\u00fcr einen verantwortungsbewussten Aufenthalt im Departement C\u00f4tes-d'Armor.\",\"breadcrumb\":{\"@id\":\"https:\/\/portdelachaine.geek-tonic.dev\/de\/flower-campingplatz-pleubian\/#breadcrumb\"},\"inLanguage\":\"de\",\"potentialAction\":[{\"@type\":\"ReadAction\",\"target\":[\"https:\/\/portdelachaine.geek-tonic.dev\/de\/flower-campingplatz-pleubian\/\"]}]},{\"@type\":\"ImageObject\",\"inLanguage\":\"de\",\"@id\":\"https:\/\/portdelachaine.geek-tonic.dev\/de\/flower-campingplatz-pleubian\/#primaryimage\",\"url\":\"https:\/\/portdelachaine.geek-tonic.dev\/wp-content\/uploads\/sites\/14\/2024\/02\/engagements-camping-paimpol.webp\",\"contentUrl\":\"https:\/\/portdelachaine.geek-tonic.dev\/wp-content\/uploads\/sites\/14\/2024\/02\/engagements-camping-paimpol.webp\",\"width\":2000,\"height\":1276,\"caption\":\"verpflichtungen camping paimpol\"},{\"@type\":\"BreadcrumbList\",\"@id\":\"https:\/\/portdelachaine.geek-tonic.dev\/de\/flower-campingplatz-pleubian\/#breadcrumb\",\"itemListElement\":[{\"@type\":\"ListItem\",\"position\":1,\"name\":\"Camping dans les C\u00f4tes-d'Armor\",\"item\":\"https:\/\/portdelachaine.geek-tonic.dev\/de\/\"},{\"@type\":\"ListItem\",\"position\":2,\"name\":\"Campingplatz Flower in der N\u00e4he von Paimpol\"}]},{\"@type\":\"WebSite\",\"@id\":\"https:\/\/portdelachaine.geek-tonic.dev\/de\/#website\",\"url\":\"https:\/\/portdelachaine.geek-tonic.dev\/de\/\",\"name\":\"Camping Le Port de la Cha\u00eene\",\"description\":\"\",\"publisher\":{\"@id\":\"https:\/\/portdelachaine.geek-tonic.dev\/de\/#organization\"},\"potentialAction\":[{\"@type\":\"SearchAction\",\"target\":{\"@type\":\"EntryPoint\",\"urlTemplate\":\"https:\/\/portdelachaine.geek-tonic.dev\/de\/?s={search_term_string}\"},\"query-input\":{\"@type\":\"PropertyValueSpecification\",\"valueRequired\":true,\"valueName\":\"search_term_string\"}}],\"inLanguage\":\"de\"},{\"@type\":\"Organization\",\"@id\":\"https:\/\/portdelachaine.geek-tonic.dev\/de\/#organization\",\"name\":\"Camping Le Port de la Cha\u00eene\",\"url\":\"https:\/\/portdelachaine.geek-tonic.dev\/de\/\",\"logo\":{\"@type\":\"ImageObject\",\"inLanguage\":\"de\",\"@id\":\"https:\/\/portdelachaine.geek-tonic.dev\/de\/#\/schema\/logo\/image\/\",\"url\":\"https:\/\/portdelachaine.geek-tonic.dev\/wp-content\/uploads\/sites\/14\/2024\/02\/cropped-logo-Flower-camping-Le-Port-de-la-Chaine.png\",\"contentUrl\":\"https:\/\/portdelachaine.geek-tonic.dev\/wp-content\/uploads\/sites\/14\/2024\/02\/cropped-logo-Flower-camping-Le-Port-de-la-Chaine.png\",\"width\":500,\"height\":660,\"caption\":\"Camping Le Port de la Cha\u00eene\"},\"image\":{\"@id\":\"https:\/\/portdelachaine.geek-tonic.dev\/de\/#\/schema\/logo\/image\/\"}}]}<\/script>\n<!-- \/ Yoast SEO plugin. -->","yoast_head_json":{"title":"\u00d6kologisch engagierter Flower-Campingplatz in der N\u00e4he von Paimpol","description":"Entdecken Sie die \u00f6kologischen Verpflichtungen des Campingplatzes Flower in der N\u00e4he von Paimpol, f\u00fcr einen verantwortungsbewussten Aufenthalt im Departement C\u00f4tes-d'Armor.","robots":{"index":"noindex","follow":"follow","max-snippet":"max-snippet:-1","max-image-preview":"max-image-preview:large","max-video-preview":"max-video-preview:-1"},"og_locale":"de_DE","og_type":"article","og_title":"\u00d6kologisch engagierter Flower-Campingplatz in der N\u00e4he von Paimpol","og_description":"Entdecken Sie die \u00f6kologischen Verpflichtungen des Campingplatzes Flower in der N\u00e4he von Paimpol, f\u00fcr einen verantwortungsbewussten Aufenthalt im Departement C\u00f4tes-d'Armor.","og_url":"https:\/\/portdelachaine.geek-tonic.dev\/de\/flower-campingplatz-pleubian\/","og_site_name":"Camping Le Port de la Cha\u00eene","article_modified_time":"2024-04-25T13:08:32+00:00","og_image":[{"width":2000,"height":1276,"url":"https:\/\/portdelachaine.geek-tonic.dev\/wp-content\/uploads\/sites\/14\/2024\/02\/engagements-camping-paimpol.webp","type":"image\/webp"}],"twitter_card":"summary_large_image","twitter_misc":{"Gesch\u00e4tzte Lesezeit":"2\u00a0Minuten"},"schema":{"@context":"https:\/\/schema.org","@graph":[{"@type":"WebPage","@id":"https:\/\/portdelachaine.geek-tonic.dev\/de\/flower-campingplatz-pleubian\/","url":"https:\/\/portdelachaine.geek-tonic.dev\/de\/flower-campingplatz-pleubian\/","name":"\u00d6kologisch engagierter Flower-Campingplatz in der N\u00e4he von Paimpol","isPartOf":{"@id":"https:\/\/portdelachaine.geek-tonic.dev\/de\/#website"},"primaryImageOfPage":{"@id":"https:\/\/portdelachaine.geek-tonic.dev\/de\/flower-campingplatz-pleubian\/#primaryimage"},"image":{"@id":"https:\/\/portdelachaine.geek-tonic.dev\/de\/flower-campingplatz-pleubian\/#primaryimage"},"thumbnailUrl":"https:\/\/portdelachaine.geek-tonic.dev\/wp-content\/uploads\/sites\/14\/2024\/02\/engagements-camping-paimpol.webp","datePublished":"2024-01-03T14:34:30+00:00","dateModified":"2024-04-25T13:08:32+00:00","description":"Entdecken Sie die \u00f6kologischen Verpflichtungen des Campingplatzes Flower in der N\u00e4he von Paimpol, f\u00fcr einen verantwortungsbewussten Aufenthalt im Departement C\u00f4tes-d'Armor.","breadcrumb":{"@id":"https:\/\/portdelachaine.geek-tonic.dev\/de\/flower-campingplatz-pleubian\/#breadcrumb"},"inLanguage":"de","potentialAction":[{"@type":"ReadAction","target":["https:\/\/portdelachaine.geek-tonic.dev\/de\/flower-campingplatz-pleubian\/"]}]},{"@type":"ImageObject","inLanguage":"de","@id":"https:\/\/portdelachaine.geek-tonic.dev\/de\/flower-campingplatz-pleubian\/#primaryimage","url":"https:\/\/portdelachaine.geek-tonic.dev\/wp-content\/uploads\/sites\/14\/2024\/02\/engagements-camping-paimpol.webp","contentUrl":"https:\/\/portdelachaine.geek-tonic.dev\/wp-content\/uploads\/sites\/14\/2024\/02\/engagements-camping-paimpol.webp","width":2000,"height":1276,"caption":"verpflichtungen camping paimpol"},{"@type":"BreadcrumbList","@id":"https:\/\/portdelachaine.geek-tonic.dev\/de\/flower-campingplatz-pleubian\/#breadcrumb","itemListElement":[{"@type":"ListItem","position":1,"name":"Camping dans les C\u00f4tes-d'Armor","item":"https:\/\/portdelachaine.geek-tonic.dev\/de\/"},{"@type":"ListItem","position":2,"name":"Campingplatz Flower in der N\u00e4he von Paimpol"}]},{"@type":"WebSite","@id":"https:\/\/portdelachaine.geek-tonic.dev\/de\/#website","url":"https:\/\/portdelachaine.geek-tonic.dev\/de\/","name":"Camping Le Port de la Cha\u00eene","description":"","publisher":{"@id":"https:\/\/portdelachaine.geek-tonic.dev\/de\/#organization"},"potentialAction":[{"@type":"SearchAction","target":{"@type":"EntryPoint","urlTemplate":"https:\/\/portdelachaine.geek-tonic.dev\/de\/?s={search_term_string}"},"query-input":{"@type":"PropertyValueSpecification","valueRequired":true,"valueName":"search_term_string"}}],"inLanguage":"de"},{"@type":"Organization","@id":"https:\/\/portdelachaine.geek-tonic.dev\/de\/#organization","name":"Camping Le Port de la Cha\u00eene","url":"https:\/\/portdelachaine.geek-tonic.dev\/de\/","logo":{"@type":"ImageObject","inLanguage":"de","@id":"https:\/\/portdelachaine.geek-tonic.dev\/de\/#\/schema\/logo\/image\/","url":"https:\/\/portdelachaine.geek-tonic.dev\/wp-content\/uploads\/sites\/14\/2024\/02\/cropped-logo-Flower-camping-Le-Port-de-la-Chaine.png","contentUrl":"https:\/\/portdelachaine.geek-tonic.dev\/wp-content\/uploads\/sites\/14\/2024\/02\/cropped-logo-Flower-camping-Le-Port-de-la-Chaine.png","width":500,"height":660,"caption":"Camping Le Port de la Cha\u00eene"},"image":{"@id":"https:\/\/portdelachaine.geek-tonic.dev\/de\/#\/schema\/logo\/image\/"}}]}},"_links":{"self":[{"href":"https:\/\/portdelachaine.geek-tonic.dev\/de\/wp-json\/wp\/v2\/pages\/1439","targetHints":{"allow":["GET"]}}],"collection":[{"href":"https:\/\/portdelachaine.geek-tonic.dev\/de\/wp-json\/wp\/v2\/pages"}],"about":[{"href":"https:\/\/portdelachaine.geek-tonic.dev\/de\/wp-json\/wp\/v2\/types\/page"}],"author":[{"embeddable":true,"href":"https:\/\/portdelachaine.geek-tonic.dev\/de\/wp-json\/wp\/v2\/users\/1"}],"replies":[{"embeddable":true,"href":"https:\/\/portdelachaine.geek-tonic.dev\/de\/wp-json\/wp\/v2\/comments?post=1439"}],"version-history":[{"count":1,"href":"https:\/\/portdelachaine.geek-tonic.dev\/de\/wp-json\/wp\/v2\/pages\/1439\/revisions"}],"predecessor-version":[{"id":1447,"href":"https:\/\/portdelachaine.geek-tonic.dev\/de\/wp-json\/wp\/v2\/pages\/1439\/revisions\/1447"}],"wp:featuredmedia":[{"embeddable":true,"href":"https:\/\/portdelachaine.geek-tonic.dev\/de\/wp-json\/wp\/v2\/media\/1442"}],"wp:attachment":[{"href":"https:\/\/portdelachaine.geek-tonic.dev\/de\/wp-json\/wp\/v2\/media?parent=1439"}],"wp:term":[{"taxonomy":"sujet","embeddable":true,"href":"https:\/\/portdelachaine.geek-tonic.dev\/de\/wp-json\/wp\/v2\/sujet?post=1439"}],"curies":[{"name":"wp","href":"https:\/\/api.w.org\/{rel}","templated":true}]}}