{"id":1359,"date":"2024-02-28T16:52:45","date_gmt":"2024-02-28T15:52:45","guid":{"rendered":"https:\/\/www.portdelachaine.geek-tonic.dev\/campingplatz-paimpol\/"},"modified":"2024-04-25T15:43:47","modified_gmt":"2024-04-25T13:43:47","slug":"campingplatz-paimpol","status":"publish","type":"page","link":"https:\/\/portdelachaine.geek-tonic.dev\/de\/campingplatz-paimpol\/","title":{"rendered":"Paimpol"},"content":{"rendered":"<section id=\"ls-section-block_45f20fc8c23553b41eaf6a2bee2344ab\" class=\"ls-section  page-one has-background has-color-4-background-color has-m-t m-t-0 has-m-b m-b-0 has-p-t p-t-14 has-p-b p-b-14\" >\r\n        <div class=\"container container--wide\">\r\n        \n\n<div class=\"wp-block-columns is-layout-flex wp-container-core-columns-is-layout-1 wp-block-columns-is-layout-flex\">\n<div class=\"wp-block-column animated fadeInLeft delay-100ms slow is-layout-flow wp-block-column-is-layout-flow\" style=\"flex-basis:45%\">\n<figure class=\"wp-block-image size-full\"><a href=\"https:\/\/www.portdelachaine.geek-tonic.dev\/wp-content\/uploads\/sites\/14\/2024\/02\/pointe-guilben-camping-paimpol.webp\"><img decoding=\"async\" width=\"1200\" height=\"800\" src=\"https:\/\/www.portdelachaine.geek-tonic.dev\/wp-content\/uploads\/sites\/14\/2024\/02\/pointe-guilben-camping-paimpol.webp\" alt=\"pointe guilben camping paimpol\" class=\"wp-image-952\" srcset=\"https:\/\/portdelachaine.geek-tonic.dev\/wp-content\/uploads\/sites\/14\/2024\/02\/pointe-guilben-camping-paimpol.webp 1200w, https:\/\/portdelachaine.geek-tonic.dev\/wp-content\/uploads\/sites\/14\/2024\/02\/pointe-guilben-camping-paimpol-300x200.webp 300w, https:\/\/portdelachaine.geek-tonic.dev\/wp-content\/uploads\/sites\/14\/2024\/02\/pointe-guilben-camping-paimpol-1024x683.webp 1024w, https:\/\/portdelachaine.geek-tonic.dev\/wp-content\/uploads\/sites\/14\/2024\/02\/pointe-guilben-camping-paimpol-768x512.webp 768w\" sizes=\"(max-width: 1200px) 100vw, 1200px\" \/><\/a><\/figure>\n<\/div>\n\n\n\n<div class=\"wp-block-column is-vertically-aligned-center animated fadeInRight slow is-layout-flow wp-block-column-is-layout-flow\" style=\"flex-basis:55%\">\n<h1 class=\"ls__heading wp-block-heading\">Entdecken Sie Paimpol<\/h1>\n\n\n\n<h2 class=\"ls__heading wp-block-heading\">Tourismus in Paimpol<\/h2>\n\n\n\n<p class=\"ls-paragraph\"><a href=\"https:\/\/www.ville-paimpol.fr\/\" target=\"_blank\" rel=\"noreferrer noopener\">Paimpol<\/a> liegt in der Bretagne und ist ein au\u00dfergew\u00f6hnliches Urlaubsziel. Die Stadt liegt direkt am Meer und bietet einen authentischen maritimen Charme. Der <strong>malerische Hafen<\/strong> ist ein idealer Ausgangspunkt f\u00fcr Ausfl\u00fcge auf dem Meer zu den umliegenden Inseln.  <\/p>\n\n\n\n<p class=\"ls-paragraph\">Die Stadt ist reich an Restaurants, Handwerksl\u00e4den und farbenfrohen M\u00e4rkten, auf denen Sie die k\u00f6stliche bretonische K\u00fcche probieren k\u00f6nnen. Paimpol ist auch von Geschichte gepr\u00e4gt, mit historischen St\u00e4tten wie dem Meeresmuseum.  <\/p>\n\n\n\n<p class=\"ls-paragraph\">Die nahe gelegenen Sandstr\u00e4nde bieten eine <strong>sonnige<\/strong> Gelegenheit zum <strong>Entspannen<\/strong>. Kurz gesagt, Paimpol ist ein perfektes Reiseziel f\u00fcr einen Urlaub, der Meer, Geschichte und Gastronomie miteinander verbindet.<\/p>\n<\/div>\n<\/div>\n\n\r\n    <\/div>\r\n<\/section><section id=\"ls-section-block_62afa80d6530fd60a9e75fa23db3969d\" class=\"ls-section  home-gallery has-background has-color-4-background-color has-m-t m-t-0 has-p-t p-t-0\" >\r\n        <div class=\"container container--full\">\r\n        \n\n<figure class=\"wp-block-gallery has-nested-images columns-1 is-cropped galerie-slider-container wp-block-gallery-1 is-layout-flex wp-block-gallery-is-layout-flex\">\n<figure class=\"wp-block-image size-full\"><a href=\"https:\/\/www.portdelachaine.geek-tonic.dev\/wp-content\/uploads\/sites\/14\/2024\/02\/plage-camping-paimpol.webp\"><img decoding=\"async\" width=\"1200\" height=\"800\" src=\"https:\/\/www.portdelachaine.geek-tonic.dev\/wp-content\/uploads\/sites\/14\/2024\/02\/plage-camping-paimpol.webp\" alt=\"Strand Camping Paimpol\" class=\"wp-image-841\" srcset=\"https:\/\/portdelachaine.geek-tonic.dev\/wp-content\/uploads\/sites\/14\/2024\/02\/plage-camping-paimpol.webp 1200w, https:\/\/portdelachaine.geek-tonic.dev\/wp-content\/uploads\/sites\/14\/2024\/02\/plage-camping-paimpol-300x200.webp 300w, https:\/\/portdelachaine.geek-tonic.dev\/wp-content\/uploads\/sites\/14\/2024\/02\/plage-camping-paimpol-1024x683.webp 1024w, https:\/\/portdelachaine.geek-tonic.dev\/wp-content\/uploads\/sites\/14\/2024\/02\/plage-camping-paimpol-768x512.webp 768w\" sizes=\"(max-width: 1200px) 100vw, 1200px\" \/><\/a><\/figure>\n\n\n\n<figure class=\"wp-block-image size-full\"><a href=\"https:\/\/www.portdelachaine.geek-tonic.dev\/wp-content\/uploads\/sites\/14\/2024\/02\/bateau-tourisme-camping-paimpol.webp\"><img decoding=\"async\" width=\"1200\" height=\"800\" src=\"https:\/\/www.portdelachaine.geek-tonic.dev\/wp-content\/uploads\/sites\/14\/2024\/02\/bateau-tourisme-camping-paimpol.webp\" alt=\"Boot Tourismus Campingplatz Paimpol\" class=\"wp-image-958\" srcset=\"https:\/\/portdelachaine.geek-tonic.dev\/wp-content\/uploads\/sites\/14\/2024\/02\/bateau-tourisme-camping-paimpol.webp 1200w, https:\/\/portdelachaine.geek-tonic.dev\/wp-content\/uploads\/sites\/14\/2024\/02\/bateau-tourisme-camping-paimpol-300x200.webp 300w, https:\/\/portdelachaine.geek-tonic.dev\/wp-content\/uploads\/sites\/14\/2024\/02\/bateau-tourisme-camping-paimpol-1024x683.webp 1024w, https:\/\/portdelachaine.geek-tonic.dev\/wp-content\/uploads\/sites\/14\/2024\/02\/bateau-tourisme-camping-paimpol-768x512.webp 768w\" sizes=\"(max-width: 1200px) 100vw, 1200px\" \/><\/a><\/figure>\n\n\n\n<figure class=\"wp-block-image size-full\"><a href=\"https:\/\/www.portdelachaine.geek-tonic.dev\/wp-content\/uploads\/sites\/14\/2024\/02\/promotions-camping-paimpol.webp\"><img decoding=\"async\" width=\"1200\" height=\"836\" src=\"https:\/\/www.portdelachaine.geek-tonic.dev\/wp-content\/uploads\/sites\/14\/2024\/02\/promotions-camping-paimpol.webp\" alt=\"promotions camping paimpol\" class=\"wp-image-902\" srcset=\"https:\/\/portdelachaine.geek-tonic.dev\/wp-content\/uploads\/sites\/14\/2024\/02\/promotions-camping-paimpol.webp 1200w, https:\/\/portdelachaine.geek-tonic.dev\/wp-content\/uploads\/sites\/14\/2024\/02\/promotions-camping-paimpol-300x209.webp 300w, https:\/\/portdelachaine.geek-tonic.dev\/wp-content\/uploads\/sites\/14\/2024\/02\/promotions-camping-paimpol-1024x713.webp 1024w, https:\/\/portdelachaine.geek-tonic.dev\/wp-content\/uploads\/sites\/14\/2024\/02\/promotions-camping-paimpol-768x535.webp 768w\" sizes=\"(max-width: 1200px) 100vw, 1200px\" \/><\/a><\/figure>\n<\/figure>\n\n\r\n    <\/div>\r\n<\/section><section id=\"ls-section-block_353eb2b697dbcbafd2ed7d28bf360999\" class=\"ls-section  page-one aventure\" >\r\n        <div class=\"container container--wide\">\r\n        \n\n<div class=\"wp-block-columns is-layout-flex wp-container-core-columns-is-layout-2 wp-block-columns-is-layout-flex\">\n<div class=\"wp-block-column first animated fadeInLeft delay-100ms slow is-layout-flow wp-block-column-is-layout-flow\" style=\"flex-basis:45%\">\n<figure class=\"wp-block-image size-full\"><a href=\"https:\/\/www.portdelachaine.geek-tonic.dev\/wp-content\/uploads\/sites\/14\/2024\/02\/port-tourisme-camping-paimpol.webp\"><img decoding=\"async\" width=\"1200\" height=\"800\" src=\"https:\/\/www.portdelachaine.geek-tonic.dev\/wp-content\/uploads\/sites\/14\/2024\/02\/port-tourisme-camping-paimpol.webp\" alt=\"Hafen Tourismus Campingplatz Paimpol\" class=\"wp-image-954\" srcset=\"https:\/\/portdelachaine.geek-tonic.dev\/wp-content\/uploads\/sites\/14\/2024\/02\/port-tourisme-camping-paimpol.webp 1200w, https:\/\/portdelachaine.geek-tonic.dev\/wp-content\/uploads\/sites\/14\/2024\/02\/port-tourisme-camping-paimpol-300x200.webp 300w, https:\/\/portdelachaine.geek-tonic.dev\/wp-content\/uploads\/sites\/14\/2024\/02\/port-tourisme-camping-paimpol-1024x683.webp 1024w, https:\/\/portdelachaine.geek-tonic.dev\/wp-content\/uploads\/sites\/14\/2024\/02\/port-tourisme-camping-paimpol-768x512.webp 768w\" sizes=\"(max-width: 1200px) 100vw, 1200px\" \/><\/a><\/figure>\n<\/div>\n\n\n\n<div class=\"wp-block-column is-vertically-aligned-center second animated fadeInRight slow is-layout-flow wp-block-column-is-layout-flow\" style=\"flex-basis:55%\">\n<h2 class=\"ls__heading wp-block-heading has-text-align-left\">Sehenswertes in Paimpol<\/h2>\n\n\n\n<p class=\"ls-paragraph\">Paimpol in der Bretagne ist ein Reiseziel, das eine Vielzahl von Sehensw\u00fcrdigkeiten und Aktivit\u00e4ten f\u00fcr jeden Geschmack bietet. Beginnen Sie mit der Erkundung des <strong>malerischen Hafens<\/strong>, wo Sie die traditionellen Fischerboote bewundern und an Ausfl\u00fcgen zu den umliegenden Inseln teilnehmen k\u00f6nnen, einschlie\u00dflich der ikonischen \u00cele de Br\u00e9hat.<\/p>\n\n\n\n<p class=\"ls-paragraph\">Die Stadt selbst ist voller Charme mit ihren gepflasterten Stra\u00dfen, Steinh\u00e4usern und traditioneller Architektur. Das<strong> <\/strong><a href=\"https:\/\/museemerpaimpol.fr\/\" target=\"_blank\" rel=\"noreferrer noopener\">Mus\u00e9e de la Mer<\/a> l\u00e4sst Sie in die maritime Geschichte der Region eintauchen, w\u00e4hrend die zum UNESCO-Weltkulturerbe geh\u00f6rende Abtei von Beauport ein faszinierendes Zeugnis der lokalen religi\u00f6sen und kulturellen Geschichte ist.<\/p>\n<\/div>\n<\/div>\n\n\r\n    <\/div>\r\n<\/section><section id=\"ls-section-block_0bacfda7272e24b349b7cf806efbae40\" class=\"ls-section  page-one has-background has-color-4-background-color has-m-b m-b-0 has-p-t p-t-14\" >\r\n        <div class=\"container container--wide\">\r\n        \n\n<div class=\"wp-block-columns is-layout-flex wp-container-core-columns-is-layout-3 wp-block-columns-is-layout-flex\">\n<div class=\"wp-block-column is-vertically-aligned-center first animated fadeInLeft slow is-layout-flow wp-block-column-is-layout-flow\" style=\"flex-basis:55%\">\n<h2 class=\"ls__heading wp-block-heading\">Was Sie in Paimpol unternehmen k\u00f6nnen<\/h2>\n\n\n\n<p class=\"ls-paragraph\">Paimpol ist auch ein idealer Ausgangspunkt f\u00fcr Wanderungen entlang der <a href=\"https:\/\/www.portdelachaine.geek-tonic.dev\/de\/camping-rosa-granitkueste\/\">Rosa Granitk\u00fcste<\/a>, die f\u00fcr ihre spektakul\u00e4ren Felsformationen bekannt ist. Die Str\u00e4nde der Region bieten eine sonnige Flucht aus dem Alltag und die M\u00f6glichkeit, <strong>Wassersport<\/strong> zu betreiben.<\/p>\n\n\n\n<p class=\"ls-paragraph\">F\u00fcr Feinschmecker: Probieren Sie die bretonische K\u00fcche in den vielen Restaurants der Stadt, einschlie\u00dflich frischer Meeresfr\u00fcchte, herzhafter Cr\u00eapes und des lokalen Cidre.<\/p>\n\n\n\n<p class=\"ls-paragraph\">Ob Sie nun ein Geschichtsliebhaber, ein Naturliebhaber oder einfach nur auf der Suche nach Entspannung am Meer sind, Paimpol wird Sie mit seinen <strong>vielen Attraktionen<\/strong> und abwechslungsreichen Aktivit\u00e4ten verf\u00fchren.<\/p>\n<\/div>\n\n\n\n<div class=\"wp-block-column second animated fadeInRight delay-100ms slow is-layout-flow wp-block-column-is-layout-flow\" style=\"flex-basis:45%\">\n<figure class=\"wp-block-image size-full\"><a href=\"https:\/\/www.portdelachaine.geek-tonic.dev\/wp-content\/uploads\/sites\/14\/2024\/02\/abbaye-beauport-camping-paimpol.webp\"><img decoding=\"async\" width=\"1200\" height=\"800\" src=\"https:\/\/www.portdelachaine.geek-tonic.dev\/wp-content\/uploads\/sites\/14\/2024\/02\/abbaye-beauport-camping-paimpol.webp\" alt=\"abbaye beauport camping paimpol\" class=\"wp-image-956\" srcset=\"https:\/\/portdelachaine.geek-tonic.dev\/wp-content\/uploads\/sites\/14\/2024\/02\/abbaye-beauport-camping-paimpol.webp 1200w, https:\/\/portdelachaine.geek-tonic.dev\/wp-content\/uploads\/sites\/14\/2024\/02\/abbaye-beauport-camping-paimpol-300x200.webp 300w, https:\/\/portdelachaine.geek-tonic.dev\/wp-content\/uploads\/sites\/14\/2024\/02\/abbaye-beauport-camping-paimpol-1024x683.webp 1024w, https:\/\/portdelachaine.geek-tonic.dev\/wp-content\/uploads\/sites\/14\/2024\/02\/abbaye-beauport-camping-paimpol-768x512.webp 768w\" sizes=\"(max-width: 1200px) 100vw, 1200px\" \/><\/a><\/figure>\n<\/div>\n<\/div>\n\n\r\n    <\/div>\r\n<\/section><section id=\"ls-section-block_0a77d4449971be27137f34429bd106bc\" class=\"ls-section  page-maillage experience has-m-t m-t-0 has-p-t p-t-10\" >\r\n        <div class=\"container container--wide\">\r\n        \n\n<div id=\"ls-heading ls-titre-div-block_7c7a5644b22d3401fb3593bf2711b3f3\" class=\"ls-titre-div aligncenter h2-like\" >\n    <strong>Entdecken Sie die<\/strong> Umgebung<\/div>\n\n\n<div id=\"ls-maillage-block_482846913b04fef8910fa98357ff0005\" class=\"ls-maillage cta-style-normal\" data-rows=\"3\">\n    <div class=\"wp-block-columns\"><div class=\"wp-block-column\"><div id=\"destinations\" class=\"ls-cta\">\n\n<a href=\"https:\/\/portdelachaine.geek-tonic.dev\/de\/treguier-campingplatz\/\" target=\"\" rel=\"noopener\" class=\"ls-cta__link\">\n\n\t<div class=\"ls-cta__image\"><img decoding=\"async\" src=\"https:\/\/portdelachaine.geek-tonic.dev\/wp-content\/uploads\/sites\/14\/2024\/02\/cathedrale-tourisme-treguier-camping-paimpol.webp\" alt=\"Kathedrale Tourismus Treguier Campingplatz Paimpol\"><\/div>\n\t<div class=\"ls-cta__title\">\n\t\tTr\u00e9guier\t<\/div>\n\n\t\t\n<\/a><\/div><\/div><div class=\"wp-block-column\"><div id=\"destinations\" class=\"ls-cta\">\n\n<a href=\"https:\/\/portdelachaine.geek-tonic.dev\/de\/campingplatz-lannion\/\" target=\"\" rel=\"noopener\" class=\"ls-cta__link\">\n\n\t<div class=\"ls-cta__image\"><img decoding=\"async\" src=\"https:\/\/portdelachaine.geek-tonic.dev\/wp-content\/uploads\/sites\/14\/2024\/02\/visite-lannion-camping-paimpol.webp\" alt=\"besuch lannion camping paimpol\"><\/div>\n\t<div class=\"ls-cta__title\">\n\t\tLannion\t<\/div>\n\n\t\t\n<\/a><\/div><\/div><div class=\"wp-block-column\"><div id=\"destinations\" class=\"ls-cta\">\n\n<a href=\"https:\/\/portdelachaine.geek-tonic.dev\/de\/camping-rosa-granitkueste\/\" target=\"\" rel=\"noopener\" class=\"ls-cta__link\">\n\n\t<div class=\"ls-cta__image\"><img decoding=\"async\" src=\"https:\/\/portdelachaine.geek-tonic.dev\/wp-content\/uploads\/sites\/14\/2024\/02\/cote-granit-rose-tourisme-camping-paimpol.webp\" alt=\"cote granit rose tourismus camping paimpol\"><\/div>\n\t<div class=\"ls-cta__title\">\n\t\tRosa Granitk\u00fcste\t<\/div>\n\n\t\t\n<\/a><\/div><\/div><\/div><\/div>\n\r\n    <\/div>\r\n<\/section>","protected":false},"excerpt":{"rendered":"","protected":false},"author":1,"featured_media":1337,"parent":0,"menu_order":0,"comment_status":"closed","ping_status":"closed","template":"","meta":{"_acf_changed":false,"footnotes":""},"sujet":[],"class_list":["post-1359","page","type-page","status-publish","has-post-thumbnail","hentry"],"acf":[],"yoast_head":"<!-- This site is optimized with the Yoast SEO plugin v23.9 - https:\/\/yoast.com\/wordpress\/plugins\/seo\/ -->\n<title>Besuchen Sie Paimpol, weniger als 10 km von Ihrem Campingplatz entfernt.<\/title>\n<meta name=\"description\" content=\"Entdecken Sie die au\u00dfergew\u00f6hnliche touristische Destination Paimpol, am Meer, weniger als 10 km von Ihrem Campingplatz entfernt!\" \/>\n<meta name=\"robots\" content=\"noindex, follow, max-snippet:-1, max-image-preview:large, max-video-preview:-1\" \/>\n<meta property=\"og:locale\" content=\"de_DE\" \/>\n<meta property=\"og:type\" content=\"article\" \/>\n<meta property=\"og:title\" content=\"Besuchen Sie Paimpol, weniger als 10 km von Ihrem Campingplatz entfernt.\" \/>\n<meta property=\"og:description\" content=\"Entdecken Sie die au\u00dfergew\u00f6hnliche touristische Destination Paimpol, am Meer, weniger als 10 km von Ihrem Campingplatz entfernt!\" \/>\n<meta property=\"og:url\" content=\"https:\/\/portdelachaine.geek-tonic.dev\/de\/campingplatz-paimpol\/\" \/>\n<meta property=\"og:site_name\" content=\"Camping Le Port de la Cha\u00eene\" \/>\n<meta property=\"article:modified_time\" content=\"2024-04-25T13:43:47+00:00\" \/>\n<meta property=\"og:image\" content=\"https:\/\/portdelachaine.geek-tonic.dev\/wp-content\/uploads\/sites\/14\/2024\/02\/tourisme-camping-paimpol.webp\" \/>\n\t<meta property=\"og:image:width\" content=\"2000\" \/>\n\t<meta property=\"og:image:height\" content=\"1000\" \/>\n\t<meta property=\"og:image:type\" content=\"image\/webp\" \/>\n<meta name=\"twitter:card\" content=\"summary_large_image\" \/>\n<meta name=\"twitter:label1\" content=\"Gesch\u00e4tzte Lesezeit\" \/>\n\t<meta name=\"twitter:data1\" content=\"2\u00a0Minuten\" \/>\n<script type=\"application\/ld+json\" class=\"yoast-schema-graph\">{\"@context\":\"https:\/\/schema.org\",\"@graph\":[{\"@type\":\"WebPage\",\"@id\":\"https:\/\/portdelachaine.geek-tonic.dev\/de\/campingplatz-paimpol\/\",\"url\":\"https:\/\/portdelachaine.geek-tonic.dev\/de\/campingplatz-paimpol\/\",\"name\":\"Besuchen Sie Paimpol, weniger als 10 km von Ihrem Campingplatz entfernt.\",\"isPartOf\":{\"@id\":\"https:\/\/portdelachaine.geek-tonic.dev\/de\/#website\"},\"primaryImageOfPage\":{\"@id\":\"https:\/\/portdelachaine.geek-tonic.dev\/de\/campingplatz-paimpol\/#primaryimage\"},\"image\":{\"@id\":\"https:\/\/portdelachaine.geek-tonic.dev\/de\/campingplatz-paimpol\/#primaryimage\"},\"thumbnailUrl\":\"https:\/\/portdelachaine.geek-tonic.dev\/wp-content\/uploads\/sites\/14\/2024\/02\/tourisme-camping-paimpol.webp\",\"datePublished\":\"2024-02-28T15:52:45+00:00\",\"dateModified\":\"2024-04-25T13:43:47+00:00\",\"description\":\"Entdecken Sie die au\u00dfergew\u00f6hnliche touristische Destination Paimpol, am Meer, weniger als 10 km von Ihrem Campingplatz entfernt!\",\"breadcrumb\":{\"@id\":\"https:\/\/portdelachaine.geek-tonic.dev\/de\/campingplatz-paimpol\/#breadcrumb\"},\"inLanguage\":\"de\",\"potentialAction\":[{\"@type\":\"ReadAction\",\"target\":[\"https:\/\/portdelachaine.geek-tonic.dev\/de\/campingplatz-paimpol\/\"]}]},{\"@type\":\"ImageObject\",\"inLanguage\":\"de\",\"@id\":\"https:\/\/portdelachaine.geek-tonic.dev\/de\/campingplatz-paimpol\/#primaryimage\",\"url\":\"https:\/\/portdelachaine.geek-tonic.dev\/wp-content\/uploads\/sites\/14\/2024\/02\/tourisme-camping-paimpol.webp\",\"contentUrl\":\"https:\/\/portdelachaine.geek-tonic.dev\/wp-content\/uploads\/sites\/14\/2024\/02\/tourisme-camping-paimpol.webp\",\"width\":2000,\"height\":1000,\"caption\":\"tourisme camping paimpol\"},{\"@type\":\"BreadcrumbList\",\"@id\":\"https:\/\/portdelachaine.geek-tonic.dev\/de\/campingplatz-paimpol\/#breadcrumb\",\"itemListElement\":[{\"@type\":\"ListItem\",\"position\":1,\"name\":\"Camping dans les C\u00f4tes-d'Armor\",\"item\":\"https:\/\/portdelachaine.geek-tonic.dev\/de\/\"},{\"@type\":\"ListItem\",\"position\":2,\"name\":\"Was man in Paimpol sehen und tun kann\"}]},{\"@type\":\"WebSite\",\"@id\":\"https:\/\/portdelachaine.geek-tonic.dev\/de\/#website\",\"url\":\"https:\/\/portdelachaine.geek-tonic.dev\/de\/\",\"name\":\"Camping Le Port de la Cha\u00eene\",\"description\":\"\",\"publisher\":{\"@id\":\"https:\/\/portdelachaine.geek-tonic.dev\/de\/#organization\"},\"potentialAction\":[{\"@type\":\"SearchAction\",\"target\":{\"@type\":\"EntryPoint\",\"urlTemplate\":\"https:\/\/portdelachaine.geek-tonic.dev\/de\/?s={search_term_string}\"},\"query-input\":{\"@type\":\"PropertyValueSpecification\",\"valueRequired\":true,\"valueName\":\"search_term_string\"}}],\"inLanguage\":\"de\"},{\"@type\":\"Organization\",\"@id\":\"https:\/\/portdelachaine.geek-tonic.dev\/de\/#organization\",\"name\":\"Camping Le Port de la Cha\u00eene\",\"url\":\"https:\/\/portdelachaine.geek-tonic.dev\/de\/\",\"logo\":{\"@type\":\"ImageObject\",\"inLanguage\":\"de\",\"@id\":\"https:\/\/portdelachaine.geek-tonic.dev\/de\/#\/schema\/logo\/image\/\",\"url\":\"https:\/\/portdelachaine.geek-tonic.dev\/wp-content\/uploads\/sites\/14\/2024\/02\/cropped-logo-Flower-camping-Le-Port-de-la-Chaine.png\",\"contentUrl\":\"https:\/\/portdelachaine.geek-tonic.dev\/wp-content\/uploads\/sites\/14\/2024\/02\/cropped-logo-Flower-camping-Le-Port-de-la-Chaine.png\",\"width\":500,\"height\":660,\"caption\":\"Camping Le Port de la Cha\u00eene\"},\"image\":{\"@id\":\"https:\/\/portdelachaine.geek-tonic.dev\/de\/#\/schema\/logo\/image\/\"}}]}<\/script>\n<!-- \/ Yoast SEO plugin. -->","yoast_head_json":{"title":"Besuchen Sie Paimpol, weniger als 10 km von Ihrem Campingplatz entfernt.","description":"Entdecken Sie die au\u00dfergew\u00f6hnliche touristische Destination Paimpol, am Meer, weniger als 10 km von Ihrem Campingplatz entfernt!","robots":{"index":"noindex","follow":"follow","max-snippet":"max-snippet:-1","max-image-preview":"max-image-preview:large","max-video-preview":"max-video-preview:-1"},"og_locale":"de_DE","og_type":"article","og_title":"Besuchen Sie Paimpol, weniger als 10 km von Ihrem Campingplatz entfernt.","og_description":"Entdecken Sie die au\u00dfergew\u00f6hnliche touristische Destination Paimpol, am Meer, weniger als 10 km von Ihrem Campingplatz entfernt!","og_url":"https:\/\/portdelachaine.geek-tonic.dev\/de\/campingplatz-paimpol\/","og_site_name":"Camping Le Port de la Cha\u00eene","article_modified_time":"2024-04-25T13:43:47+00:00","og_image":[{"width":2000,"height":1000,"url":"https:\/\/portdelachaine.geek-tonic.dev\/wp-content\/uploads\/sites\/14\/2024\/02\/tourisme-camping-paimpol.webp","type":"image\/webp"}],"twitter_card":"summary_large_image","twitter_misc":{"Gesch\u00e4tzte Lesezeit":"2\u00a0Minuten"},"schema":{"@context":"https:\/\/schema.org","@graph":[{"@type":"WebPage","@id":"https:\/\/portdelachaine.geek-tonic.dev\/de\/campingplatz-paimpol\/","url":"https:\/\/portdelachaine.geek-tonic.dev\/de\/campingplatz-paimpol\/","name":"Besuchen Sie Paimpol, weniger als 10 km von Ihrem Campingplatz entfernt.","isPartOf":{"@id":"https:\/\/portdelachaine.geek-tonic.dev\/de\/#website"},"primaryImageOfPage":{"@id":"https:\/\/portdelachaine.geek-tonic.dev\/de\/campingplatz-paimpol\/#primaryimage"},"image":{"@id":"https:\/\/portdelachaine.geek-tonic.dev\/de\/campingplatz-paimpol\/#primaryimage"},"thumbnailUrl":"https:\/\/portdelachaine.geek-tonic.dev\/wp-content\/uploads\/sites\/14\/2024\/02\/tourisme-camping-paimpol.webp","datePublished":"2024-02-28T15:52:45+00:00","dateModified":"2024-04-25T13:43:47+00:00","description":"Entdecken Sie die au\u00dfergew\u00f6hnliche touristische Destination Paimpol, am Meer, weniger als 10 km von Ihrem Campingplatz entfernt!","breadcrumb":{"@id":"https:\/\/portdelachaine.geek-tonic.dev\/de\/campingplatz-paimpol\/#breadcrumb"},"inLanguage":"de","potentialAction":[{"@type":"ReadAction","target":["https:\/\/portdelachaine.geek-tonic.dev\/de\/campingplatz-paimpol\/"]}]},{"@type":"ImageObject","inLanguage":"de","@id":"https:\/\/portdelachaine.geek-tonic.dev\/de\/campingplatz-paimpol\/#primaryimage","url":"https:\/\/portdelachaine.geek-tonic.dev\/wp-content\/uploads\/sites\/14\/2024\/02\/tourisme-camping-paimpol.webp","contentUrl":"https:\/\/portdelachaine.geek-tonic.dev\/wp-content\/uploads\/sites\/14\/2024\/02\/tourisme-camping-paimpol.webp","width":2000,"height":1000,"caption":"tourisme camping paimpol"},{"@type":"BreadcrumbList","@id":"https:\/\/portdelachaine.geek-tonic.dev\/de\/campingplatz-paimpol\/#breadcrumb","itemListElement":[{"@type":"ListItem","position":1,"name":"Camping dans les C\u00f4tes-d'Armor","item":"https:\/\/portdelachaine.geek-tonic.dev\/de\/"},{"@type":"ListItem","position":2,"name":"Was man in Paimpol sehen und tun kann"}]},{"@type":"WebSite","@id":"https:\/\/portdelachaine.geek-tonic.dev\/de\/#website","url":"https:\/\/portdelachaine.geek-tonic.dev\/de\/","name":"Camping Le Port de la Cha\u00eene","description":"","publisher":{"@id":"https:\/\/portdelachaine.geek-tonic.dev\/de\/#organization"},"potentialAction":[{"@type":"SearchAction","target":{"@type":"EntryPoint","urlTemplate":"https:\/\/portdelachaine.geek-tonic.dev\/de\/?s={search_term_string}"},"query-input":{"@type":"PropertyValueSpecification","valueRequired":true,"valueName":"search_term_string"}}],"inLanguage":"de"},{"@type":"Organization","@id":"https:\/\/portdelachaine.geek-tonic.dev\/de\/#organization","name":"Camping Le Port de la Cha\u00eene","url":"https:\/\/portdelachaine.geek-tonic.dev\/de\/","logo":{"@type":"ImageObject","inLanguage":"de","@id":"https:\/\/portdelachaine.geek-tonic.dev\/de\/#\/schema\/logo\/image\/","url":"https:\/\/portdelachaine.geek-tonic.dev\/wp-content\/uploads\/sites\/14\/2024\/02\/cropped-logo-Flower-camping-Le-Port-de-la-Chaine.png","contentUrl":"https:\/\/portdelachaine.geek-tonic.dev\/wp-content\/uploads\/sites\/14\/2024\/02\/cropped-logo-Flower-camping-Le-Port-de-la-Chaine.png","width":500,"height":660,"caption":"Camping Le Port de la Cha\u00eene"},"image":{"@id":"https:\/\/portdelachaine.geek-tonic.dev\/de\/#\/schema\/logo\/image\/"}}]}},"_links":{"self":[{"href":"https:\/\/portdelachaine.geek-tonic.dev\/de\/wp-json\/wp\/v2\/pages\/1359","targetHints":{"allow":["GET"]}}],"collection":[{"href":"https:\/\/portdelachaine.geek-tonic.dev\/de\/wp-json\/wp\/v2\/pages"}],"about":[{"href":"https:\/\/portdelachaine.geek-tonic.dev\/de\/wp-json\/wp\/v2\/types\/page"}],"author":[{"embeddable":true,"href":"https:\/\/portdelachaine.geek-tonic.dev\/de\/wp-json\/wp\/v2\/users\/1"}],"replies":[{"embeddable":true,"href":"https:\/\/portdelachaine.geek-tonic.dev\/de\/wp-json\/wp\/v2\/comments?post=1359"}],"version-history":[{"count":3,"href":"https:\/\/portdelachaine.geek-tonic.dev\/de\/wp-json\/wp\/v2\/pages\/1359\/revisions"}],"predecessor-version":[{"id":1686,"href":"https:\/\/portdelachaine.geek-tonic.dev\/de\/wp-json\/wp\/v2\/pages\/1359\/revisions\/1686"}],"wp:featuredmedia":[{"embeddable":true,"href":"https:\/\/portdelachaine.geek-tonic.dev\/de\/wp-json\/wp\/v2\/media\/1337"}],"wp:attachment":[{"href":"https:\/\/portdelachaine.geek-tonic.dev\/de\/wp-json\/wp\/v2\/media?parent=1359"}],"wp:term":[{"taxonomy":"sujet","embeddable":true,"href":"https:\/\/portdelachaine.geek-tonic.dev\/de\/wp-json\/wp\/v2\/sujet?post=1359"}],"curies":[{"name":"wp","href":"https:\/\/api.w.org\/{rel}","templated":true}]}}