{"id":1336,"date":"2024-01-03T15:46:15","date_gmt":"2024-01-03T14:46:15","guid":{"rendered":"https:\/\/www.portdelachaine.geek-tonic.dev\/kontakt-und-wegbeschreibung\/"},"modified":"2024-04-25T14:58:07","modified_gmt":"2024-04-25T12:58:07","slug":"kontakt-und-wegbeschreibung","status":"publish","type":"page","link":"https:\/\/portdelachaine.geek-tonic.dev\/de\/kontakt-und-wegbeschreibung\/","title":{"rendered":"Infos und Kontakt"},"content":{"rendered":"<section id=\"ls-section-block_80b588ea226892cfe5631fd8afe4df2d\" class=\"ls-section  page-one has-background has-color-4-background-color has-m-t m-t-0 has-m-b m-b-0 has-p-t p-t-14 has-p-b p-b-14\" >\r\n        <div class=\"container container--wide\">\r\n        \n\n<div class=\"wp-block-columns is-layout-flex wp-container-core-columns-is-layout-1 wp-block-columns-is-layout-flex\">\n<div class=\"wp-block-column is-vertically-aligned-center animated fadeInLeft delay-100ms slow is-layout-flow wp-block-column-is-layout-flow\" style=\"flex-basis:45%\">\n<iframe src=\"https:\/\/www.google.com\/maps\/embed?pb=!1m18!1m12!1m3!1d10500.647869800941!2d-3.1328996472228523!3d48.8551217722753!2m3!1f0!2f0!3f0!3m2!1i1024!2i768!4f13.1!3m3!1m2!1s0x4812170c9a39d75f%3A0x28a631eeb8613674!2sFlower%20Camping%20Le%20Port%20de%20la%20Cha%C3%AEne%20%7C%20Camping%204%20%C3%A9toiles%20Pleubian!5e0!3m2!1sfr!2sfr!4v1709222300865!5m2!1sfr!2sfr\" width=\"100%\" height=\"500\" style=\"border:0;\" allowfullscreen=\"\" loading=\"lazy\" referrerpolicy=\"no-referrer-when-downgrade\"><\/iframe>\n<\/div>\n\n\n\n<div class=\"wp-block-column is-vertically-aligned-center animated fadeInRight slow is-layout-flow wp-block-column-is-layout-flow\" style=\"flex-basis:55%\">\n<h1 class=\"ls__heading wp-block-heading\">Kontakt und Zugang<\/h1>\n\n\n\n<h2 class=\"ls__heading wp-block-heading\">Anreise zum Campingplatz<\/h2>\n\n\n\n<p class=\"ls-paragraph\">Um zum <a href=\"https:\/\/www.portdelachaine.geek-tonic.dev\/de\/\">Campingplatz Le Port de la Cha\u00eene<\/a> zu gelangen, fahren Sie von Rennes aus \u00fcber die E401\/N12 in Richtung Saint-Brieuc. Fahren Sie in Richtung L\u00e9zardrieux, dann Pleubian und folgen Sie schlie\u00dflich dem Schild &#8222;Camping&#8220;.<\/p>\n\n\n\n<p class=\"ls-paragraph\">Geben Sie unsere<strong> Adresse in Ihr Navigationsger\u00e4t ein:<\/strong> Lieu Dit, Camping Odalys Le Port de la Chaine, 22610 Pleubian<\/p>\n\n\n\n<p class=\"ls-paragraph\">  Oder unsere <strong>GPS-Koordinaten :<\/strong> <\/p>\n\n\n\n<ul class=\"ls-list wp-block-list\">\n<li>Breitengrad: 48.8427<\/li>\n\n\n\n<li>L\u00e4nge: -3.139<\/li>\n<\/ul>\n<\/div>\n<\/div>\n\n\r\n    <\/div>\r\n<\/section><section id=\"ls-section-block_547dbaf120b1cc5ca24465ddfb3f39a2\" class=\"ls-section  page-one has-m-t m-t-0 has-m-b m-b-0 has-p-t p-t-14 has-p-b p-b-0\" >\r\n        <div class=\"container container--wide\">\r\n        \n\n<div class=\"wp-block-columns is-layout-flex wp-container-core-columns-is-layout-2 wp-block-columns-is-layout-flex\">\n<div class=\"wp-block-column first animated fadeInLeft slow is-layout-flow wp-block-column-is-layout-flow\" style=\"flex-basis:55%\">\n<h2 class=\"ls__heading wp-block-heading\">Kontaktieren Sie uns<\/h2>\n\n\n\n<p class=\"ls-paragraph\"><strong>Fran\u00e7oise <\/strong>und ihr Rezeptionsteam freuen sich, Ihnen das ganze Jahr \u00fcber <strong>telefonisch unter +33 2 96 22 92 38<\/strong> t\u00e4glich von 9h-12h \/14h-17h Auskunft geben zu k\u00f6nnen. Die \u00d6ffnungszeiten der Telefonzentrale k\u00f6nnen w\u00e4hrend der Saison variieren. Wenn Sie nicht erreichbar sind, k\u00f6nnen Sie Ihre Nachricht hinterlassen, und unser Team wird Sie so bald wie m\u00f6glich kontaktieren.<\/p>\n\n\n\n<p class=\"ls-paragraph\">Sie k\u00f6nnen uns Ihre Anfrage per Post an die Adresse des Campingplatzes oder per E-Mail senden. Sie k\u00f6nnen uns auch kontaktieren, indem Sie <strong>das Formular ausf\u00fcllen<\/strong>.  <\/p>\n\n\n\n<p class=\"ls-paragraph\">Verfolgen Sie unsere Neuigkeiten und Tipps auf Instagram und Facebook und hinterlassen Sie uns Ihre Nachricht.<\/p>\n<\/div>\n\n\n\n<div class=\"wp-block-column second animated fadeInRight delay-100ms slow is-layout-flow wp-block-column-is-layout-flow\" style=\"flex-basis:45%\">\n<div class=\"wp-block-contact-form-7-contact-form-selector\">\n<div class=\"wpcf7 no-js\" id=\"wpcf7-f1169-o1\" lang=\"de-DE\" dir=\"ltr\" data-wpcf7-id=\"1169\">\n<div class=\"screen-reader-response\"><p role=\"status\" aria-live=\"polite\" aria-atomic=\"true\"><\/p> <ul><\/ul><\/div>\n<form action=\"\/de\/wp-json\/wp\/v2\/pages\/1336#wpcf7-f1169-o1\" method=\"post\" class=\"wpcf7-form init\" aria-label=\"Kontaktformular\" novalidate=\"novalidate\" data-status=\"init\">\n<div style=\"display: none;\">\n<input type=\"hidden\" name=\"_wpcf7\" value=\"1169\" \/>\n<input type=\"hidden\" name=\"_wpcf7_version\" value=\"6.0\" \/>\n<input type=\"hidden\" name=\"_wpcf7_locale\" value=\"de_DE\" \/>\n<input type=\"hidden\" name=\"_wpcf7_unit_tag\" value=\"wpcf7-f1169-o1\" \/>\n<input type=\"hidden\" name=\"_wpcf7_container_post\" value=\"0\" \/>\n<input type=\"hidden\" name=\"_wpcf7_posted_data_hash\" value=\"\" \/>\n<input type=\"hidden\" name=\"_wpcf7_recaptcha_response\" value=\"\" \/>\n<\/div>\n<p><label> Ihr Name<br \/>\n<span class=\"wpcf7-form-control-wrap\" data-name=\"your-name\"><input size=\"40\" maxlength=\"400\" class=\"wpcf7-form-control wpcf7-text wpcf7-validates-as-required\" autocomplete=\"name\" aria-required=\"true\" aria-invalid=\"false\" value=\"\" type=\"text\" name=\"your-name\" \/><\/span> <\/label>\n<\/p>\n<p><label> Ihre E-Mail-Adresse<br \/>\n<span class=\"wpcf7-form-control-wrap\" data-name=\"your-email\"><input size=\"40\" maxlength=\"400\" class=\"wpcf7-form-control wpcf7-email wpcf7-validates-as-required wpcf7-text wpcf7-validates-as-email\" autocomplete=\"email\" aria-required=\"true\" aria-invalid=\"false\" value=\"\" type=\"email\" name=\"your-email\" \/><\/span> <\/label>\n<\/p>\n<p><label> Objekt<br \/>\n<span class=\"wpcf7-form-control-wrap\" data-name=\"your-subject\"><input size=\"40\" maxlength=\"400\" class=\"wpcf7-form-control wpcf7-text wpcf7-validates-as-required\" aria-required=\"true\" aria-invalid=\"false\" value=\"\" type=\"text\" name=\"your-subject\" \/><\/span> <\/label>\n<\/p>\n<p><label> Ihre Nachricht<br \/>\n<span class=\"wpcf7-form-control-wrap\" data-name=\"your-message\"><textarea cols=\"40\" rows=\"10\" maxlength=\"2000\" class=\"wpcf7-form-control wpcf7-textarea\" aria-invalid=\"false\" name=\"your-message\"><\/textarea><\/span> <\/label>\n<\/p>\n<p><span class=\"wpcf7-form-control-wrap\" data-name=\"acceptance-344\"><span class=\"wpcf7-form-control wpcf7-acceptance\"><span class=\"wpcf7-list-item\"><label><input type=\"checkbox\" name=\"acceptance-344\" value=\"1\" aria-invalid=\"false\" \/><span class=\"wpcf7-list-item-label\">Indem ich dieses K\u00e4stchen anklicke, akzeptiere ich die <a href=\"\/de\/datenschutzrichtlinie\/\" rel=\"nofollow\" target=\"_blank\">Datenschutzbestimmungen<\/a> dieser Website.<\/span><\/label><\/span><\/span><\/span>\n<\/p>\n<p><input class=\"wpcf7-form-control wpcf7-submit has-spinner\" type=\"submit\" value=\"Senden Sie\" \/>\n<\/p><input type='hidden' class='wpcf7-pum' value='{\"closepopup\":false,\"closedelay\":0,\"openpopup\":false,\"openpopup_id\":0}' \/><div class=\"wpcf7-response-output\" aria-hidden=\"true\"><\/div>\n<\/form>\n<\/div>\n<\/div>\n<\/div>\n<\/div>\n\n\r\n    <\/div>\r\n<\/section><section id=\"ls-section-block_567ed58e29f15c690bfaac2fec21f13e\" class=\"ls-section  page-one has-background has-color-3-background-color has-p-t p-t-14\" >\r\n        <div class=\"container container--wide\">\r\n        \n\n<div class=\"wp-block-columns is-layout-flex wp-container-core-columns-is-layout-3 wp-block-columns-is-layout-flex\">\n<div class=\"wp-block-column is-vertically-aligned-center first animated fadeInLeft slow is-layout-flow wp-block-column-is-layout-flow\" style=\"flex-basis:45%\">\n<figure class=\"wp-block-image size-full\"><a href=\"https:\/\/www.portdelachaine.geek-tonic.dev\/wp-content\/uploads\/sites\/14\/2024\/02\/reception-camping-paimpol.webp\"><img decoding=\"async\" width=\"1200\" height=\"765\" src=\"https:\/\/www.portdelachaine.geek-tonic.dev\/wp-content\/uploads\/sites\/14\/2024\/02\/reception-camping-paimpol.webp\" alt=\"rezeption camping paimpol\" class=\"wp-image-759\" srcset=\"https:\/\/portdelachaine.geek-tonic.dev\/wp-content\/uploads\/sites\/14\/2024\/02\/reception-camping-paimpol.webp 1200w, https:\/\/portdelachaine.geek-tonic.dev\/wp-content\/uploads\/sites\/14\/2024\/02\/reception-camping-paimpol-300x191.webp 300w, https:\/\/portdelachaine.geek-tonic.dev\/wp-content\/uploads\/sites\/14\/2024\/02\/reception-camping-paimpol-1024x653.webp 1024w, https:\/\/portdelachaine.geek-tonic.dev\/wp-content\/uploads\/sites\/14\/2024\/02\/reception-camping-paimpol-768x490.webp 768w\" sizes=\"(max-width: 1200px) 100vw, 1200px\" \/><\/a><\/figure>\n<\/div>\n\n\n\n<div class=\"wp-block-column is-vertically-aligned-center second animated fadeInRight delay-100ms slow is-layout-flow wp-block-column-is-layout-flow\" style=\"flex-basis:55%\">\n<h2 class=\"ls__heading wp-block-heading\">Praktische Informationen<\/h2>\n\n\n\n<p class=\"ls-paragraph\">Unser Campingplatz ist fast 5 Hektar gro\u00df und verf\u00fcgt \u00fcber insgesamt 200 Stellpl\u00e4tze. Auf unserem Gel\u00e4nde befinden sich 150 <a href=\"https:\/\/www.portdelachaine.geek-tonic.dev\/location-mobil-home-pleubian\/\">Mietunterk\u00fcnfte<\/a> und 50 <a href=\"https:\/\/www.portdelachaine.geek-tonic.dev\/location-emplacement-pleubian\/\">Campingpl\u00e4tze<\/a> (\u00c4nderungen sind ohne Vorank\u00fcndigung m\u00f6glich).<\/p>\n\n\n\n<p class=\"ls-paragraph\">Unser Campingplatz ist <strong>f\u00fcr Personen mit eingeschr\u00e4nkter Mobilit\u00e4t zug\u00e4nglich<\/strong>.<\/p>\n\n\n\n<p class=\"ls-paragraph\">Unser Rezeptionsteam spricht Franz\u00f6sisch und Englisch.<\/p>\n\n\n\n<p class=\"ls-paragraph\">Unsere Hundefreunde sind unter bestimmten Bedingungen willkommen. Kontaktieren Sie den Campingplatz f\u00fcr weitere Informationen.<\/p>\n<\/div>\n<\/div>\n\n\r\n    <\/div>\r\n<\/section><section id=\"ls-section-block_6bbf5d288312d888a5913c63313006ab\" class=\"ls-section  page-one has-m-t m-t-0 has-m-b m-b-0 has-p-t p-t-14 has-p-b p-b-14\" >\r\n        <div class=\"container container--wide\">\r\n        \n\n<div class=\"wp-block-columns is-layout-flex wp-container-core-columns-is-layout-4 wp-block-columns-is-layout-flex\">\n<div class=\"wp-block-column first animated fadeInLeft slow is-layout-flow wp-block-column-is-layout-flow\" style=\"flex-basis:55%\">\n<h3 class=\"ls__heading wp-block-heading\"><strong>\u00d6ffnungszeiten des Campingplatzes und der Dienstleistungen<\/strong><\/h3>\n\n\n\n<p class=\"ls-paragraph\">Unser Campingplatz ist von April bis einschlie\u00dflich September ge\u00f6ffnet. W\u00e4hrend dieser Zeit stehen Ihnen alle unsere Dienstleistungen zur Verf\u00fcgung: Empfang, Sanit\u00e4ranlagen, Kinderspielpl\u00e4tze, Fahrradverleih, Grill, Bettw\u00e4sche und Handt\u00fccher, Brotverkauf. Das <strong>beheizte und \u00fcberdachte Schwimmbad<\/strong>, das Restaurant und das Lebensmittelgesch\u00e4ft sind ebenfalls die ganze Saison \u00fcber ge\u00f6ffnet.<\/p>\n\n\n\n<p class=\"ls-paragraph\">Die Rezeption ist die ganze Saison \u00fcber zu den folgenden Zeiten ge\u00f6ffnet (unverbindliche Angaben, die sich \u00e4ndern k\u00f6nnen):<\/p>\n\n\n\n<p class=\"ls-paragraph\">Nebensaison: 8.30-12.30 Uhr \/ 13.30-18.30 Uhr<br\/>Hochsaison: 8.30-20.00 Uhr<\/p>\n\n\n\n<div class=\"ls-lire-plus\">\n    <input id=\"ls-lire-plus-block_8a132bcd737c711350e34b238853eee569e622a585127\" type=\"checkbox\" class=\"ls-lire-plus__toggle\"  \/>\n    <label for=\"ls-lire-plus-block_8a132bcd737c711350e34b238853eee569e622a585127\" class=\"ls-lire-plus__toggle-label\">\n        <span>Lire plus<\/span>\n        <span>Lire moins<\/span>\n    <\/label>\n    <div class=\"ls-lire-plus__content\">\n        \n\n<p class=\"ls-paragraph\">Im Falle einer sp\u00e4ten Ankunft, d.h. nach den Schlie\u00dfungszeiten der Rezeption, bitten wir Sie, uns Ihre voraussichtliche Ankunftszeit mitzuteilen. So k\u00f6nnen wir Ihre sp\u00e4te Ankunft organisieren und Ihnen die wichtigsten Informationen per E-Mail oder Telefon mitteilen: wo Sie Ihren Schl\u00fcssel und den Eingangscode erhalten, den Plan des Campingplatzes, die \u00d6ffnungszeiten der Dienstleistungen und die Speisekarte des Restaurants.<\/p>\n\n\n\n<p class=\"ls-paragraph\">Hier sind unsere Ankunfts- und Abfahrtszeiten f\u00fcr Ihren Aufenthalt auf dem Campingplatz in Pleubian :<\/p>\n\n\n\n<ul class=\"ls-list wp-block-list\">\n<li>Aufenthalt in einer Mietunterkunft: Ankunft nach 16 Uhr und Abreise vor 10 Uhr<\/li>\n\n\n\n<li>Aufenthalt auf einem Stellplatz: nach 12 Uhr und Abreise vor 12 Uhr<\/li>\n<\/ul>\n\n\n\n<p class=\"ls-paragraph\">Im Sommer k\u00f6nnen Sie w\u00e4hrend der Schulferien vom 8. Juli bis zum 30. August von unserem Animationsprogramm profitieren. Besuchen Sie unsere Animationsseite, um alle Informationen \u00fcber unsere Animationen zu erhalten.<\/p>\n\n        <div class=\"ls-lire-plus__gradient\" style=\"background: linear-gradient(to bottom,rgba(255,255,255,0) 0%,rgba(255,255,255,1) 100%);\"><\/div>\n    <\/div>\n<\/div><\/div>\n\n\n\n<div class=\"wp-block-column second animated fadeInRight delay-100ms slow is-layout-flow wp-block-column-is-layout-flow\" style=\"flex-basis:45%\">\n<h3 class=\"ls__heading wp-block-heading\"><strong>Sicherheit und Kaution<\/strong><\/h3>\n\n\n\n<p class=\"ls-paragraph\">In Port de la Cha\u00eene ist die Gew\u00e4hrleistung von Ruhe und Frieden f\u00fcr unsere G\u00e4ste eines unserer wichtigsten Anliegen. <strong>Von 23.00 Uhr bis 07.00 Uhr ist<\/strong> das <strong>Fahren von Fahrzeugen<\/strong> auf dem Campingplatz <strong>verboten<\/strong>. Sie erhalten bei Ihrer Ankunft einen Code, mit dem Sie den Campingplatz tags\u00fcber zwischen 7.00 und 23.00 Uhr betreten oder verlassen k\u00f6nnen. F\u00fcr Urlauber, die \u00fcber Nacht auf dem Campingplatz ankommen, gibt es einen Parkplatz in der N\u00e4he des Campingplatzes. Der<strong>Zugang<\/strong> zum Campingplatz f\u00fcr<strong>Fu\u00dfg\u00e4nger und Fahrr\u00e4der<\/strong> ist 24 Stunden am Tag an den Schranken m\u00f6glich.<\/p>\n\n\n\n<p class=\"ls-paragraph\">Im Falle eines Zwischenfalls oder einer L\u00e4rmbel\u00e4stigung wenden Sie sich bitte an eine Notrufnummer, die Ihnen bei Ihrer Ankunft vor Ort mitgeteilt wird.<\/p>\n\n\n\n<div class=\"ls-lire-plus\">\n    <input id=\"ls-lire-plus-block_8a132bcd737c711350e34b238853eee569e622a585acb\" type=\"checkbox\" class=\"ls-lire-plus__toggle\"  \/>\n    <label for=\"ls-lire-plus-block_8a132bcd737c711350e34b238853eee569e622a585acb\" class=\"ls-lire-plus__toggle-label\">\n        <span>Lire plus<\/span>\n        <span>Lire moins<\/span>\n    <\/label>\n    <div class=\"ls-lire-plus__content\">\n        \n\n<p class=\"ls-paragraph\">Bei Ihrer Ankunft m\u00fcssen Sie eine Kaution von \u20ac300 f\u00fcr Mietobjekte hinterlegen, unabh\u00e4ngig von der Dauer Ihres Aufenthaltes. Bei Stellpl\u00e4tzen ist die Zahlung der ersten Nacht Ihres Aufenthalts erforderlich. Alle Informationen \u00fcber den Empfang finden Sie auf unserer <a href=\"https:\/\/www.portdelachaine.geek-tonic.dev\/camping-familial-pleubian\/\">Dienstleistungsseite<\/a>.<\/p>\n\n\n\n<p class=\"ls-paragraph\">Bei Ihrer Abreise wird unser Team eine systematische Kontrolle der Unterkunft durchf\u00fchren. Wir empfehlen Ihnen, sich f\u00fcr den Termin der Wohnungsabnahme anzumelden, damit Sie sich in Ruhe auf das Ende Ihres Aufenthalts vorbereiten k\u00f6nnen.<\/p>\n\n\n\n<p class=\"ls-paragraph\">Weitere Informationen \u00fcber unseren Campingplatz finden Sie in unseren Allgemeinen Gesch\u00e4ftsbedingungen oder in unserer <a href=\"https:\/\/www.flowercampings.com\/page\/application-mobile\">My Flower<\/a> App.<\/p>\n\n\n\n<p class=\"ls-paragraph\">W\u00e4hlen Sie Port de la Cha\u00eene f\u00fcr Ihren Campingurlaub in Pleubian und nutzen Sie unsere Verf\u00fcgbarkeiten und Angebote, um Ihren Traumurlaub auf einem Stellplatz oder in einer Mietunterkunft zu verbringen.<\/p>\n\n        <div class=\"ls-lire-plus__gradient\" style=\"background: linear-gradient(to bottom,rgba(255,255,255,0) 0%,rgba(255,255,255,1) 100%);\"><\/div>\n    <\/div>\n<\/div><\/div>\n<\/div>\n\n\r\n    <\/div>\r\n<\/section>","protected":false},"excerpt":{"rendered":"","protected":false},"author":1,"featured_media":1337,"parent":0,"menu_order":0,"comment_status":"closed","ping_status":"closed","template":"","meta":{"_acf_changed":false,"footnotes":""},"sujet":[],"class_list":["post-1336","page","type-page","status-publish","has-post-thumbnail","hentry"],"acf":[],"yoast_head":"<!-- This site is optimized with the Yoast SEO plugin v23.9 - https:\/\/yoast.com\/wordpress\/plugins\/seo\/ -->\n<title>Kontakt Campingplatz Port de la Chenaie; Route Campingplatz C\u00f4tes-d&#039;Armor<\/title>\n<meta name=\"robots\" content=\"noindex, follow, max-snippet:-1, max-image-preview:large, max-video-preview:-1\" \/>\n<meta property=\"og:locale\" content=\"de_DE\" \/>\n<meta property=\"og:type\" content=\"article\" \/>\n<meta property=\"og:title\" content=\"Kontakt Campingplatz Port de la Chenaie; Route Campingplatz C\u00f4tes-d&#039;Armor\" \/>\n<meta property=\"og:url\" content=\"https:\/\/portdelachaine.geek-tonic.dev\/de\/kontakt-und-wegbeschreibung\/\" \/>\n<meta property=\"og:site_name\" content=\"Camping Le Port de la Cha\u00eene\" \/>\n<meta property=\"article:modified_time\" content=\"2024-04-25T12:58:07+00:00\" \/>\n<meta property=\"og:image\" content=\"https:\/\/portdelachaine.geek-tonic.dev\/wp-content\/uploads\/sites\/14\/2024\/02\/tourisme-camping-paimpol.webp\" \/>\n\t<meta property=\"og:image:width\" content=\"2000\" \/>\n\t<meta property=\"og:image:height\" content=\"1000\" \/>\n\t<meta property=\"og:image:type\" content=\"image\/webp\" \/>\n<meta name=\"twitter:card\" content=\"summary_large_image\" \/>\n<meta name=\"twitter:label1\" content=\"Gesch\u00e4tzte Lesezeit\" \/>\n\t<meta name=\"twitter:data1\" content=\"4\u00a0Minuten\" \/>\n<script type=\"application\/ld+json\" class=\"yoast-schema-graph\">{\"@context\":\"https:\/\/schema.org\",\"@graph\":[{\"@type\":\"WebPage\",\"@id\":\"https:\/\/portdelachaine.geek-tonic.dev\/de\/kontakt-und-wegbeschreibung\/\",\"url\":\"https:\/\/portdelachaine.geek-tonic.dev\/de\/kontakt-und-wegbeschreibung\/\",\"name\":\"Kontakt Campingplatz Port de la Chenaie; Route Campingplatz C\u00f4tes-d'Armor\",\"isPartOf\":{\"@id\":\"https:\/\/portdelachaine.geek-tonic.dev\/de\/#website\"},\"primaryImageOfPage\":{\"@id\":\"https:\/\/portdelachaine.geek-tonic.dev\/de\/kontakt-und-wegbeschreibung\/#primaryimage\"},\"image\":{\"@id\":\"https:\/\/portdelachaine.geek-tonic.dev\/de\/kontakt-und-wegbeschreibung\/#primaryimage\"},\"thumbnailUrl\":\"https:\/\/portdelachaine.geek-tonic.dev\/wp-content\/uploads\/sites\/14\/2024\/02\/tourisme-camping-paimpol.webp\",\"datePublished\":\"2024-01-03T14:46:15+00:00\",\"dateModified\":\"2024-04-25T12:58:07+00:00\",\"breadcrumb\":{\"@id\":\"https:\/\/portdelachaine.geek-tonic.dev\/de\/kontakt-und-wegbeschreibung\/#breadcrumb\"},\"inLanguage\":\"de\",\"potentialAction\":[{\"@type\":\"ReadAction\",\"target\":[\"https:\/\/portdelachaine.geek-tonic.dev\/de\/kontakt-und-wegbeschreibung\/\"]}]},{\"@type\":\"ImageObject\",\"inLanguage\":\"de\",\"@id\":\"https:\/\/portdelachaine.geek-tonic.dev\/de\/kontakt-und-wegbeschreibung\/#primaryimage\",\"url\":\"https:\/\/portdelachaine.geek-tonic.dev\/wp-content\/uploads\/sites\/14\/2024\/02\/tourisme-camping-paimpol.webp\",\"contentUrl\":\"https:\/\/portdelachaine.geek-tonic.dev\/wp-content\/uploads\/sites\/14\/2024\/02\/tourisme-camping-paimpol.webp\",\"width\":2000,\"height\":1000,\"caption\":\"tourisme camping paimpol\"},{\"@type\":\"BreadcrumbList\",\"@id\":\"https:\/\/portdelachaine.geek-tonic.dev\/de\/kontakt-und-wegbeschreibung\/#breadcrumb\",\"itemListElement\":[{\"@type\":\"ListItem\",\"position\":1,\"name\":\"Camping dans les C\u00f4tes-d'Armor\",\"item\":\"https:\/\/portdelachaine.geek-tonic.dev\/de\/\"},{\"@type\":\"ListItem\",\"position\":2,\"name\":\"Kontakt und Wegbeschreibung\"}]},{\"@type\":\"WebSite\",\"@id\":\"https:\/\/portdelachaine.geek-tonic.dev\/de\/#website\",\"url\":\"https:\/\/portdelachaine.geek-tonic.dev\/de\/\",\"name\":\"Camping Le Port de la Cha\u00eene\",\"description\":\"\",\"publisher\":{\"@id\":\"https:\/\/portdelachaine.geek-tonic.dev\/de\/#organization\"},\"potentialAction\":[{\"@type\":\"SearchAction\",\"target\":{\"@type\":\"EntryPoint\",\"urlTemplate\":\"https:\/\/portdelachaine.geek-tonic.dev\/de\/?s={search_term_string}\"},\"query-input\":{\"@type\":\"PropertyValueSpecification\",\"valueRequired\":true,\"valueName\":\"search_term_string\"}}],\"inLanguage\":\"de\"},{\"@type\":\"Organization\",\"@id\":\"https:\/\/portdelachaine.geek-tonic.dev\/de\/#organization\",\"name\":\"Camping Le Port de la Cha\u00eene\",\"url\":\"https:\/\/portdelachaine.geek-tonic.dev\/de\/\",\"logo\":{\"@type\":\"ImageObject\",\"inLanguage\":\"de\",\"@id\":\"https:\/\/portdelachaine.geek-tonic.dev\/de\/#\/schema\/logo\/image\/\",\"url\":\"https:\/\/portdelachaine.geek-tonic.dev\/wp-content\/uploads\/sites\/14\/2024\/02\/cropped-logo-Flower-camping-Le-Port-de-la-Chaine.png\",\"contentUrl\":\"https:\/\/portdelachaine.geek-tonic.dev\/wp-content\/uploads\/sites\/14\/2024\/02\/cropped-logo-Flower-camping-Le-Port-de-la-Chaine.png\",\"width\":500,\"height\":660,\"caption\":\"Camping Le Port de la Cha\u00eene\"},\"image\":{\"@id\":\"https:\/\/portdelachaine.geek-tonic.dev\/de\/#\/schema\/logo\/image\/\"}}]}<\/script>\n<!-- \/ Yoast SEO plugin. -->","yoast_head_json":{"title":"Kontakt Campingplatz Port de la Chenaie; Route Campingplatz C\u00f4tes-d'Armor","robots":{"index":"noindex","follow":"follow","max-snippet":"max-snippet:-1","max-image-preview":"max-image-preview:large","max-video-preview":"max-video-preview:-1"},"og_locale":"de_DE","og_type":"article","og_title":"Kontakt Campingplatz Port de la Chenaie; Route Campingplatz C\u00f4tes-d'Armor","og_url":"https:\/\/portdelachaine.geek-tonic.dev\/de\/kontakt-und-wegbeschreibung\/","og_site_name":"Camping Le Port de la Cha\u00eene","article_modified_time":"2024-04-25T12:58:07+00:00","og_image":[{"width":2000,"height":1000,"url":"https:\/\/portdelachaine.geek-tonic.dev\/wp-content\/uploads\/sites\/14\/2024\/02\/tourisme-camping-paimpol.webp","type":"image\/webp"}],"twitter_card":"summary_large_image","twitter_misc":{"Gesch\u00e4tzte Lesezeit":"4\u00a0Minuten"},"schema":{"@context":"https:\/\/schema.org","@graph":[{"@type":"WebPage","@id":"https:\/\/portdelachaine.geek-tonic.dev\/de\/kontakt-und-wegbeschreibung\/","url":"https:\/\/portdelachaine.geek-tonic.dev\/de\/kontakt-und-wegbeschreibung\/","name":"Kontakt Campingplatz Port de la Chenaie; Route Campingplatz C\u00f4tes-d'Armor","isPartOf":{"@id":"https:\/\/portdelachaine.geek-tonic.dev\/de\/#website"},"primaryImageOfPage":{"@id":"https:\/\/portdelachaine.geek-tonic.dev\/de\/kontakt-und-wegbeschreibung\/#primaryimage"},"image":{"@id":"https:\/\/portdelachaine.geek-tonic.dev\/de\/kontakt-und-wegbeschreibung\/#primaryimage"},"thumbnailUrl":"https:\/\/portdelachaine.geek-tonic.dev\/wp-content\/uploads\/sites\/14\/2024\/02\/tourisme-camping-paimpol.webp","datePublished":"2024-01-03T14:46:15+00:00","dateModified":"2024-04-25T12:58:07+00:00","breadcrumb":{"@id":"https:\/\/portdelachaine.geek-tonic.dev\/de\/kontakt-und-wegbeschreibung\/#breadcrumb"},"inLanguage":"de","potentialAction":[{"@type":"ReadAction","target":["https:\/\/portdelachaine.geek-tonic.dev\/de\/kontakt-und-wegbeschreibung\/"]}]},{"@type":"ImageObject","inLanguage":"de","@id":"https:\/\/portdelachaine.geek-tonic.dev\/de\/kontakt-und-wegbeschreibung\/#primaryimage","url":"https:\/\/portdelachaine.geek-tonic.dev\/wp-content\/uploads\/sites\/14\/2024\/02\/tourisme-camping-paimpol.webp","contentUrl":"https:\/\/portdelachaine.geek-tonic.dev\/wp-content\/uploads\/sites\/14\/2024\/02\/tourisme-camping-paimpol.webp","width":2000,"height":1000,"caption":"tourisme camping paimpol"},{"@type":"BreadcrumbList","@id":"https:\/\/portdelachaine.geek-tonic.dev\/de\/kontakt-und-wegbeschreibung\/#breadcrumb","itemListElement":[{"@type":"ListItem","position":1,"name":"Camping dans les C\u00f4tes-d'Armor","item":"https:\/\/portdelachaine.geek-tonic.dev\/de\/"},{"@type":"ListItem","position":2,"name":"Kontakt und Wegbeschreibung"}]},{"@type":"WebSite","@id":"https:\/\/portdelachaine.geek-tonic.dev\/de\/#website","url":"https:\/\/portdelachaine.geek-tonic.dev\/de\/","name":"Camping Le Port de la Cha\u00eene","description":"","publisher":{"@id":"https:\/\/portdelachaine.geek-tonic.dev\/de\/#organization"},"potentialAction":[{"@type":"SearchAction","target":{"@type":"EntryPoint","urlTemplate":"https:\/\/portdelachaine.geek-tonic.dev\/de\/?s={search_term_string}"},"query-input":{"@type":"PropertyValueSpecification","valueRequired":true,"valueName":"search_term_string"}}],"inLanguage":"de"},{"@type":"Organization","@id":"https:\/\/portdelachaine.geek-tonic.dev\/de\/#organization","name":"Camping Le Port de la Cha\u00eene","url":"https:\/\/portdelachaine.geek-tonic.dev\/de\/","logo":{"@type":"ImageObject","inLanguage":"de","@id":"https:\/\/portdelachaine.geek-tonic.dev\/de\/#\/schema\/logo\/image\/","url":"https:\/\/portdelachaine.geek-tonic.dev\/wp-content\/uploads\/sites\/14\/2024\/02\/cropped-logo-Flower-camping-Le-Port-de-la-Chaine.png","contentUrl":"https:\/\/portdelachaine.geek-tonic.dev\/wp-content\/uploads\/sites\/14\/2024\/02\/cropped-logo-Flower-camping-Le-Port-de-la-Chaine.png","width":500,"height":660,"caption":"Camping Le Port de la Cha\u00eene"},"image":{"@id":"https:\/\/portdelachaine.geek-tonic.dev\/de\/#\/schema\/logo\/image\/"}}]}},"_links":{"self":[{"href":"https:\/\/portdelachaine.geek-tonic.dev\/de\/wp-json\/wp\/v2\/pages\/1336","targetHints":{"allow":["GET"]}}],"collection":[{"href":"https:\/\/portdelachaine.geek-tonic.dev\/de\/wp-json\/wp\/v2\/pages"}],"about":[{"href":"https:\/\/portdelachaine.geek-tonic.dev\/de\/wp-json\/wp\/v2\/types\/page"}],"author":[{"embeddable":true,"href":"https:\/\/portdelachaine.geek-tonic.dev\/de\/wp-json\/wp\/v2\/users\/1"}],"replies":[{"embeddable":true,"href":"https:\/\/portdelachaine.geek-tonic.dev\/de\/wp-json\/wp\/v2\/comments?post=1336"}],"version-history":[{"count":1,"href":"https:\/\/portdelachaine.geek-tonic.dev\/de\/wp-json\/wp\/v2\/pages\/1336\/revisions"}],"predecessor-version":[{"id":1342,"href":"https:\/\/portdelachaine.geek-tonic.dev\/de\/wp-json\/wp\/v2\/pages\/1336\/revisions\/1342"}],"wp:featuredmedia":[{"embeddable":true,"href":"https:\/\/portdelachaine.geek-tonic.dev\/de\/wp-json\/wp\/v2\/media\/1337"}],"wp:attachment":[{"href":"https:\/\/portdelachaine.geek-tonic.dev\/de\/wp-json\/wp\/v2\/media?parent=1336"}],"wp:term":[{"taxonomy":"sujet","embeddable":true,"href":"https:\/\/portdelachaine.geek-tonic.dev\/de\/wp-json\/wp\/v2\/sujet?post=1336"}],"curies":[{"name":"wp","href":"https:\/\/api.w.org\/{rel}","templated":true}]}}