{"id":1296,"date":"2024-02-28T16:53:25","date_gmt":"2024-02-28T15:53:25","guid":{"rendered":"https:\/\/www.portdelachaine.geek-tonic.dev\/treguier-campingplatz\/"},"modified":"2024-04-25T14:56:51","modified_gmt":"2024-04-25T12:56:51","slug":"treguier-campingplatz","status":"publish","type":"page","link":"https:\/\/portdelachaine.geek-tonic.dev\/de\/treguier-campingplatz\/","title":{"rendered":"Tr\u00e9guier"},"content":{"rendered":"<section id=\"ls-section-block_afa4f0b9b9a45d116aa9e80dbcbf5572\" class=\"ls-section  page-one has-background has-color-4-background-color has-m-t m-t-0 has-m-b m-b-0 has-p-t p-t-14 has-p-b p-b-14\" >\r\n        <div class=\"container container--wide\">\r\n        \n\n<div class=\"wp-block-columns is-layout-flex wp-container-core-columns-is-layout-1 wp-block-columns-is-layout-flex\">\n<div class=\"wp-block-column animated fadeInLeft delay-100ms slow is-layout-flow wp-block-column-is-layout-flow\" style=\"flex-basis:45%\">\n<figure class=\"wp-block-image size-full\"><a href=\"https:\/\/www.portdelachaine.geek-tonic.dev\/wp-content\/uploads\/sites\/14\/2024\/02\/cathedrale-tourisme-treguier-camping-paimpol.webp\"><img decoding=\"async\" width=\"1200\" height=\"800\" src=\"https:\/\/www.portdelachaine.geek-tonic.dev\/wp-content\/uploads\/sites\/14\/2024\/02\/cathedrale-tourisme-treguier-camping-paimpol.webp\" alt=\"Kathedrale Tourismus Treguier Campingplatz Paimpol\" class=\"wp-image-966\" srcset=\"https:\/\/portdelachaine.geek-tonic.dev\/wp-content\/uploads\/sites\/14\/2024\/02\/cathedrale-tourisme-treguier-camping-paimpol.webp 1200w, https:\/\/portdelachaine.geek-tonic.dev\/wp-content\/uploads\/sites\/14\/2024\/02\/cathedrale-tourisme-treguier-camping-paimpol-300x200.webp 300w, https:\/\/portdelachaine.geek-tonic.dev\/wp-content\/uploads\/sites\/14\/2024\/02\/cathedrale-tourisme-treguier-camping-paimpol-1024x683.webp 1024w, https:\/\/portdelachaine.geek-tonic.dev\/wp-content\/uploads\/sites\/14\/2024\/02\/cathedrale-tourisme-treguier-camping-paimpol-768x512.webp 768w\" sizes=\"(max-width: 1200px) 100vw, 1200px\" \/><\/a><\/figure>\n<\/div>\n\n\n\n<div class=\"wp-block-column is-vertically-aligned-center animated fadeInRight slow is-layout-flow wp-block-column-is-layout-flow\" style=\"flex-basis:55%\">\n<h1 class=\"ls__heading wp-block-heading\">Entdecken Sie Tr\u00e9guier<\/h1>\n\n\n\n<h2 class=\"ls__heading wp-block-heading\">Tourismus in Tr\u00e9guier<\/h2>\n\n\n\n<p class=\"ls-paragraph\"><a href=\"https:\/\/www.ville-treguier.fr\/\" target=\"_blank\" rel=\"noreferrer noopener\">Tr\u00e9guier<\/a> in der Bretagne ist eine charmante Stadt, die von Geschichte gepr\u00e4gt und von malerischen K\u00fcstenlandschaften umgeben ist. Das historische Zentrum ist ein wahres Juwel mit gepflasterten Stra\u00dfen, Fachwerkh\u00e4usern und der pr\u00e4chtigen <a href=\"https:\/\/www.cotesdarmor.com\/fr\/fiche\/patrimoine-culturel\/cathedrale-saint-tugdual-treguier_TFOPCUBRE0220HA6396\/\" target=\"_blank\" rel=\"noreferrer noopener\">Kathedrale Saint-Tugdual<\/a>. Schlendern Sie durch die Gassen, besuchen Sie die Kathedrale und entdecken Sie die charmanten kleinen Gesch\u00e4fte.<\/p>\n\n\n\n<p class=\"ls-paragraph\">Die <strong>Kais von Tr\u00e9guier<\/strong> entlang des Flusses Jaudy bieten einen ruhigen Rahmen f\u00fcr einen Spaziergang und eine sch\u00f6ne Aussicht. Au\u00dferdem ist die Stadt ideal gelegen, um die wundersch\u00f6ne Rosa Granitk\u00fcste zu erkunden, die f\u00fcr ihre spektakul\u00e4ren Felsformationen bekannt ist und in weniger als einer Stunde Autofahrt erreichbar ist.<\/p>\n\n\n\n<p class=\"ls-paragraph\">Tr\u00e9guier ist auch ein Ausgangspunkt f\u00fcr Wassersportaktivit\u00e4ten wie Segeln, Kanu fahren und Hochseeangeln. Mit seiner Kombination aus <strong>historischem Erbe<\/strong> und nat\u00fcrlicher Sch\u00f6nheit ist Tr\u00e9guier ein unumg\u00e4ngliches Reiseziel in der Bretagne.<\/p>\n<\/div>\n<\/div>\n\n\r\n    <\/div>\r\n<\/section><section id=\"ls-section-block_8404d567c6900be53ad14f8a2119c6c2\" class=\"ls-section  home-gallery has-background has-color-4-background-color has-m-t m-t-0 has-p-t p-t-0\" >\r\n        <div class=\"container container--full\">\r\n        \n\n<figure class=\"wp-block-gallery has-nested-images columns-1 is-cropped galerie-slider-container wp-block-gallery-1 is-layout-flex wp-block-gallery-is-layout-flex\">\n<figure class=\"wp-block-image size-full\"><a href=\"https:\/\/www.portdelachaine.geek-tonic.dev\/wp-content\/uploads\/sites\/14\/2024\/02\/voile-tourisme-pleubian-camping-paimpol.webp\"><img decoding=\"async\" width=\"1200\" height=\"800\" src=\"https:\/\/www.portdelachaine.geek-tonic.dev\/wp-content\/uploads\/sites\/14\/2024\/02\/voile-tourisme-pleubian-camping-paimpol.webp\" alt=\"segeln tourismus pleubian camping paimpol\" class=\"wp-image-941\" srcset=\"https:\/\/portdelachaine.geek-tonic.dev\/wp-content\/uploads\/sites\/14\/2024\/02\/voile-tourisme-pleubian-camping-paimpol.webp 1200w, https:\/\/portdelachaine.geek-tonic.dev\/wp-content\/uploads\/sites\/14\/2024\/02\/voile-tourisme-pleubian-camping-paimpol-300x200.webp 300w, https:\/\/portdelachaine.geek-tonic.dev\/wp-content\/uploads\/sites\/14\/2024\/02\/voile-tourisme-pleubian-camping-paimpol-1024x683.webp 1024w, https:\/\/portdelachaine.geek-tonic.dev\/wp-content\/uploads\/sites\/14\/2024\/02\/voile-tourisme-pleubian-camping-paimpol-768x512.webp 768w\" sizes=\"(max-width: 1200px) 100vw, 1200px\" \/><\/a><\/figure>\n\n\n\n<figure class=\"wp-block-image size-full\"><a href=\"https:\/\/www.portdelachaine.geek-tonic.dev\/wp-content\/uploads\/sites\/14\/2024\/02\/kayak-tourisme-treguier-camping-paimpol.webp\"><img decoding=\"async\" width=\"1200\" height=\"800\" src=\"https:\/\/www.portdelachaine.geek-tonic.dev\/wp-content\/uploads\/sites\/14\/2024\/02\/kayak-tourisme-treguier-camping-paimpol.webp\" alt=\"kayak tourismus treguier camping paimpol\" class=\"wp-image-968\" srcset=\"https:\/\/portdelachaine.geek-tonic.dev\/wp-content\/uploads\/sites\/14\/2024\/02\/kayak-tourisme-treguier-camping-paimpol.webp 1200w, https:\/\/portdelachaine.geek-tonic.dev\/wp-content\/uploads\/sites\/14\/2024\/02\/kayak-tourisme-treguier-camping-paimpol-300x200.webp 300w, https:\/\/portdelachaine.geek-tonic.dev\/wp-content\/uploads\/sites\/14\/2024\/02\/kayak-tourisme-treguier-camping-paimpol-1024x683.webp 1024w, https:\/\/portdelachaine.geek-tonic.dev\/wp-content\/uploads\/sites\/14\/2024\/02\/kayak-tourisme-treguier-camping-paimpol-768x512.webp 768w\" sizes=\"(max-width: 1200px) 100vw, 1200px\" \/><\/a><\/figure>\n\n\n\n<figure class=\"wp-block-image size-full\"><a href=\"https:\/\/www.portdelachaine.geek-tonic.dev\/wp-content\/uploads\/sites\/14\/2024\/02\/promotion-offre-camping-paimpol.webp\"><img decoding=\"async\" width=\"1200\" height=\"800\" src=\"https:\/\/www.portdelachaine.geek-tonic.dev\/wp-content\/uploads\/sites\/14\/2024\/02\/promotion-offre-camping-paimpol.webp\" alt=\"Werbung f&#xFC;r das Angebot des Campingplatzes Paimpol\" class=\"wp-image-900\" srcset=\"https:\/\/portdelachaine.geek-tonic.dev\/wp-content\/uploads\/sites\/14\/2024\/02\/promotion-offre-camping-paimpol.webp 1200w, https:\/\/portdelachaine.geek-tonic.dev\/wp-content\/uploads\/sites\/14\/2024\/02\/promotion-offre-camping-paimpol-300x200.webp 300w, https:\/\/portdelachaine.geek-tonic.dev\/wp-content\/uploads\/sites\/14\/2024\/02\/promotion-offre-camping-paimpol-1024x683.webp 1024w, https:\/\/portdelachaine.geek-tonic.dev\/wp-content\/uploads\/sites\/14\/2024\/02\/promotion-offre-camping-paimpol-768x512.webp 768w\" sizes=\"(max-width: 1200px) 100vw, 1200px\" \/><\/a><\/figure>\n<\/figure>\n\n\r\n    <\/div>\r\n<\/section><section id=\"ls-section-block_e72237615b4aff88604cf5ebec3649ad\" class=\"ls-section  page-one aventure\" >\r\n        <div class=\"container container--wide\">\r\n        \n\n<div class=\"wp-block-columns is-layout-flex wp-container-core-columns-is-layout-2 wp-block-columns-is-layout-flex\">\n<div class=\"wp-block-column first animated fadeInLeft delay-100ms slow is-layout-flow wp-block-column-is-layout-flow\" style=\"flex-basis:45%\">\n<figure class=\"wp-block-image size-full\"><a href=\"https:\/\/www.portdelachaine.geek-tonic.dev\/wp-content\/uploads\/sites\/14\/2024\/02\/cote-granit-rose-camping-paimpol.webp\"><img decoding=\"async\" width=\"1200\" height=\"800\" src=\"https:\/\/www.portdelachaine.geek-tonic.dev\/wp-content\/uploads\/sites\/14\/2024\/02\/cote-granit-rose-camping-paimpol.webp\" alt=\"cote granit rose camping paimpol\" class=\"wp-image-939\" srcset=\"https:\/\/portdelachaine.geek-tonic.dev\/wp-content\/uploads\/sites\/14\/2024\/02\/cote-granit-rose-camping-paimpol.webp 1200w, https:\/\/portdelachaine.geek-tonic.dev\/wp-content\/uploads\/sites\/14\/2024\/02\/cote-granit-rose-camping-paimpol-300x200.webp 300w, https:\/\/portdelachaine.geek-tonic.dev\/wp-content\/uploads\/sites\/14\/2024\/02\/cote-granit-rose-camping-paimpol-1024x683.webp 1024w, https:\/\/portdelachaine.geek-tonic.dev\/wp-content\/uploads\/sites\/14\/2024\/02\/cote-granit-rose-camping-paimpol-768x512.webp 768w\" sizes=\"(max-width: 1200px) 100vw, 1200px\" \/><\/a><\/figure>\n<\/div>\n\n\n\n<div class=\"wp-block-column is-vertically-aligned-center second animated fadeInRight slow is-layout-flow wp-block-column-is-layout-flow\" style=\"flex-basis:55%\">\n<h2 class=\"ls__heading wp-block-heading has-text-align-left\">Was man in Tr\u00e9guier sehen und tun kann<\/h2>\n\n\n\n<p class=\"ls-paragraph\">Tr\u00e9guier in der Bretagne bietet eine Vielzahl von Attraktionen und Aktivit\u00e4ten f\u00fcr Besucher, die auf der Suche nach Entdeckungen sind. Beginnen Sie mit der Erkundung des historischen Zentrums der Stadt, das sich durch seine gepflasterten Gassen, Fachwerkh\u00e4user und die majest\u00e4tische Kathedrale Saint-Tugdual auszeichnet. Die Kathedrale ist ein <strong>architektonisches Meisterwerk<\/strong>, in dem Sie wundersch\u00f6ne Glasfenster und Skulpturen bewundern k\u00f6nnen.<\/p>\n\n\n\n<p class=\"ls-paragraph\">Die Kais von Tr\u00e9guier entlang des Flusses Jaudy laden zu einem ruhigen Spaziergang mit einem malerischen Blick auf das Wasser ein. Sie k\u00f6nnen auch das Ernest Renan Haus besuchen, wo der ber\u00fchmte Schriftsteller seine Kindheit verbrachte.<\/p>\n\n\n\n<div class=\"ls-lire-plus\">\n    <input id=\"ls-lire-plus-block_38038d6266d577f4212f7afa34404f3269e88d2b1a6c5\" type=\"checkbox\" class=\"ls-lire-plus__toggle\"  \/>\n    <label for=\"ls-lire-plus-block_38038d6266d577f4212f7afa34404f3269e88d2b1a6c5\" class=\"ls-lire-plus__toggle-label\">\n        <span>Lire plus<\/span>\n        <span>Lire moins<\/span>\n    <\/label>\n    <div class=\"ls-lire-plus__content\">\n        \n\n<p class=\"ls-paragraph\">In der N\u00e4he von Tr\u00e9guier erwartet Sie die Rosa Granitk\u00fcste mit ihren spektakul\u00e4ren Felsformationen, die ausgezeichnete M\u00f6glichkeiten zum Wandern und Erkunden bieten. Die nahe gelegenen Str\u00e4nde sind ideal zum Entspannen, Schwimmen und f\u00fcr Wassersport.<\/p>\n\n\n\n<p class=\"ls-paragraph\">Wenn Sie das Abenteuer auf See lieben, k\u00f6nnen Sie einen Ausflug zum Archipel von Br\u00e9hat machen, das f\u00fcr seine nat\u00fcrliche Sch\u00f6nheit bekannt ist. <strong>Wassersportarten<\/strong> wie Segeln und Kajakfahren sind in dieser Region ebenfalls sehr beliebt.<\/p>\n\n\n\n<p class=\"ls-paragraph\">Probieren Sie die bretonische K\u00fcche in den \u00f6rtlichen Restaurants, insbesondere frische Meeresfr\u00fcchte, Cr\u00eapes und regionalen Cidre. Tr\u00e9guier bietet eine Mischung aus historischem Erbe und nat\u00fcrlicher Sch\u00f6nheit, die einen unvergesslichen Aufenthalt in der Bretagne garantiert.<\/p>\n\n\n\n<p class=\"ls-paragraph\"><\/p>\n\n        <div class=\"ls-lire-plus__gradient\" style=\"background: linear-gradient(to bottom,rgba(255,255,255,0) 0%,rgba(255,255,255,1) 100%);\"><\/div>\n    <\/div>\n<\/div><\/div>\n<\/div>\n\n\r\n    <\/div>\r\n<\/section><section id=\"ls-section-block_af891622308610b2ed25f45dcb49d2df\" class=\"ls-section  page-maillage experience has-m-t m-t-0 has-p-t p-t-10\" >\r\n        <div class=\"container container--wide\">\r\n        \n\n<div id=\"ls-heading ls-titre-div-block_2276679884f6cd66b1faa7aa2befb0b7\" class=\"ls-titre-div aligncenter h2-like\" >\n    <strong>Entdecken Sie die<\/strong> Umgebung<\/div>\n\n\n<div id=\"ls-maillage-block_582840dbf19328da6bf70526d66146dd\" class=\"ls-maillage cta-style-normal\" data-rows=\"3\">\n    <div class=\"wp-block-columns\"><div class=\"wp-block-column\"><div id=\"destinations\" class=\"ls-cta\">\n\n<a href=\"https:\/\/portdelachaine.geek-tonic.dev\/de\/saint-brieuc-campingplatz\/\" target=\"\" rel=\"noopener\" class=\"ls-cta__link\">\n\n\t<div class=\"ls-cta__image\"><img decoding=\"async\" src=\"https:\/\/portdelachaine.geek-tonic.dev\/wp-content\/uploads\/sites\/14\/2024\/02\/baie-saint-brieuc-camping-paimpol.webp\" alt=\"bay saint brieuc camping paimpol\"><\/div>\n\t<div class=\"ls-cta__title\">\n\t\tSaint Brieuc\t<\/div>\n\n\t\t\n<\/a><\/div><\/div><div class=\"wp-block-column\"><div id=\"destinations\" class=\"ls-cta\">\n\n<a href=\"https:\/\/portdelachaine.geek-tonic.dev\/de\/campingplatz-lannion\/\" target=\"\" rel=\"noopener\" class=\"ls-cta__link\">\n\n\t<div class=\"ls-cta__image\"><img decoding=\"async\" src=\"https:\/\/portdelachaine.geek-tonic.dev\/wp-content\/uploads\/sites\/14\/2024\/02\/visite-lannion-camping-paimpol.webp\" alt=\"besuch lannion camping paimpol\"><\/div>\n\t<div class=\"ls-cta__title\">\n\t\tLannion\t<\/div>\n\n\t\t\n<\/a><\/div><\/div><div class=\"wp-block-column\"><div id=\"destinations\" class=\"ls-cta\">\n\n<a href=\"https:\/\/portdelachaine.geek-tonic.dev\/de\/camping-rosa-granitkueste\/\" target=\"\" rel=\"noopener\" class=\"ls-cta__link\">\n\n\t<div class=\"ls-cta__image\"><img decoding=\"async\" src=\"https:\/\/portdelachaine.geek-tonic.dev\/wp-content\/uploads\/sites\/14\/2024\/02\/cote-granit-rose-tourisme-camping-paimpol.webp\" alt=\"cote granit rose tourismus camping paimpol\"><\/div>\n\t<div class=\"ls-cta__title\">\n\t\tRosa Granitk\u00fcste\t<\/div>\n\n\t\t\n<\/a><\/div><\/div><\/div><\/div>\n\r\n    <\/div>\r\n<\/section>","protected":false},"excerpt":{"rendered":"","protected":false},"author":1,"featured_media":1299,"parent":0,"menu_order":0,"comment_status":"closed","ping_status":"closed","template":"","meta":{"_acf_changed":false,"footnotes":""},"sujet":[],"class_list":["post-1296","page","type-page","status-publish","has-post-thumbnail","hentry"],"acf":[],"yoast_head":"<!-- This site is optimized with the Yoast SEO plugin v23.9 - https:\/\/yoast.com\/wordpress\/plugins\/seo\/ -->\n<title>Besuchen Sie w\u00e4hrend Ihres Campingurlaubs Tr\u00e9guier.<\/title>\n<meta name=\"description\" content=\"Entdecken Sie die charmante Stadt Tr\u00e9guier w\u00e4hrend Ihres Campingurlaubs, ein unumg\u00e4ngliches Ziel in der Bretagne.\" \/>\n<meta name=\"robots\" content=\"noindex, follow, max-snippet:-1, max-image-preview:large, max-video-preview:-1\" \/>\n<meta property=\"og:locale\" content=\"de_DE\" \/>\n<meta property=\"og:type\" content=\"article\" \/>\n<meta property=\"og:title\" content=\"Besuchen Sie w\u00e4hrend Ihres Campingurlaubs Tr\u00e9guier.\" \/>\n<meta property=\"og:description\" content=\"Entdecken Sie die charmante Stadt Tr\u00e9guier w\u00e4hrend Ihres Campingurlaubs, ein unumg\u00e4ngliches Ziel in der Bretagne.\" \/>\n<meta property=\"og:url\" content=\"https:\/\/portdelachaine.geek-tonic.dev\/de\/treguier-campingplatz\/\" \/>\n<meta property=\"og:site_name\" content=\"Camping Le Port de la Cha\u00eene\" \/>\n<meta property=\"article:modified_time\" content=\"2024-04-25T12:56:51+00:00\" \/>\n<meta property=\"og:image\" content=\"https:\/\/portdelachaine.geek-tonic.dev\/wp-content\/uploads\/sites\/14\/2024\/02\/tourisme-treguier-camping-paimpol.webp\" \/>\n\t<meta property=\"og:image:width\" content=\"2000\" \/>\n\t<meta property=\"og:image:height\" content=\"1000\" \/>\n\t<meta property=\"og:image:type\" content=\"image\/webp\" \/>\n<meta name=\"twitter:card\" content=\"summary_large_image\" \/>\n<meta name=\"twitter:label1\" content=\"Gesch\u00e4tzte Lesezeit\" \/>\n\t<meta name=\"twitter:data1\" content=\"2\u00a0Minuten\" \/>\n<script type=\"application\/ld+json\" class=\"yoast-schema-graph\">{\"@context\":\"https:\/\/schema.org\",\"@graph\":[{\"@type\":\"WebPage\",\"@id\":\"https:\/\/portdelachaine.geek-tonic.dev\/de\/treguier-campingplatz\/\",\"url\":\"https:\/\/portdelachaine.geek-tonic.dev\/de\/treguier-campingplatz\/\",\"name\":\"Besuchen Sie w\u00e4hrend Ihres Campingurlaubs Tr\u00e9guier.\",\"isPartOf\":{\"@id\":\"https:\/\/portdelachaine.geek-tonic.dev\/de\/#website\"},\"primaryImageOfPage\":{\"@id\":\"https:\/\/portdelachaine.geek-tonic.dev\/de\/treguier-campingplatz\/#primaryimage\"},\"image\":{\"@id\":\"https:\/\/portdelachaine.geek-tonic.dev\/de\/treguier-campingplatz\/#primaryimage\"},\"thumbnailUrl\":\"https:\/\/portdelachaine.geek-tonic.dev\/wp-content\/uploads\/sites\/14\/2024\/02\/tourisme-treguier-camping-paimpol.webp\",\"datePublished\":\"2024-02-28T15:53:25+00:00\",\"dateModified\":\"2024-04-25T12:56:51+00:00\",\"description\":\"Entdecken Sie die charmante Stadt Tr\u00e9guier w\u00e4hrend Ihres Campingurlaubs, ein unumg\u00e4ngliches Ziel in der Bretagne.\",\"breadcrumb\":{\"@id\":\"https:\/\/portdelachaine.geek-tonic.dev\/de\/treguier-campingplatz\/#breadcrumb\"},\"inLanguage\":\"de\",\"potentialAction\":[{\"@type\":\"ReadAction\",\"target\":[\"https:\/\/portdelachaine.geek-tonic.dev\/de\/treguier-campingplatz\/\"]}]},{\"@type\":\"ImageObject\",\"inLanguage\":\"de\",\"@id\":\"https:\/\/portdelachaine.geek-tonic.dev\/de\/treguier-campingplatz\/#primaryimage\",\"url\":\"https:\/\/portdelachaine.geek-tonic.dev\/wp-content\/uploads\/sites\/14\/2024\/02\/tourisme-treguier-camping-paimpol.webp\",\"contentUrl\":\"https:\/\/portdelachaine.geek-tonic.dev\/wp-content\/uploads\/sites\/14\/2024\/02\/tourisme-treguier-camping-paimpol.webp\",\"width\":2000,\"height\":1000,\"caption\":\"Tourismus Treguier Campingplatz Paimpol\"},{\"@type\":\"BreadcrumbList\",\"@id\":\"https:\/\/portdelachaine.geek-tonic.dev\/de\/treguier-campingplatz\/#breadcrumb\",\"itemListElement\":[{\"@type\":\"ListItem\",\"position\":1,\"name\":\"Camping dans les C\u00f4tes-d'Armor\",\"item\":\"https:\/\/portdelachaine.geek-tonic.dev\/de\/\"},{\"@type\":\"ListItem\",\"position\":2,\"name\":\"Was man in Tr\u00e9guier sehen und tun kann\"}]},{\"@type\":\"WebSite\",\"@id\":\"https:\/\/portdelachaine.geek-tonic.dev\/de\/#website\",\"url\":\"https:\/\/portdelachaine.geek-tonic.dev\/de\/\",\"name\":\"Camping Le Port de la Cha\u00eene\",\"description\":\"\",\"publisher\":{\"@id\":\"https:\/\/portdelachaine.geek-tonic.dev\/de\/#organization\"},\"potentialAction\":[{\"@type\":\"SearchAction\",\"target\":{\"@type\":\"EntryPoint\",\"urlTemplate\":\"https:\/\/portdelachaine.geek-tonic.dev\/de\/?s={search_term_string}\"},\"query-input\":{\"@type\":\"PropertyValueSpecification\",\"valueRequired\":true,\"valueName\":\"search_term_string\"}}],\"inLanguage\":\"de\"},{\"@type\":\"Organization\",\"@id\":\"https:\/\/portdelachaine.geek-tonic.dev\/de\/#organization\",\"name\":\"Camping Le Port de la Cha\u00eene\",\"url\":\"https:\/\/portdelachaine.geek-tonic.dev\/de\/\",\"logo\":{\"@type\":\"ImageObject\",\"inLanguage\":\"de\",\"@id\":\"https:\/\/portdelachaine.geek-tonic.dev\/de\/#\/schema\/logo\/image\/\",\"url\":\"https:\/\/portdelachaine.geek-tonic.dev\/wp-content\/uploads\/sites\/14\/2024\/02\/cropped-logo-Flower-camping-Le-Port-de-la-Chaine.png\",\"contentUrl\":\"https:\/\/portdelachaine.geek-tonic.dev\/wp-content\/uploads\/sites\/14\/2024\/02\/cropped-logo-Flower-camping-Le-Port-de-la-Chaine.png\",\"width\":500,\"height\":660,\"caption\":\"Camping Le Port de la Cha\u00eene\"},\"image\":{\"@id\":\"https:\/\/portdelachaine.geek-tonic.dev\/de\/#\/schema\/logo\/image\/\"}}]}<\/script>\n<!-- \/ Yoast SEO plugin. -->","yoast_head_json":{"title":"Besuchen Sie w\u00e4hrend Ihres Campingurlaubs Tr\u00e9guier.","description":"Entdecken Sie die charmante Stadt Tr\u00e9guier w\u00e4hrend Ihres Campingurlaubs, ein unumg\u00e4ngliches Ziel in der Bretagne.","robots":{"index":"noindex","follow":"follow","max-snippet":"max-snippet:-1","max-image-preview":"max-image-preview:large","max-video-preview":"max-video-preview:-1"},"og_locale":"de_DE","og_type":"article","og_title":"Besuchen Sie w\u00e4hrend Ihres Campingurlaubs Tr\u00e9guier.","og_description":"Entdecken Sie die charmante Stadt Tr\u00e9guier w\u00e4hrend Ihres Campingurlaubs, ein unumg\u00e4ngliches Ziel in der Bretagne.","og_url":"https:\/\/portdelachaine.geek-tonic.dev\/de\/treguier-campingplatz\/","og_site_name":"Camping Le Port de la Cha\u00eene","article_modified_time":"2024-04-25T12:56:51+00:00","og_image":[{"width":2000,"height":1000,"url":"https:\/\/portdelachaine.geek-tonic.dev\/wp-content\/uploads\/sites\/14\/2024\/02\/tourisme-treguier-camping-paimpol.webp","type":"image\/webp"}],"twitter_card":"summary_large_image","twitter_misc":{"Gesch\u00e4tzte Lesezeit":"2\u00a0Minuten"},"schema":{"@context":"https:\/\/schema.org","@graph":[{"@type":"WebPage","@id":"https:\/\/portdelachaine.geek-tonic.dev\/de\/treguier-campingplatz\/","url":"https:\/\/portdelachaine.geek-tonic.dev\/de\/treguier-campingplatz\/","name":"Besuchen Sie w\u00e4hrend Ihres Campingurlaubs Tr\u00e9guier.","isPartOf":{"@id":"https:\/\/portdelachaine.geek-tonic.dev\/de\/#website"},"primaryImageOfPage":{"@id":"https:\/\/portdelachaine.geek-tonic.dev\/de\/treguier-campingplatz\/#primaryimage"},"image":{"@id":"https:\/\/portdelachaine.geek-tonic.dev\/de\/treguier-campingplatz\/#primaryimage"},"thumbnailUrl":"https:\/\/portdelachaine.geek-tonic.dev\/wp-content\/uploads\/sites\/14\/2024\/02\/tourisme-treguier-camping-paimpol.webp","datePublished":"2024-02-28T15:53:25+00:00","dateModified":"2024-04-25T12:56:51+00:00","description":"Entdecken Sie die charmante Stadt Tr\u00e9guier w\u00e4hrend Ihres Campingurlaubs, ein unumg\u00e4ngliches Ziel in der Bretagne.","breadcrumb":{"@id":"https:\/\/portdelachaine.geek-tonic.dev\/de\/treguier-campingplatz\/#breadcrumb"},"inLanguage":"de","potentialAction":[{"@type":"ReadAction","target":["https:\/\/portdelachaine.geek-tonic.dev\/de\/treguier-campingplatz\/"]}]},{"@type":"ImageObject","inLanguage":"de","@id":"https:\/\/portdelachaine.geek-tonic.dev\/de\/treguier-campingplatz\/#primaryimage","url":"https:\/\/portdelachaine.geek-tonic.dev\/wp-content\/uploads\/sites\/14\/2024\/02\/tourisme-treguier-camping-paimpol.webp","contentUrl":"https:\/\/portdelachaine.geek-tonic.dev\/wp-content\/uploads\/sites\/14\/2024\/02\/tourisme-treguier-camping-paimpol.webp","width":2000,"height":1000,"caption":"Tourismus Treguier Campingplatz Paimpol"},{"@type":"BreadcrumbList","@id":"https:\/\/portdelachaine.geek-tonic.dev\/de\/treguier-campingplatz\/#breadcrumb","itemListElement":[{"@type":"ListItem","position":1,"name":"Camping dans les C\u00f4tes-d'Armor","item":"https:\/\/portdelachaine.geek-tonic.dev\/de\/"},{"@type":"ListItem","position":2,"name":"Was man in Tr\u00e9guier sehen und tun kann"}]},{"@type":"WebSite","@id":"https:\/\/portdelachaine.geek-tonic.dev\/de\/#website","url":"https:\/\/portdelachaine.geek-tonic.dev\/de\/","name":"Camping Le Port de la Cha\u00eene","description":"","publisher":{"@id":"https:\/\/portdelachaine.geek-tonic.dev\/de\/#organization"},"potentialAction":[{"@type":"SearchAction","target":{"@type":"EntryPoint","urlTemplate":"https:\/\/portdelachaine.geek-tonic.dev\/de\/?s={search_term_string}"},"query-input":{"@type":"PropertyValueSpecification","valueRequired":true,"valueName":"search_term_string"}}],"inLanguage":"de"},{"@type":"Organization","@id":"https:\/\/portdelachaine.geek-tonic.dev\/de\/#organization","name":"Camping Le Port de la Cha\u00eene","url":"https:\/\/portdelachaine.geek-tonic.dev\/de\/","logo":{"@type":"ImageObject","inLanguage":"de","@id":"https:\/\/portdelachaine.geek-tonic.dev\/de\/#\/schema\/logo\/image\/","url":"https:\/\/portdelachaine.geek-tonic.dev\/wp-content\/uploads\/sites\/14\/2024\/02\/cropped-logo-Flower-camping-Le-Port-de-la-Chaine.png","contentUrl":"https:\/\/portdelachaine.geek-tonic.dev\/wp-content\/uploads\/sites\/14\/2024\/02\/cropped-logo-Flower-camping-Le-Port-de-la-Chaine.png","width":500,"height":660,"caption":"Camping Le Port de la Cha\u00eene"},"image":{"@id":"https:\/\/portdelachaine.geek-tonic.dev\/de\/#\/schema\/logo\/image\/"}}]}},"_links":{"self":[{"href":"https:\/\/portdelachaine.geek-tonic.dev\/de\/wp-json\/wp\/v2\/pages\/1296","targetHints":{"allow":["GET"]}}],"collection":[{"href":"https:\/\/portdelachaine.geek-tonic.dev\/de\/wp-json\/wp\/v2\/pages"}],"about":[{"href":"https:\/\/portdelachaine.geek-tonic.dev\/de\/wp-json\/wp\/v2\/types\/page"}],"author":[{"embeddable":true,"href":"https:\/\/portdelachaine.geek-tonic.dev\/de\/wp-json\/wp\/v2\/users\/1"}],"replies":[{"embeddable":true,"href":"https:\/\/portdelachaine.geek-tonic.dev\/de\/wp-json\/wp\/v2\/comments?post=1296"}],"version-history":[{"count":1,"href":"https:\/\/portdelachaine.geek-tonic.dev\/de\/wp-json\/wp\/v2\/pages\/1296\/revisions"}],"predecessor-version":[{"id":1304,"href":"https:\/\/portdelachaine.geek-tonic.dev\/de\/wp-json\/wp\/v2\/pages\/1296\/revisions\/1304"}],"wp:featuredmedia":[{"embeddable":true,"href":"https:\/\/portdelachaine.geek-tonic.dev\/de\/wp-json\/wp\/v2\/media\/1299"}],"wp:attachment":[{"href":"https:\/\/portdelachaine.geek-tonic.dev\/de\/wp-json\/wp\/v2\/media?parent=1296"}],"wp:term":[{"taxonomy":"sujet","embeddable":true,"href":"https:\/\/portdelachaine.geek-tonic.dev\/de\/wp-json\/wp\/v2\/sujet?post=1296"}],"curies":[{"name":"wp","href":"https:\/\/api.w.org\/{rel}","templated":true}]}}