{"id":1230,"date":"2024-01-03T15:37:13","date_gmt":"2024-01-03T14:37:13","guid":{"rendered":"https:\/\/www.portdelachaine.geek-tonic.dev\/campingplatz-mit-sonderangeboten-pleubian\/"},"modified":"2024-06-24T11:16:07","modified_gmt":"2024-06-24T09:16:07","slug":"campingplatz-mit-sonderangeboten-pleubian","status":"publish","type":"page","link":"https:\/\/portdelachaine.geek-tonic.dev\/de\/campingplatz-mit-sonderangeboten-pleubian\/","title":{"rendered":"Unsere Angebote"},"content":{"rendered":"<section id=\"ls-section-block_d00d3e77e73514867a123ddc685cfa31\" class=\"ls-section  page-one has-background has-color-4-background-color has-m-t m-t-0 has-m-b m-b-0 has-p-t p-t-14 has-p-b p-b-14\" >\r\n        <div class=\"container container--wide\">\r\n        \n\n<h1 class=\"ls__heading wp-block-heading\">Campingplatz mit Sonderangeboten in der N\u00e4he von Paimpol<\/h1>\n\n\n<p><script>\n    window.ctoutvert = {\n\t\tid: 16100, \n\t\tlang: 'auto', \n\t\turl: 'https:\/\/reservation.secureholiday.net\/widgets\/'\n    };<\/p>\n<p>    (function (w, d, s, ctv, r, js, fjs) {\n        r=new XMLHttpRequest();r.open('GET',w[ctv].url+'js\/src.json');\n        r.responseType='json';r.json=true;r.send();\n        r.onload=function(){w[ctv].src=r.responseType=='json'?r.response:JSON.parse(r.response);\n        js.src=w[ctv].src[0];fjs.parentNode.insertBefore(js, fjs);}\n        js=d.createElement(s),fjs=d.getElementsByTagName(s)[0];\n        js.id='ctvwidget';js.async=1;\n    }(window, document, 'script', 'ctoutvert'));\n<\/script><br \/>\n<ctv-offers data-display-mode=\"carousel\" ><\/ctv-offers><\/p>\n\n\n\n<div class=\"wp-block-columns is-layout-flex wp-container-core-columns-is-layout-1 wp-block-columns-is-layout-flex\">\n<div class=\"wp-block-column animated fadeInLeft delay-100ms slow is-layout-flow wp-block-column-is-layout-flow\" style=\"flex-basis:45%\">\n<figure class=\"wp-block-image size-full\"><a href=\"https:\/\/www.portdelachaine.geek-tonic.dev\/wp-content\/uploads\/sites\/14\/2024\/02\/engagement-famille-camping-paimpol.webp\"><img decoding=\"async\" width=\"1200\" height=\"740\" src=\"https:\/\/www.portdelachaine.geek-tonic.dev\/wp-content\/uploads\/sites\/14\/2024\/02\/engagement-famille-camping-paimpol.webp\" alt=\"Engagement Familie Camping Paimpol\" class=\"wp-image-823\" srcset=\"https:\/\/portdelachaine.geek-tonic.dev\/wp-content\/uploads\/sites\/14\/2024\/02\/engagement-famille-camping-paimpol.webp 1200w, https:\/\/portdelachaine.geek-tonic.dev\/wp-content\/uploads\/sites\/14\/2024\/02\/engagement-famille-camping-paimpol-300x185.webp 300w, https:\/\/portdelachaine.geek-tonic.dev\/wp-content\/uploads\/sites\/14\/2024\/02\/engagement-famille-camping-paimpol-1024x631.webp 1024w, https:\/\/portdelachaine.geek-tonic.dev\/wp-content\/uploads\/sites\/14\/2024\/02\/engagement-famille-camping-paimpol-768x474.webp 768w\" sizes=\"(max-width: 1200px) 100vw, 1200px\" \/><\/a><\/figure>\n<\/div>\n\n\n\n<div class=\"wp-block-column is-vertically-aligned-center animated fadeInRight slow is-layout-flow wp-block-column-is-layout-flow\" style=\"flex-basis:55%\">\n<h2 class=\"ls__heading wp-block-heading\">Sonderangebot f\u00fcr Paare auf einem Campingplatz in den C\u00f4tes-d&#8217;Armor<\/h2>\n\n\n\n<p class=\"ls-paragraph\">Suchen Sie nach einem romantischen Ausflug in Pleubian in der Bretagne, um sich zu zweit zu erholen?  <\/p>\n\n\n\n<p class=\"ls-paragraph\">Nutzen Sie jetzt die Gelegenheit und entdecken Sie unsere<strong> Sonderangebote f\u00fcr Paare ab 219\u20ac pro Woche<\/strong>, die f\u00fcr unsere verschiedenen Unterk\u00fcnfte g\u00fcltig sind. Bitte beachten Sie, dass dieses Angebot nicht mit anderen laufenden Werbeaktionen kombiniert werden kann. Dies ist der perfekte Zeitpunkt, um einen unvergesslichen romantischen Urlaub am Meer in der Bretagne zu planen.<\/p>\n\n\n\n<p class=\"ls-paragraph\">Dieses Angebot ist nicht mit anderen g\u00fcltigen Sonderangeboten kombinierbar.<\/p>\n<\/div>\n<\/div>\n\n\r\n    <\/div>\r\n<\/section><section id=\"ls-section-block_0b0a51447ae448ac576c4a8dcb3abcf7\" class=\"ls-section  home-gallery has-background has-color-4-background-color has-m-t m-t-0 has-p-t p-t-0\" >\r\n        <div class=\"container container--full\">\r\n        \n\n<figure class=\"wp-block-gallery has-nested-images columns-1 is-cropped galerie-slider-container wp-block-gallery-1 is-layout-flex wp-block-gallery-is-layout-flex\">\n<figure class=\"wp-block-image size-full\"><a href=\"https:\/\/www.portdelachaine.geek-tonic.dev\/wp-content\/uploads\/sites\/14\/2024\/02\/hebergement-camping-paimpol.webp\"><img decoding=\"async\" width=\"1200\" height=\"765\" src=\"https:\/\/www.portdelachaine.geek-tonic.dev\/wp-content\/uploads\/sites\/14\/2024\/02\/hebergement-camping-paimpol.webp\" alt=\"unterkunft auf dem campingplatz paimpol\" class=\"wp-image-789\" srcset=\"https:\/\/portdelachaine.geek-tonic.dev\/wp-content\/uploads\/sites\/14\/2024\/02\/hebergement-camping-paimpol.webp 1200w, https:\/\/portdelachaine.geek-tonic.dev\/wp-content\/uploads\/sites\/14\/2024\/02\/hebergement-camping-paimpol-300x191.webp 300w, https:\/\/portdelachaine.geek-tonic.dev\/wp-content\/uploads\/sites\/14\/2024\/02\/hebergement-camping-paimpol-1024x653.webp 1024w, https:\/\/portdelachaine.geek-tonic.dev\/wp-content\/uploads\/sites\/14\/2024\/02\/hebergement-camping-paimpol-768x490.webp 768w\" sizes=\"(max-width: 1200px) 100vw, 1200px\" \/><\/a><\/figure>\n\n\n\n<figure class=\"wp-block-image size-full\"><a href=\"https:\/\/www.portdelachaine.geek-tonic.dev\/wp-content\/uploads\/sites\/14\/2024\/02\/location-velo-camping-paimpol.webp\"><img decoding=\"async\" width=\"1200\" height=\"800\" src=\"https:\/\/www.portdelachaine.geek-tonic.dev\/wp-content\/uploads\/sites\/14\/2024\/02\/location-velo-camping-paimpol.webp\" alt=\"vermietung von fahrr&#xE4;dern auf dem campingplatz paimpol\" class=\"wp-image-767\" srcset=\"https:\/\/portdelachaine.geek-tonic.dev\/wp-content\/uploads\/sites\/14\/2024\/02\/location-velo-camping-paimpol.webp 1200w, https:\/\/portdelachaine.geek-tonic.dev\/wp-content\/uploads\/sites\/14\/2024\/02\/location-velo-camping-paimpol-300x200.webp 300w, https:\/\/portdelachaine.geek-tonic.dev\/wp-content\/uploads\/sites\/14\/2024\/02\/location-velo-camping-paimpol-1024x683.webp 1024w, https:\/\/portdelachaine.geek-tonic.dev\/wp-content\/uploads\/sites\/14\/2024\/02\/location-velo-camping-paimpol-768x512.webp 768w\" sizes=\"(max-width: 1200px) 100vw, 1200px\" \/><\/a><\/figure>\n\n\n\n<figure class=\"wp-block-image size-full\"><a href=\"https:\/\/www.portdelachaine.geek-tonic.dev\/wp-content\/uploads\/sites\/14\/2024\/02\/emplacement-tente-camping-pimpol.webp\"><img decoding=\"async\" width=\"1200\" height=\"900\" src=\"https:\/\/www.portdelachaine.geek-tonic.dev\/wp-content\/uploads\/sites\/14\/2024\/02\/emplacement-tente-camping-pimpol.webp\" alt=\"Stellplatz f&#xFC;r Zelte auf dem Campingplatz Pimpol\" class=\"wp-image-884\" srcset=\"https:\/\/portdelachaine.geek-tonic.dev\/wp-content\/uploads\/sites\/14\/2024\/02\/emplacement-tente-camping-pimpol.webp 1200w, https:\/\/portdelachaine.geek-tonic.dev\/wp-content\/uploads\/sites\/14\/2024\/02\/emplacement-tente-camping-pimpol-300x225.webp 300w, https:\/\/portdelachaine.geek-tonic.dev\/wp-content\/uploads\/sites\/14\/2024\/02\/emplacement-tente-camping-pimpol-1024x768.webp 1024w, https:\/\/portdelachaine.geek-tonic.dev\/wp-content\/uploads\/sites\/14\/2024\/02\/emplacement-tente-camping-pimpol-768x576.webp 768w\" sizes=\"(max-width: 1200px) 100vw, 1200px\" \/><\/a><\/figure>\n<\/figure>\n\n\r\n    <\/div>\r\n<\/section><section id=\"ls-section-block_963e2c089b769878af036fed376cc34c\" class=\"ls-section  page-one aventure\" >\r\n        <div class=\"container container--wide\">\r\n        \n\n<div class=\"wp-block-columns is-layout-flex wp-container-core-columns-is-layout-2 wp-block-columns-is-layout-flex\">\n<div class=\"wp-block-column first animated fadeInLeft delay-100ms slow is-layout-flow wp-block-column-is-layout-flow\" style=\"flex-basis:45%\">\n<figure class=\"wp-block-image size-full\"><a href=\"https:\/\/www.portdelachaine.geek-tonic.dev\/wp-content\/uploads\/sites\/14\/2024\/02\/promotion-offre-camping-paimpol.webp\"><img decoding=\"async\" width=\"1200\" height=\"800\" src=\"https:\/\/www.portdelachaine.geek-tonic.dev\/wp-content\/uploads\/sites\/14\/2024\/02\/promotion-offre-camping-paimpol.webp\" alt=\"Werbung f&#xFC;r das Angebot des Campingplatzes Paimpol\" class=\"wp-image-900\" srcset=\"https:\/\/portdelachaine.geek-tonic.dev\/wp-content\/uploads\/sites\/14\/2024\/02\/promotion-offre-camping-paimpol.webp 1200w, https:\/\/portdelachaine.geek-tonic.dev\/wp-content\/uploads\/sites\/14\/2024\/02\/promotion-offre-camping-paimpol-300x200.webp 300w, https:\/\/portdelachaine.geek-tonic.dev\/wp-content\/uploads\/sites\/14\/2024\/02\/promotion-offre-camping-paimpol-1024x683.webp 1024w, https:\/\/portdelachaine.geek-tonic.dev\/wp-content\/uploads\/sites\/14\/2024\/02\/promotion-offre-camping-paimpol-768x512.webp 768w\" sizes=\"(max-width: 1200px) 100vw, 1200px\" \/><\/a><\/figure>\n<\/div>\n\n\n\n<div class=\"wp-block-column is-vertically-aligned-center second animated fadeInRight slow is-layout-flow wp-block-column-is-layout-flow\" style=\"flex-basis:55%\">\n<h2 class=\"ls__heading wp-block-heading has-text-align-left\">Last Minute Sommer: -25% Rabatt<\/h2>\n\n\n\n<p class=\"ls-paragraph\">Lust, die Sonne zu genie\u00dfen? Noch ist es Zeit, Ihren n\u00e4chsten Sommerurlaub zu buchen und von 25 % Rabatt zu profitieren! Die Temperaturen sind ideal, um in der Sonne zu faulenzen. Die Swimmingpools sind ge\u00f6ffnet und die Liegest\u00fchle warten auf Sie. Hier finden Sie alles, was Sie brauchen, um die Landschaft von ihrer sch\u00f6nsten Seite zu entdecken, Vitamin D zu tanken und neue Abenteuer in Ruhe zu erleben. Sie haben die Freiheit, neue Gebiete zu entdecken und viele Entdeckungen zu machen.<\/p>\n<\/div>\n<\/div>\n\n\r\n    <\/div>\r\n<\/section><section id=\"ls-section-block_1bc2fc7f0d3136775c97f9dab73ad7cb\" class=\"ls-section  page-one has-background has-color-4-background-color has-m-b m-b-0 has-p-t p-t-14\" >\r\n        <div class=\"container container--wide\">\r\n        \n\n<div class=\"wp-block-columns is-layout-flex wp-container-core-columns-is-layout-3 wp-block-columns-is-layout-flex\">\n<div class=\"wp-block-column is-vertically-aligned-center first  animated fadeInLeft slow is-layout-flow wp-block-column-is-layout-flow\" style=\"flex-basis:55%\">\n<h2 class=\"ls__heading wp-block-heading\">Unsere anderen Sonderangebote auf dem Campingplatz<\/h2>\n\n\n\n<p class=\"ls-paragraph\">Buchen Sie fr\u00fcher, zahlen Sie weniger! Nutzen Sie unser <strong>Early Booking Angebot bis zum 31. Januar<\/strong>, um<strong> bis zu -30% <\/strong>auf Ihren Aufenthalt in Pleubian in der Bretagne zu sparen. Buchen Sie Ihren Urlaub Monate im Voraus und profitieren Sie von diesem au\u00dfergew\u00f6hnlichen Rabatt.  <\/p>\n\n\n\n<p class=\"ls-paragraph\">Bitte beachten Sie, dass dieses Angebot nicht mit anderen laufenden Sonderangeboten kombiniert werden kann und dass die H\u00f6he des Rabatts je nach Aufenthaltsdauer variieren kann.<\/p>\n\n\n\n<p class=\"ls-paragraph\"><br\/>Entdecken Sie unseren Campingplatz mit exklusiven Werbeangeboten im Rahmen unseres <strong>Fr\u00fchlingsangebots<\/strong>! Profitieren Sie von einem<strong> Rabatt von 15% <\/strong>auf Ihren Aufenthalt, wenn die Tage l\u00e4nger werden und die Sonne sich zeigt. Lassen Sie sich diese Gelegenheit nicht entgehen und entdecken Sie Pleubian bei einem Aufenthalt von mindestens 2 Tagen, der vom 29. M\u00e4rz bis zum 6. Mai zur Miete verf\u00fcgbar ist.<\/p>\n\n\n\n<p class=\"ls-paragraph\">Gro\u00dfe Familie? Wir haben das perfekte Angebot f\u00fcr Sie! Entdecken Sie die Wunder von Pleubian ab 399\u20ac pro Woche mit unserem Stammesangebot. Nutzen Sie die M\u00f6glichkeit, 3 Schlafzimmer zu mieten, um auf unserem Campingplatz mit guten Pl\u00e4nen viel Platz f\u00fcr die ganze Familie zu haben.<\/p>\n\n\n\n<p class=\"ls-paragraph\">Nutzen Sie diese au\u00dfergew\u00f6hnlichen Vorteile f\u00fcr einen unvergesslichen Urlaub in Pleubian in der Bretagne.<\/p>\n<\/div>\n\n\n\n<div class=\"wp-block-column second animated fadeInRight delay-100ms slow is-layout-flow wp-block-column-is-layout-flow\" style=\"flex-basis:45%\">\n<figure class=\"wp-block-image size-full\"><a href=\"https:\/\/www.portdelachaine.geek-tonic.dev\/wp-content\/uploads\/sites\/14\/2024\/02\/promotions-camping-paimpol.webp\"><img decoding=\"async\" width=\"1200\" height=\"836\" src=\"https:\/\/www.portdelachaine.geek-tonic.dev\/wp-content\/uploads\/sites\/14\/2024\/02\/promotions-camping-paimpol.webp\" alt=\"promotions camping paimpol\" class=\"wp-image-902\" srcset=\"https:\/\/portdelachaine.geek-tonic.dev\/wp-content\/uploads\/sites\/14\/2024\/02\/promotions-camping-paimpol.webp 1200w, https:\/\/portdelachaine.geek-tonic.dev\/wp-content\/uploads\/sites\/14\/2024\/02\/promotions-camping-paimpol-300x209.webp 300w, https:\/\/portdelachaine.geek-tonic.dev\/wp-content\/uploads\/sites\/14\/2024\/02\/promotions-camping-paimpol-1024x713.webp 1024w, https:\/\/portdelachaine.geek-tonic.dev\/wp-content\/uploads\/sites\/14\/2024\/02\/promotions-camping-paimpol-768x535.webp 768w\" sizes=\"(max-width: 1200px) 100vw, 1200px\" \/><\/a><\/figure>\n<\/div>\n<\/div>\n\n\r\n    <\/div>\r\n<\/section><section id=\"ls-section-block_26a1fb022b84796a8f3317eef063f72a\" class=\"ls-section  page-maillage experience has-m-t m-t-0 has-p-t p-t-10\" >\r\n        <div class=\"container container--wide\">\r\n        \n\n<div id=\"ls-heading ls-titre-div-block_66937154d4022aae4dc39fd5547a4ed1\" class=\"ls-titre-div aligncenter h2-like\" >\n    <strong>Entdecken <\/strong> Sie unsere Freizeitangebote, unsere Mietunterk\u00fcnfte und unsere Stellpl\u00e4tze<\/div>\n\n\n<div id=\"ls-maillage-block_da288fec40af4a5c19f77255e8372323\" class=\"ls-maillage cta-style-normal\" data-rows=\"3\">\n    <div class=\"wp-block-columns\"><div class=\"wp-block-column\"><div id=\"destinations\" class=\"ls-cta\">\n\n<a href=\"https:\/\/portdelachaine.geek-tonic.dev\/de\/mobilheimvermietung-pleubian\/\" target=\"\" rel=\"noopener\" class=\"ls-cta__link\">\n\n\t<div class=\"ls-cta__image\"><img decoding=\"async\" src=\"https:\/\/portdelachaine.geek-tonic.dev\/wp-content\/uploads\/sites\/14\/2024\/02\/location-hebergement-camping-paimpol.webp\" alt=\"location hebergement camping paimpol\"><\/div>\n\t<div class=\"ls-cta__title\">\n\t\tUnsere Unterk\u00fcnfte\t<\/div>\n\n\t\t\n<\/a><\/div><\/div><div class=\"wp-block-column\"><div id=\"destinations\" class=\"ls-cta\">\n\n<a href=\"https:\/\/portdelachaine.geek-tonic.dev\/de\/stellplatze-fur-zelte-auf-dem-campingplatz-paimpol\/\" target=\"\" rel=\"noopener\" class=\"ls-cta__link\">\n\n\t<div class=\"ls-cta__image\"><img decoding=\"async\" src=\"https:\/\/portdelachaine.geek-tonic.dev\/wp-content\/uploads\/sites\/14\/2024\/02\/emplacement-tente-camping-pimpol.webp\" alt=\"Stellplatz f\u00fcr Zelte auf dem Campingplatz Pimpol\"><\/div>\n\t<div class=\"ls-cta__title\">\n\t\tUnsere Stellpl\u00e4tze\t<\/div>\n\n\t\t\n<\/a><\/div><\/div><div class=\"wp-block-column\"><div id=\"destinations\" class=\"ls-cta\">\n\n<a href=\"https:\/\/portdelachaine.geek-tonic.dev\/de\/campingplatz-mit-unterhaltung-pleubian\/\" target=\"\" rel=\"noopener\" class=\"ls-cta__link\">\n\n\t<div class=\"ls-cta__image\"><img decoding=\"async\" src=\"https:\/\/portdelachaine.geek-tonic.dev\/wp-content\/uploads\/sites\/14\/2024\/02\/loisirs-animations-camping-paimpol.webp\" alt=\"freizeit animationen camping paimpol\"><\/div>\n\t<div class=\"ls-cta__title\">\n\t\tFreizeitaktivit\u00e4ten vor Ort\t<\/div>\n\n\t\t\n<\/a><\/div><\/div><\/div><\/div>\n\r\n    <\/div>\r\n<\/section>","protected":false},"excerpt":{"rendered":"","protected":false},"author":1,"featured_media":1234,"parent":0,"menu_order":0,"comment_status":"closed","ping_status":"closed","template":"","meta":{"_acf_changed":false,"footnotes":""},"sujet":[],"class_list":["post-1230","page","type-page","status-publish","has-post-thumbnail","hentry"],"acf":[],"yoast_head":"<!-- This site is optimized with the Yoast SEO plugin v23.9 - https:\/\/yoast.com\/wordpress\/plugins\/seo\/ -->\n<title>Campingplatz mit Sonderangeboten in der N\u00e4he von Paimpol, C\u00f4tes-d&#039;Armor<\/title>\n<meta name=\"description\" content=\"Genie\u00dfen Sie einen Campingurlaub zum besten Preis in der N\u00e4he von Paimpol, im Departement C\u00f4tes-d&#039;Armor.\" \/>\n<meta name=\"robots\" content=\"noindex, follow, max-snippet:-1, max-image-preview:large, max-video-preview:-1\" \/>\n<meta property=\"og:locale\" content=\"de_DE\" \/>\n<meta property=\"og:type\" content=\"article\" \/>\n<meta property=\"og:title\" content=\"Campingplatz mit Sonderangeboten in der N\u00e4he von Paimpol, C\u00f4tes-d&#039;Armor\" \/>\n<meta property=\"og:description\" content=\"Genie\u00dfen Sie einen Campingurlaub zum besten Preis in der N\u00e4he von Paimpol, im Departement C\u00f4tes-d&#039;Armor.\" \/>\n<meta property=\"og:url\" content=\"https:\/\/portdelachaine.geek-tonic.dev\/de\/campingplatz-mit-sonderangeboten-pleubian\/\" \/>\n<meta property=\"og:site_name\" content=\"Camping Le Port de la Cha\u00eene\" \/>\n<meta property=\"article:modified_time\" content=\"2024-06-24T09:16:07+00:00\" \/>\n<meta property=\"og:image\" content=\"https:\/\/portdelachaine.geek-tonic.dev\/wp-content\/uploads\/sites\/14\/2024\/02\/camping-pas-cher-paimpol.webp\" \/>\n\t<meta property=\"og:image:width\" content=\"2000\" \/>\n\t<meta property=\"og:image:height\" content=\"1333\" \/>\n\t<meta property=\"og:image:type\" content=\"image\/webp\" \/>\n<meta name=\"twitter:card\" content=\"summary_large_image\" \/>\n<meta name=\"twitter:label1\" content=\"Gesch\u00e4tzte Lesezeit\" \/>\n\t<meta name=\"twitter:data1\" content=\"2\u00a0Minuten\" \/>\n<script type=\"application\/ld+json\" class=\"yoast-schema-graph\">{\"@context\":\"https:\/\/schema.org\",\"@graph\":[{\"@type\":\"WebPage\",\"@id\":\"https:\/\/portdelachaine.geek-tonic.dev\/de\/campingplatz-mit-sonderangeboten-pleubian\/\",\"url\":\"https:\/\/portdelachaine.geek-tonic.dev\/de\/campingplatz-mit-sonderangeboten-pleubian\/\",\"name\":\"Campingplatz mit Sonderangeboten in der N\u00e4he von Paimpol, C\u00f4tes-d'Armor\",\"isPartOf\":{\"@id\":\"https:\/\/portdelachaine.geek-tonic.dev\/de\/#website\"},\"primaryImageOfPage\":{\"@id\":\"https:\/\/portdelachaine.geek-tonic.dev\/de\/campingplatz-mit-sonderangeboten-pleubian\/#primaryimage\"},\"image\":{\"@id\":\"https:\/\/portdelachaine.geek-tonic.dev\/de\/campingplatz-mit-sonderangeboten-pleubian\/#primaryimage\"},\"thumbnailUrl\":\"https:\/\/portdelachaine.geek-tonic.dev\/wp-content\/uploads\/sites\/14\/2024\/02\/camping-pas-cher-paimpol.webp\",\"datePublished\":\"2024-01-03T14:37:13+00:00\",\"dateModified\":\"2024-06-24T09:16:07+00:00\",\"description\":\"Genie\u00dfen Sie einen Campingurlaub zum besten Preis in der N\u00e4he von Paimpol, im Departement C\u00f4tes-d'Armor.\",\"breadcrumb\":{\"@id\":\"https:\/\/portdelachaine.geek-tonic.dev\/de\/campingplatz-mit-sonderangeboten-pleubian\/#breadcrumb\"},\"inLanguage\":\"de\",\"potentialAction\":[{\"@type\":\"ReadAction\",\"target\":[\"https:\/\/portdelachaine.geek-tonic.dev\/de\/campingplatz-mit-sonderangeboten-pleubian\/\"]}]},{\"@type\":\"ImageObject\",\"inLanguage\":\"de\",\"@id\":\"https:\/\/portdelachaine.geek-tonic.dev\/de\/campingplatz-mit-sonderangeboten-pleubian\/#primaryimage\",\"url\":\"https:\/\/portdelachaine.geek-tonic.dev\/wp-content\/uploads\/sites\/14\/2024\/02\/camping-pas-cher-paimpol.webp\",\"contentUrl\":\"https:\/\/portdelachaine.geek-tonic.dev\/wp-content\/uploads\/sites\/14\/2024\/02\/camping-pas-cher-paimpol.webp\",\"width\":2000,\"height\":1333,\"caption\":\"camping pas cher paimpol\"},{\"@type\":\"BreadcrumbList\",\"@id\":\"https:\/\/portdelachaine.geek-tonic.dev\/de\/campingplatz-mit-sonderangeboten-pleubian\/#breadcrumb\",\"itemListElement\":[{\"@type\":\"ListItem\",\"position\":1,\"name\":\"Camping dans les C\u00f4tes-d'Armor\",\"item\":\"https:\/\/portdelachaine.geek-tonic.dev\/de\/\"},{\"@type\":\"ListItem\",\"position\":2,\"name\":\"Campingplatz mit Sonderangeboten in der Region C\u00f4tes-d'Armor\"}]},{\"@type\":\"WebSite\",\"@id\":\"https:\/\/portdelachaine.geek-tonic.dev\/de\/#website\",\"url\":\"https:\/\/portdelachaine.geek-tonic.dev\/de\/\",\"name\":\"Camping Le Port de la Cha\u00eene\",\"description\":\"\",\"publisher\":{\"@id\":\"https:\/\/portdelachaine.geek-tonic.dev\/de\/#organization\"},\"potentialAction\":[{\"@type\":\"SearchAction\",\"target\":{\"@type\":\"EntryPoint\",\"urlTemplate\":\"https:\/\/portdelachaine.geek-tonic.dev\/de\/?s={search_term_string}\"},\"query-input\":{\"@type\":\"PropertyValueSpecification\",\"valueRequired\":true,\"valueName\":\"search_term_string\"}}],\"inLanguage\":\"de\"},{\"@type\":\"Organization\",\"@id\":\"https:\/\/portdelachaine.geek-tonic.dev\/de\/#organization\",\"name\":\"Camping Le Port de la Cha\u00eene\",\"url\":\"https:\/\/portdelachaine.geek-tonic.dev\/de\/\",\"logo\":{\"@type\":\"ImageObject\",\"inLanguage\":\"de\",\"@id\":\"https:\/\/portdelachaine.geek-tonic.dev\/de\/#\/schema\/logo\/image\/\",\"url\":\"https:\/\/portdelachaine.geek-tonic.dev\/wp-content\/uploads\/sites\/14\/2024\/02\/cropped-logo-Flower-camping-Le-Port-de-la-Chaine.png\",\"contentUrl\":\"https:\/\/portdelachaine.geek-tonic.dev\/wp-content\/uploads\/sites\/14\/2024\/02\/cropped-logo-Flower-camping-Le-Port-de-la-Chaine.png\",\"width\":500,\"height\":660,\"caption\":\"Camping Le Port de la Cha\u00eene\"},\"image\":{\"@id\":\"https:\/\/portdelachaine.geek-tonic.dev\/de\/#\/schema\/logo\/image\/\"}}]}<\/script>\n<!-- \/ Yoast SEO plugin. -->","yoast_head_json":{"title":"Campingplatz mit Sonderangeboten in der N\u00e4he von Paimpol, C\u00f4tes-d'Armor","description":"Genie\u00dfen Sie einen Campingurlaub zum besten Preis in der N\u00e4he von Paimpol, im Departement C\u00f4tes-d'Armor.","robots":{"index":"noindex","follow":"follow","max-snippet":"max-snippet:-1","max-image-preview":"max-image-preview:large","max-video-preview":"max-video-preview:-1"},"og_locale":"de_DE","og_type":"article","og_title":"Campingplatz mit Sonderangeboten in der N\u00e4he von Paimpol, C\u00f4tes-d'Armor","og_description":"Genie\u00dfen Sie einen Campingurlaub zum besten Preis in der N\u00e4he von Paimpol, im Departement C\u00f4tes-d'Armor.","og_url":"https:\/\/portdelachaine.geek-tonic.dev\/de\/campingplatz-mit-sonderangeboten-pleubian\/","og_site_name":"Camping Le Port de la Cha\u00eene","article_modified_time":"2024-06-24T09:16:07+00:00","og_image":[{"width":2000,"height":1333,"url":"https:\/\/portdelachaine.geek-tonic.dev\/wp-content\/uploads\/sites\/14\/2024\/02\/camping-pas-cher-paimpol.webp","type":"image\/webp"}],"twitter_card":"summary_large_image","twitter_misc":{"Gesch\u00e4tzte Lesezeit":"2\u00a0Minuten"},"schema":{"@context":"https:\/\/schema.org","@graph":[{"@type":"WebPage","@id":"https:\/\/portdelachaine.geek-tonic.dev\/de\/campingplatz-mit-sonderangeboten-pleubian\/","url":"https:\/\/portdelachaine.geek-tonic.dev\/de\/campingplatz-mit-sonderangeboten-pleubian\/","name":"Campingplatz mit Sonderangeboten in der N\u00e4he von Paimpol, C\u00f4tes-d'Armor","isPartOf":{"@id":"https:\/\/portdelachaine.geek-tonic.dev\/de\/#website"},"primaryImageOfPage":{"@id":"https:\/\/portdelachaine.geek-tonic.dev\/de\/campingplatz-mit-sonderangeboten-pleubian\/#primaryimage"},"image":{"@id":"https:\/\/portdelachaine.geek-tonic.dev\/de\/campingplatz-mit-sonderangeboten-pleubian\/#primaryimage"},"thumbnailUrl":"https:\/\/portdelachaine.geek-tonic.dev\/wp-content\/uploads\/sites\/14\/2024\/02\/camping-pas-cher-paimpol.webp","datePublished":"2024-01-03T14:37:13+00:00","dateModified":"2024-06-24T09:16:07+00:00","description":"Genie\u00dfen Sie einen Campingurlaub zum besten Preis in der N\u00e4he von Paimpol, im Departement C\u00f4tes-d'Armor.","breadcrumb":{"@id":"https:\/\/portdelachaine.geek-tonic.dev\/de\/campingplatz-mit-sonderangeboten-pleubian\/#breadcrumb"},"inLanguage":"de","potentialAction":[{"@type":"ReadAction","target":["https:\/\/portdelachaine.geek-tonic.dev\/de\/campingplatz-mit-sonderangeboten-pleubian\/"]}]},{"@type":"ImageObject","inLanguage":"de","@id":"https:\/\/portdelachaine.geek-tonic.dev\/de\/campingplatz-mit-sonderangeboten-pleubian\/#primaryimage","url":"https:\/\/portdelachaine.geek-tonic.dev\/wp-content\/uploads\/sites\/14\/2024\/02\/camping-pas-cher-paimpol.webp","contentUrl":"https:\/\/portdelachaine.geek-tonic.dev\/wp-content\/uploads\/sites\/14\/2024\/02\/camping-pas-cher-paimpol.webp","width":2000,"height":1333,"caption":"camping pas cher paimpol"},{"@type":"BreadcrumbList","@id":"https:\/\/portdelachaine.geek-tonic.dev\/de\/campingplatz-mit-sonderangeboten-pleubian\/#breadcrumb","itemListElement":[{"@type":"ListItem","position":1,"name":"Camping dans les C\u00f4tes-d'Armor","item":"https:\/\/portdelachaine.geek-tonic.dev\/de\/"},{"@type":"ListItem","position":2,"name":"Campingplatz mit Sonderangeboten in der Region C\u00f4tes-d'Armor"}]},{"@type":"WebSite","@id":"https:\/\/portdelachaine.geek-tonic.dev\/de\/#website","url":"https:\/\/portdelachaine.geek-tonic.dev\/de\/","name":"Camping Le Port de la Cha\u00eene","description":"","publisher":{"@id":"https:\/\/portdelachaine.geek-tonic.dev\/de\/#organization"},"potentialAction":[{"@type":"SearchAction","target":{"@type":"EntryPoint","urlTemplate":"https:\/\/portdelachaine.geek-tonic.dev\/de\/?s={search_term_string}"},"query-input":{"@type":"PropertyValueSpecification","valueRequired":true,"valueName":"search_term_string"}}],"inLanguage":"de"},{"@type":"Organization","@id":"https:\/\/portdelachaine.geek-tonic.dev\/de\/#organization","name":"Camping Le Port de la Cha\u00eene","url":"https:\/\/portdelachaine.geek-tonic.dev\/de\/","logo":{"@type":"ImageObject","inLanguage":"de","@id":"https:\/\/portdelachaine.geek-tonic.dev\/de\/#\/schema\/logo\/image\/","url":"https:\/\/portdelachaine.geek-tonic.dev\/wp-content\/uploads\/sites\/14\/2024\/02\/cropped-logo-Flower-camping-Le-Port-de-la-Chaine.png","contentUrl":"https:\/\/portdelachaine.geek-tonic.dev\/wp-content\/uploads\/sites\/14\/2024\/02\/cropped-logo-Flower-camping-Le-Port-de-la-Chaine.png","width":500,"height":660,"caption":"Camping Le Port de la Cha\u00eene"},"image":{"@id":"https:\/\/portdelachaine.geek-tonic.dev\/de\/#\/schema\/logo\/image\/"}}]}},"_links":{"self":[{"href":"https:\/\/portdelachaine.geek-tonic.dev\/de\/wp-json\/wp\/v2\/pages\/1230","targetHints":{"allow":["GET"]}}],"collection":[{"href":"https:\/\/portdelachaine.geek-tonic.dev\/de\/wp-json\/wp\/v2\/pages"}],"about":[{"href":"https:\/\/portdelachaine.geek-tonic.dev\/de\/wp-json\/wp\/v2\/types\/page"}],"author":[{"embeddable":true,"href":"https:\/\/portdelachaine.geek-tonic.dev\/de\/wp-json\/wp\/v2\/users\/1"}],"replies":[{"embeddable":true,"href":"https:\/\/portdelachaine.geek-tonic.dev\/de\/wp-json\/wp\/v2\/comments?post=1230"}],"version-history":[{"count":2,"href":"https:\/\/portdelachaine.geek-tonic.dev\/de\/wp-json\/wp\/v2\/pages\/1230\/revisions"}],"predecessor-version":[{"id":1776,"href":"https:\/\/portdelachaine.geek-tonic.dev\/de\/wp-json\/wp\/v2\/pages\/1230\/revisions\/1776"}],"wp:featuredmedia":[{"embeddable":true,"href":"https:\/\/portdelachaine.geek-tonic.dev\/de\/wp-json\/wp\/v2\/media\/1234"}],"wp:attachment":[{"href":"https:\/\/portdelachaine.geek-tonic.dev\/de\/wp-json\/wp\/v2\/media?parent=1230"}],"wp:term":[{"taxonomy":"sujet","embeddable":true,"href":"https:\/\/portdelachaine.geek-tonic.dev\/de\/wp-json\/wp\/v2\/sujet?post=1230"}],"curies":[{"name":"wp","href":"https:\/\/api.w.org\/{rel}","templated":true}]}}